{"id":829531,"date":"2026-04-12T16:58:17","date_gmt":"2026-04-12T14:58:17","guid":{"rendered":"https:\/\/lucacastelli.com\/prodotto\/la-sportiva-prodigio-pro-2\/"},"modified":"2026-04-12T16:58:17","modified_gmt":"2026-04-12T14:58:17","slug":"la-sportiva-prodigio-pro-2","status":"publish","type":"product","link":"https:\/\/lucacastelli.com\/de\/produkt\/la-sportiva-prodigio-pro-2\/","title":{"rendered":"La Sportiva Prodigio Pro"},"content":{"rendered":"<p>Entwickelt f\u00fcr Ultramarathonl\u00e4ufer und Trailrunner, die neue Rekorde brechen wollen: Die Laufschuhe Prodigio Pro sind mit XFlow Speed\u2122-Zwischensohle gefertigt. Wenn Sie einen pr\u00e4zisen und reaktionsfreudigen Schuh f\u00fcr Wettk\u00e4mpfe und Training suchen, ist der Prodigio Pro genau das Richtige f\u00fcr Sie. <\/p>\n<p>Entwickelt f\u00fcr Ultramarathonl\u00e4ufer und Trailrunner, die neue Rekorde brechen wollen: Die Laufschuhe Prodigio Pro sind mit XFlow Speed\u2122-Zwischensohle gefertigt, die den Rebound verbessert und St\u00f6sse absorbiert, wodurch Ihre Kraft bei jedem Schritt erh\u00f6ht wird. Die innovative Power Wire Technologie mit Wrapping System verbessert Passform, Stabilit\u00e4t und Kraft\u00fcbertragung, um Ihnen den n\u00f6tigen Schub auf langen Distanzen zu geben. Zudem umschliesst und st\u00fctzt der Mesh-Kragen den Kn\u00f6chel und verhindert das Eindringen von Steinchen. F\u00fcr mehr Sicherheit und Stabilit\u00e4t bei schwierigen Querungen haben wir einen Gummischutz im Mittelfussbereich hinzugef\u00fcgt: Diese seitlichen Eins\u00e4tze sch\u00fctzen den Mittelfuss, sodass Sie auch unwegsamstes Gel\u00e4nde ohne Bedenken bew\u00e4ltigen k\u00f6nnen. Wenn Sie einen pr\u00e4zisen und reaktionsfreudigen Schuh f\u00fcr Wettk\u00e4mpfe und Training suchen, ist der Prodigio Pro genau das Richtige f\u00fcr Sie.    <\/p>\n<p>&nbsp;<\/p>\n<p>Obermaterial: Power Wire (Technologie mit TPU-verschmolzenen Garnen) + Wrapping System<br \/>\nFutter: 3D-Mesh<br \/>\nZwischensohle: XFlow Speed\u2122 + XFlow\u2122-Schutzschicht<br \/>\nAussensohle: FriXion\u00ae White Sohle f\u00fcr zuverl\u00e4ssigen Grip auf allen Untergr\u00fcnden<br \/>\nEinlegesohle: XFlow 5 mm mit superkritischem Schaum aus 100 % recyceltem TPU<br \/>\nSohlenh\u00f6he (mm) &#8211; Ferse: 34<br \/>\nSohlenh\u00f6he (mm) &#8211; Vorfuss: 28<br \/>\nSprengung (mm): 6<br \/>\nProfil-H\u00f6he (mm): 4<br \/>\nBreite Passform: Nein<\/p>\n<p>+ FriXion White Sohle f\u00fcr maximalen Grip auf allen Untergr\u00fcnden<br \/>\n+ XFlow Speed\u2122-Zwischensohle und XFlow Speed\u2122-Schutzschicht f\u00fcr verbesserten Rebound und Stossabsorption<br \/>\n+ XFlow 5 mm Einlegesohle zur Optimierung der Energier\u00fcckgabe und Geschwindigkeit auf Trails<br \/>\n+ Mesh-Kragen zur Verhinderung des Eindringens von Schmutz<br \/>\n+ 3D-Mesh-Futter f\u00fcr verbesserten Komfort und Atmungsaktivit\u00e4t<br \/>\n+ Wrapping System f\u00fcr perfekte Umschliessung des Fusses<br \/>\n+ Obermaterial mit Power Wire Technologie f\u00fcr pr\u00e4zise Passform, die den Fuss st\u00fctzt und den Vortrieb optimiert<br \/>\n+ Mittelfuss-Schutz aus Gummi zur Stabilisierung des Fusses an den Druckpunkten des Mittelfusses<\/p>\n<p>&nbsp;<\/p>\n<p>&nbsp;<\/p>\n","protected":false},"excerpt":{"rendered":"<p>Entwickelt f\u00fcr Ultramarathonl\u00e4ufer und Trailrunner, die neue Rekorde brechen wollen: Die Laufschuhe Prodigio Pro sind mit XFlow Speed\u2122-Zwischensohle gefertigt. Wenn<\/p>\n","protected":false},"featured_media":829413,"template":"","meta":{"_seopress_robots_primary_cat":"none","_seopress_titles_title":"","_seopress_titles_desc":"","_seopress_robots_index":""},"product_brand":[3649],"product_cat":[1419,1431,175],"product_tag":[],"class_list":{"0":"post-829531","1":"product","2":"type-product","3":"status-publish","4":"has-post-thumbnail","6":"product_brand-la-sportiva-de","7":"product_cat-freizeitschuhe","8":"product_cat-herrenschuhe","9":"product_cat-schuhe","10":"sws-gruppo-abb-libero-de","11":"sws-conto-ricavi-merci-rivendita-abbigliamento-de","12":"sws-gruppo-iva-iva81-de","14":"first","15":"instock","16":"sale","17":"shipping-taxable","18":"purchasable","19":"product-type-variable","20":"has-default-attributes"},"_links":{"self":[{"href":"https:\/\/lucacastelli.com\/de\/wp-json\/wp\/v2\/product\/829531","targetHints":{"allow":["GET"]}}],"collection":[{"href":"https:\/\/lucacastelli.com\/de\/wp-json\/wp\/v2\/product"}],"about":[{"href":"https:\/\/lucacastelli.com\/de\/wp-json\/wp\/v2\/types\/product"}],"wp:featuredmedia":[{"embeddable":true,"href":"https:\/\/lucacastelli.com\/de\/wp-json\/wp\/v2\/media\/829413"}],"wp:attachment":[{"href":"https:\/\/lucacastelli.com\/de\/wp-json\/wp\/v2\/media?parent=829531"}],"wp:term":[{"taxonomy":"product_brand","embeddable":true,"href":"https:\/\/lucacastelli.com\/de\/wp-json\/wp\/v2\/product_brand?post=829531"},{"taxonomy":"product_cat","embeddable":true,"href":"https:\/\/lucacastelli.com\/de\/wp-json\/wp\/v2\/product_cat?post=829531"},{"taxonomy":"product_tag","embeddable":true,"href":"https:\/\/lucacastelli.com\/de\/wp-json\/wp\/v2\/product_tag?post=829531"}],"curies":[{"name":"wp","href":"https:\/\/api.w.org\/{rel}","templated":true}]}}