{"id":829503,"date":"2026-04-12T17:23:31","date_gmt":"2026-04-12T15:23:31","guid":{"rendered":"https:\/\/lucacastelli.com\/prodotto\/la-sportiva-tx4-evo-2\/"},"modified":"2026-04-12T17:23:31","modified_gmt":"2026-04-12T15:23:31","slug":"la-sportiva-tx4-evo-2","status":"publish","type":"product","link":"https:\/\/lucacastelli.com\/de\/produkt\/la-sportiva-tx4-evo-2\/","title":{"rendered":"La Sportiva TX4 Evo"},"content":{"rendered":"<p>Der TX4 Evo ist ein Lederschuh, der entwickelt wurde, um maximale Stabilit\u00e4t und Grip selbst in unwegsamem Gel\u00e4nde zu gew\u00e4hrleisten. Ideal f\u00fcr technische Zustiege und leichte Kletterpassagen, bietet er dank der Obermaterialien und der grossz\u00fcgigen Innenpassform unvergleichlichen Komfort. Die Laufsohle mit Vibram\u00ae MegaGrip-Mischung und patentierter Impact Brake System\u2122-Stollenstruktur sorgt f\u00fcr maximale Stabilit\u00e4t beim Abstieg und perfekte Traktionskontrolle beim Aufstieg. Die breite Climbing Zone an der Spitze garantiert Pr\u00e4zision und hohen Grip beim Klettern und in heiklen Passagen. Die spezielle Zwischensohle mit patentiertem Resole Platform\u2122-Einsatz erm\u00f6glicht die Neubesohlung des TX4 Evo, ohne dessen technische Eigenschaften und Komfort zu beeintr\u00e4chtigen. Die Neubesohlung der eigenen Schuhe verl\u00e4ngert deren Lebenszyklus und vermeidet so Abfall.     <\/p>\n<p>&nbsp;<\/p>\n<p>Wasserdichte Membran: Nein<br \/>\nSohlenh\u00f6he (mm) &#8211; Ferse: 29<br \/>\nSohlenh\u00f6he (mm) &#8211; Vorfuss: 21<br \/>\nSprengung (mm): 8<br \/>\nProfiltiefe (mm): 4<br \/>\nBreite Passform: Nein<br \/>\nEinlegesohle: A001 Ortholite\u00ae Hybrid Approach 4 mm<br \/>\nFutter: Mesh<br \/>\nZwischensohle: Kompressionsgeformtes EVA<br \/>\nPatent: Resole Platform\u2122, Impact Brake System\u2122<br \/>\nSohle: Vibram\u00ae Megagrip mit Impact Brake System\u2122<br \/>\nObermaterial: Veloursleder + Gummischutzrand und Gummizehenkappe<\/p>\n<p>+ Resole Platform\u2122: Die Sohleneinheit ist f\u00fcr eine einfache und schnelle Neubesohlung durch den Austausch der Laufsohle mit Originalkomponenten von La Sportiva konzipiert<br \/>\n+ Schutzgewebe im vorderen medialen Bereich des Keils zum Schutz vor Abrieb<br \/>\n+ Schn\u00fcrsystem aus dem Klettersport f\u00fcr eine optimale Volumenregulierung<\/p>\n","protected":false},"excerpt":{"rendered":"<p>Der TX4 Evo ist ein Lederschuh, der entwickelt wurde, um maximale Stabilit\u00e4t und Grip selbst in unwegsamem Gel\u00e4nde zu gew\u00e4hrleisten.<\/p>\n","protected":false},"featured_media":829509,"template":"","meta":{"_seopress_robots_primary_cat":"none","_seopress_titles_title":"","_seopress_titles_desc":"","_seopress_robots_index":""},"product_brand":[3649],"product_cat":[1419,1431,175],"product_tag":[],"class_list":{"0":"post-829503","1":"product","2":"type-product","3":"status-publish","4":"has-post-thumbnail","6":"product_brand-la-sportiva-de","7":"product_cat-freizeitschuhe","8":"product_cat-herrenschuhe","9":"product_cat-schuhe","10":"sws-gruppo-abb-libero-de","11":"sws-conto-ricavi-merci-rivendita-abbigliamento-de","12":"sws-gruppo-iva-iva81-de","14":"first","15":"instock","16":"sale","17":"shipping-taxable","18":"purchasable","19":"product-type-variable","20":"has-default-attributes"},"_links":{"self":[{"href":"https:\/\/lucacastelli.com\/de\/wp-json\/wp\/v2\/product\/829503","targetHints":{"allow":["GET"]}}],"collection":[{"href":"https:\/\/lucacastelli.com\/de\/wp-json\/wp\/v2\/product"}],"about":[{"href":"https:\/\/lucacastelli.com\/de\/wp-json\/wp\/v2\/types\/product"}],"wp:featuredmedia":[{"embeddable":true,"href":"https:\/\/lucacastelli.com\/de\/wp-json\/wp\/v2\/media\/829509"}],"wp:attachment":[{"href":"https:\/\/lucacastelli.com\/de\/wp-json\/wp\/v2\/media?parent=829503"}],"wp:term":[{"taxonomy":"product_brand","embeddable":true,"href":"https:\/\/lucacastelli.com\/de\/wp-json\/wp\/v2\/product_brand?post=829503"},{"taxonomy":"product_cat","embeddable":true,"href":"https:\/\/lucacastelli.com\/de\/wp-json\/wp\/v2\/product_cat?post=829503"},{"taxonomy":"product_tag","embeddable":true,"href":"https:\/\/lucacastelli.com\/de\/wp-json\/wp\/v2\/product_tag?post=829503"}],"curies":[{"name":"wp","href":"https:\/\/api.w.org\/{rel}","templated":true}]}}