{"id":829332,"date":"2026-04-12T15:55:18","date_gmt":"2026-04-12T13:55:18","guid":{"rendered":"https:\/\/lucacastelli.com\/?post_type=product&#038;p=829332"},"modified":"2026-04-12T16:05:01","modified_gmt":"2026-04-12T14:05:01","slug":"das-sportliche-wunderkind-copia","status":"publish","type":"product","link":"https:\/\/lucacastelli.com\/de\/produkt\/das-sportliche-wunderkind-copia\/","title":{"rendered":"LA SPORTIVA PRODIGIO WOMAN"},"content":{"rendered":"<p>Revolution\u00e4res Produkt von La Sportiva f\u00fcr die Ultra-Trail-Welt. Neuer XFLow\u2122-Schaumstoff, entwickelt f\u00fcr maximale D\u00e4mpfung und Energier\u00fcckgabe Kilometer f\u00fcr Kilometer. Jedes Detail wurde konzipiert, um den Anforderungen anspruchsvollster Ultra-L\u00e4ufer gerecht zu werden: Die breite Zehenbox und das atmungsaktive Obermaterial bieten Komfort auch nach vielen Laufstunden, die Wrapping-System-Konstruktion und die perfekte Fersenergonomie gew\u00e4hrleisten Stabilit\u00e4t und Schutz, w\u00e4hrend die Rocker-Geometrie einen flie\u00dfenden und progressiven Laufstil auf jedem Gel\u00e4nde erm\u00f6glicht.<\/p>\n<p>Futter: Abriebfestes Mesh aus recyceltem Material<br \/>\nObermaterial: HT Light Mesh + Wrapping Footcage<br \/>\nGewicht: 270 g 1\/2 PAAR<br \/>\nSohle: Bi-Mischung FriXion\u00ae Red<\/p>\n","protected":false},"excerpt":{"rendered":"<p>Revolution\u00e4res Produkt von La Sportiva f\u00fcr die Ultra-Trail-Welt. Neuer XFLow\u2122-Schaumstoff, entwickelt f\u00fcr maximale D\u00e4mpfung und Energier\u00fcckgabe Kilometer f\u00fcr Kilometer. Jedes<\/p>\n","protected":false},"featured_media":829351,"template":"","meta":{"_seopress_robots_primary_cat":"none","_seopress_titles_title":"","_seopress_titles_desc":"","_seopress_robots_index":""},"product_brand":[3649],"product_cat":[1430,1419,175],"product_tag":[],"class_list":{"0":"post-829332","1":"product","2":"type-product","3":"status-publish","4":"has-post-thumbnail","6":"product_brand-la-sportiva-de","7":"product_cat-damen-schuhe","8":"product_cat-freizeitschuhe","9":"product_cat-schuhe","10":"sws-gruppo-abb-libero-de","11":"sws-conto-ricavi-merci-rivendita-abbigliamento-de","12":"sws-gruppo-iva-iva81-de","14":"first","15":"instock","16":"sale","17":"shipping-taxable","18":"purchasable","19":"product-type-variable","20":"has-default-attributes"},"_links":{"self":[{"href":"https:\/\/lucacastelli.com\/de\/wp-json\/wp\/v2\/product\/829332","targetHints":{"allow":["GET"]}}],"collection":[{"href":"https:\/\/lucacastelli.com\/de\/wp-json\/wp\/v2\/product"}],"about":[{"href":"https:\/\/lucacastelli.com\/de\/wp-json\/wp\/v2\/types\/product"}],"wp:featuredmedia":[{"embeddable":true,"href":"https:\/\/lucacastelli.com\/de\/wp-json\/wp\/v2\/media\/829351"}],"wp:attachment":[{"href":"https:\/\/lucacastelli.com\/de\/wp-json\/wp\/v2\/media?parent=829332"}],"wp:term":[{"taxonomy":"product_brand","embeddable":true,"href":"https:\/\/lucacastelli.com\/de\/wp-json\/wp\/v2\/product_brand?post=829332"},{"taxonomy":"product_cat","embeddable":true,"href":"https:\/\/lucacastelli.com\/de\/wp-json\/wp\/v2\/product_cat?post=829332"},{"taxonomy":"product_tag","embeddable":true,"href":"https:\/\/lucacastelli.com\/de\/wp-json\/wp\/v2\/product_tag?post=829332"}],"curies":[{"name":"wp","href":"https:\/\/api.w.org\/{rel}","templated":true}]}}