{"id":829213,"date":"2026-04-12T14:57:02","date_gmt":"2026-04-12T12:57:02","guid":{"rendered":"https:\/\/lucacastelli.com\/?post_type=product&#038;p=829213"},"modified":"2026-04-12T15:16:34","modified_gmt":"2026-04-12T13:16:34","slug":"la-sportiva-prodigio-copia","status":"publish","type":"product","link":"https:\/\/lucacastelli.com\/de\/produkt\/la-sportiva-prodigio-copia\/","title":{"rendered":"La Sportiva Prodigio"},"content":{"rendered":"<p>Ein revolution\u00e4res Produkt f\u00fcr die Ultra-Trail-Welt von La Sportiva. Der neue XFlow\u2122-Schaum wurde entwickelt, um maximale D\u00e4mpfung und Energier\u00fcckgabe Kilometer f\u00fcr Kilometer zu gew\u00e4hrleisten. Jedes Detail wurde durchdacht, um den Anforderungen anspruchsvollster L\u00e4ufer gerecht zu werden: Die breite Zehenbox und das atmungsaktive Obermaterial sorgen auch nach mehreren Stunden Laufzeit f\u00fcr Komfort, w\u00e4hrend das Wrapping System und die perfekte Fersenergonomie Stabilit\u00e4t und Schutz garantieren.  <\/p>\n<p>Technische Informationen<\/p>\n<p>D\u00e4mpfung: 10<br \/>\nVORFUSS: 28 mm<br \/>\nSTOLLENH\u00d6HE: 3,5 mm<br \/>\nFerse: 34 mm<br \/>\nSprengung: 6 mm<\/p>\n<p>&nbsp;<\/p>\n<p>+ XFlow\u2122-Zwischensohle, superkritischer Schaumstoff mit extrem d\u00e4mpfender Wirkung und elastischer Energier\u00fcckgabe.<br \/>\n+ Abrollverhalten und Stabilit\u00e4t werden durch den Progressive Rocker und die breite Basis beg\u00fcnstigt<br \/>\n+ Wrapping System Konstruktion, die den Fuss angenehm umschliesst und fixiert, um ein Verrutschen im Schuh zu verhindern<br \/>\n+ Obermaterial aus atmungsaktivem Mesh f\u00fcr schnelles Trocknen und zur Vermeidung von \u00dcberhitzung des Fusses<\/p>\n","protected":false},"excerpt":{"rendered":"<p>Ein revolution\u00e4res Produkt f\u00fcr die Ultra-Trail-Welt von La Sportiva. Der neue XFlow\u2122-Schaum wurde entwickelt, um maximale D\u00e4mpfung und Energier\u00fcckgabe Kilometer<\/p>\n","protected":false},"featured_media":829274,"template":"","meta":{"_seopress_robots_primary_cat":"none","_seopress_titles_title":"","_seopress_titles_desc":"","_seopress_robots_index":""},"product_brand":[3649],"product_cat":[1419,1431,175],"product_tag":[],"class_list":{"0":"post-829213","1":"product","2":"type-product","3":"status-publish","4":"has-post-thumbnail","6":"product_brand-la-sportiva-de","7":"product_cat-freizeitschuhe","8":"product_cat-herrenschuhe","9":"product_cat-schuhe","10":"sws-gruppo-abb-libero-de","11":"sws-conto-ricavi-merci-rivendita-abbigliamento-de","12":"sws-gruppo-iva-iva81-de","14":"first","15":"instock","16":"sale","17":"shipping-taxable","18":"purchasable","19":"product-type-variable","20":"has-default-attributes"},"_links":{"self":[{"href":"https:\/\/lucacastelli.com\/de\/wp-json\/wp\/v2\/product\/829213","targetHints":{"allow":["GET"]}}],"collection":[{"href":"https:\/\/lucacastelli.com\/de\/wp-json\/wp\/v2\/product"}],"about":[{"href":"https:\/\/lucacastelli.com\/de\/wp-json\/wp\/v2\/types\/product"}],"wp:featuredmedia":[{"embeddable":true,"href":"https:\/\/lucacastelli.com\/de\/wp-json\/wp\/v2\/media\/829274"}],"wp:attachment":[{"href":"https:\/\/lucacastelli.com\/de\/wp-json\/wp\/v2\/media?parent=829213"}],"wp:term":[{"taxonomy":"product_brand","embeddable":true,"href":"https:\/\/lucacastelli.com\/de\/wp-json\/wp\/v2\/product_brand?post=829213"},{"taxonomy":"product_cat","embeddable":true,"href":"https:\/\/lucacastelli.com\/de\/wp-json\/wp\/v2\/product_cat?post=829213"},{"taxonomy":"product_tag","embeddable":true,"href":"https:\/\/lucacastelli.com\/de\/wp-json\/wp\/v2\/product_tag?post=829213"}],"curies":[{"name":"wp","href":"https:\/\/api.w.org\/{rel}","templated":true}]}}