{"id":829072,"date":"2026-04-12T14:19:21","date_gmt":"2026-04-12T12:19:21","guid":{"rendered":"https:\/\/lucacastelli.com\/prodotto\/la-sportiva-ultra-raptor-ii-woman-gtx\/"},"modified":"2026-04-12T14:19:21","modified_gmt":"2026-04-12T12:19:21","slug":"la-sportiva-ultra-raptor-ii-woman-gtx","status":"publish","type":"product","link":"https:\/\/lucacastelli.com\/de\/produkt\/la-sportiva-ultra-raptor-ii-woman-gtx\/","title":{"rendered":"LA SPORTIVA Ultra Raptor II Woman GTX"},"content":{"rendered":"<p>Damenversion des \u00e4sthetisch \u00fcberarbeiteten Modells mit GORE-TEX Extended Comfort Membran des bekannten Ultra Raptor, ein Mountain-Hiking-Schuh f\u00fcr lange Off-Road-Strecken auch in den Wintermonaten. Das Futter mit GORE-TEX-Membran l\u00e4sst Schweiss entweichen, verhindert aber das Eindringen von Wasser und macht ihn ideal f\u00fcr Winterl\u00e4ufe. Die stabilisierende Fersenkappe erm\u00f6glicht perfekte Kontrolle bei Querungen. Das Schn\u00fcrsystem ist \u00fcber gen\u00e4hte Schlaufen am elastischen Innenmaterial und Hochfrequenzverst\u00e4rkungen am Aussenmesh in den Schaft integriert: Dieses System verteilt die Schn\u00fcrspannung \u00fcber den gesamten Schaft und umschliesst den Fuss optimal f\u00fcr perfekten Tragekomfort. Ultra Raptor II GTX ist auch in einer Comfort-Wide-Fit-Version f\u00fcr Wanderer mit breitem Fuss erh\u00e4ltlich. Das Ergebnis ist ein technischer und leichter Schuh, der viele Stunden am St\u00fcck getragen werden kann und f\u00fcr Off-Road-Eins\u00e4tze auf jedem Gel\u00e4nde geeignet ist.     <\/p>\n<p>&nbsp;<\/p>\n<p>Wasserdichte Membran: GORE-TEX Extended Comfort<br \/>\nSohlenh\u00f6he (mm) &#8211; Ferse: 27<br \/>\nSohlenh\u00f6he (mm) &#8211; Vorfuss: 16<br \/>\nSprengung (mm): 11<br \/>\nProfilh\u00f6he (mm): 6<br \/>\nBreite Passform: Nein<\/p>\n<p>&nbsp;<\/p>\n<p>+ Wasserdichtes und atmungsaktives Innenfutter mit GORE-TEX Extended Comfort Membran<br \/>\n+ Stabilisierende Fersenkappe f\u00fcr perfekte Kontrolle bei Querungen<br \/>\n+ FriXion\u00ae White Sohle mit ausgepr\u00e4gtem Trail Bite Heel Absatz f\u00fcr bessere Bremswirkung bergab<br \/>\n+ Perfekte Volumenanpassung und Fussumschliessung dank speziellem Schn\u00fcrsystem: Die Schlaufen sind auf der Innenseite des Schafts aufgen\u00e4ht und auf der Aussenseite mit Hochfrequenz-Verst\u00e4rkungen versehen: Dieses System erm\u00f6glicht eine gleichm\u00e4ssige Verteilung der Schn\u00fcrspannung \u00fcber den gesamten Schaft<\/p>\n","protected":false},"excerpt":{"rendered":"<p>Damenversion des \u00e4sthetisch \u00fcberarbeiteten Modells mit GORE-TEX Extended Comfort Membran des bekannten Ultra Raptor, ein Mountain-Hiking-Schuh f\u00fcr lange Off-Road-Strecken auch<\/p>\n","protected":false},"featured_media":829053,"template":"","meta":{"_seopress_robots_primary_cat":"","_seopress_titles_title":"","_seopress_titles_desc":"","_seopress_robots_index":""},"product_brand":[3649],"product_cat":[1430,1419,175],"product_tag":[],"class_list":{"0":"post-829072","1":"product","2":"type-product","3":"status-publish","4":"has-post-thumbnail","6":"product_brand-la-sportiva-de","7":"product_cat-damen-schuhe","8":"product_cat-freizeitschuhe","9":"product_cat-schuhe","10":"sws-gruppo-abb-libero-de","11":"sws-conto-ricavi-merci-rivendita-abbigliamento-de","12":"sws-gruppo-iva-iva81-de","14":"first","15":"instock","16":"sale","17":"shipping-taxable","18":"purchasable","19":"product-type-variable","20":"has-default-attributes"},"_links":{"self":[{"href":"https:\/\/lucacastelli.com\/de\/wp-json\/wp\/v2\/product\/829072","targetHints":{"allow":["GET"]}}],"collection":[{"href":"https:\/\/lucacastelli.com\/de\/wp-json\/wp\/v2\/product"}],"about":[{"href":"https:\/\/lucacastelli.com\/de\/wp-json\/wp\/v2\/types\/product"}],"wp:featuredmedia":[{"embeddable":true,"href":"https:\/\/lucacastelli.com\/de\/wp-json\/wp\/v2\/media\/829053"}],"wp:attachment":[{"href":"https:\/\/lucacastelli.com\/de\/wp-json\/wp\/v2\/media?parent=829072"}],"wp:term":[{"taxonomy":"product_brand","embeddable":true,"href":"https:\/\/lucacastelli.com\/de\/wp-json\/wp\/v2\/product_brand?post=829072"},{"taxonomy":"product_cat","embeddable":true,"href":"https:\/\/lucacastelli.com\/de\/wp-json\/wp\/v2\/product_cat?post=829072"},{"taxonomy":"product_tag","embeddable":true,"href":"https:\/\/lucacastelli.com\/de\/wp-json\/wp\/v2\/product_tag?post=829072"}],"curies":[{"name":"wp","href":"https:\/\/api.w.org\/{rel}","templated":true}]}}