{"id":828936,"date":"2026-04-12T12:34:16","date_gmt":"2026-04-12T10:34:16","guid":{"rendered":"https:\/\/lucacastelli.com\/prodotto\/la-sportiva-ultra-raptor-ii-gtx-2\/"},"modified":"2026-04-12T12:34:16","modified_gmt":"2026-04-12T10:34:16","slug":"la-sportiva-ultra-raptor-ii-gtx-2","status":"publish","type":"product","link":"https:\/\/lucacastelli.com\/de\/produkt\/la-sportiva-ultra-raptor-ii-gtx-2\/","title":{"rendered":"La Sportiva Ultra Raptor II GTX"},"content":{"rendered":"<div class=\"row viewport_pdp\">\n<div class=\"col-md-5\">\n<div class=\"product-info-main\">\n<div class=\"product attribute overview\">\n<div class=\"value\">\n<p class=\"product-short-description\">\u00c4sthetische Neuauflage mit GORE-TEX Extended Comfort Membran des bekannten Modells Ultra Raptor, ein Mountain-Hiking-Schuh f\u00fcr Off-Road-Langstrecken auch in den Wintermonaten. Das Innenfutter mit GORE-TEX-Membran l\u00e4sst Schweiss entweichen, verhindert aber das Eindringen von Wasser und macht ihn ideal f\u00fcr Winterl\u00e4ufe. Die stabilisierende Fersenkappe erm\u00f6glicht perfekte Kontrolle bei Querungen. Das Schn\u00fcrsystem ist mittels auf dem elastischen Innenmaterial aufgen\u00e4hten Schlaufen und Hochfrequenzverst\u00e4rkungen auf dem \u00e4usseren Mesh in den Schaft integriert: Dieses System erm\u00f6glicht eine gleichm\u00e4ssige Verteilung der Schn\u00fcrspannung \u00fcber den gesamten Schaft und umschliesst den Fuss optimal f\u00fcr perfekten Tragekomfort. Ultra Raptor II GTX ist auch in einer Comfort-Wide-Fit-Version f\u00fcr Wanderer mit breitem Fuss erh\u00e4ltlich. Das Ergebnis ist ein technischer und leichter Schuh, der viele Stunden am St\u00fcck getragen werden kann und f\u00fcr Off-Road-Eins\u00e4tze auf jedem Gel\u00e4nde geeignet ist. Raptorize yourself, again.      <\/p>\n<\/div>\n<\/div>\n<\/div>\n<\/div>\n<\/div>\n<div class=\"row justify-content-center product-details\">Wasserdichte Membran: GORE-TEX Extended Comfort<br \/>\nSohlenh\u00f6he (mm) &#8211; Ferse: 27<br \/>\nSohlenh\u00f6he (mm) &#8211; Vorfuss: 16<br \/>\nSprengung (mm): 11<br \/>\nProfilh\u00f6he (mm): 6<br \/>\nBreite Passform: Nein<\/div>\n<div><\/div>\n<div>+ Wasserdichtes und atmungsaktives Innenfutter mit GORE-TEX Extended Comfort Membran<br \/>\n+ Stabilisierende Fersenkappe f\u00fcr perfekte Kontrolle bei Querungen<br \/>\n+ FriXion\u00ae White Sohle mit ausgepr\u00e4gtem Trail Bite Heel Absatz f\u00fcr besseres Bremsen bergab<br \/>\n+ Perfekte Volumenanpassung und Fussumschliessung dank speziellem Schn\u00fcrsystem: Die Schlaufen sind auf der Innenseite des Schafts aufgen\u00e4ht und auf der Aussenseite mit Hochfrequenzverst\u00e4rkungen verst\u00e4rkt: Dieses System erm\u00f6glicht eine gleichm\u00e4ssige Verteilung der Schn\u00fcrspannung \u00fcber den gesamten Schaft<\/div>\n","protected":false},"excerpt":{"rendered":"<p>\u00c4sthetische Neuauflage mit GORE-TEX Extended Comfort Membran des bekannten Modells Ultra Raptor, ein Mountain-Hiking-Schuh f\u00fcr Off-Road-Langstrecken auch in den Wintermonaten.<\/p>\n","protected":false},"featured_media":828824,"template":"","meta":{"_seopress_robots_primary_cat":"none","_seopress_titles_title":"","_seopress_titles_desc":"","_seopress_robots_index":""},"product_brand":[3649],"product_cat":[1419,1431,175],"product_tag":[],"class_list":{"0":"post-828936","1":"product","2":"type-product","3":"status-publish","4":"has-post-thumbnail","6":"product_brand-la-sportiva-de","7":"product_cat-freizeitschuhe","8":"product_cat-herrenschuhe","9":"product_cat-schuhe","10":"sws-gruppo-abb-libero-de","11":"sws-conto-ricavi-merci-rivendita-abbigliamento-de","12":"sws-gruppo-iva-iva81-de","14":"first","15":"instock","16":"sale","17":"shipping-taxable","18":"purchasable","19":"product-type-variable","20":"has-default-attributes"},"_links":{"self":[{"href":"https:\/\/lucacastelli.com\/de\/wp-json\/wp\/v2\/product\/828936","targetHints":{"allow":["GET"]}}],"collection":[{"href":"https:\/\/lucacastelli.com\/de\/wp-json\/wp\/v2\/product"}],"about":[{"href":"https:\/\/lucacastelli.com\/de\/wp-json\/wp\/v2\/types\/product"}],"wp:featuredmedia":[{"embeddable":true,"href":"https:\/\/lucacastelli.com\/de\/wp-json\/wp\/v2\/media\/828824"}],"wp:attachment":[{"href":"https:\/\/lucacastelli.com\/de\/wp-json\/wp\/v2\/media?parent=828936"}],"wp:term":[{"taxonomy":"product_brand","embeddable":true,"href":"https:\/\/lucacastelli.com\/de\/wp-json\/wp\/v2\/product_brand?post=828936"},{"taxonomy":"product_cat","embeddable":true,"href":"https:\/\/lucacastelli.com\/de\/wp-json\/wp\/v2\/product_cat?post=828936"},{"taxonomy":"product_tag","embeddable":true,"href":"https:\/\/lucacastelli.com\/de\/wp-json\/wp\/v2\/product_tag?post=828936"}],"curies":[{"name":"wp","href":"https:\/\/api.w.org\/{rel}","templated":true}]}}