{"id":828890,"date":"2026-04-12T12:34:28","date_gmt":"2026-04-12T10:34:28","guid":{"rendered":"https:\/\/lucacastelli.com\/prodotto\/la-sportiva-ultra-raptor-ii-gtx\/"},"modified":"2026-04-12T12:34:28","modified_gmt":"2026-04-12T10:34:28","slug":"la-sportiva-ultra-raptor-ii-gtx","status":"publish","type":"product","link":"https:\/\/lucacastelli.com\/de\/produkt\/la-sportiva-ultra-raptor-ii-gtx\/","title":{"rendered":"La Sportiva Ultra Raptor II GTX"},"content":{"rendered":"<div class=\"row viewport_pdp\">\n<div class=\"col-md-5\">\n<div class=\"product-info-main\">\n<div class=\"product attribute overview\">\n<div class=\"value\">\n<p class=\"product-short-description\">\u00c4sthetische Neuauflage des ber\u00fchmten Modells Ultra Raptor mit GORE-TEX Extended Comfort Membran. Dieser Mountain-Hiking-Schuh wurde f\u00fcr Offroad-Langstrecken entwickelt, auch f\u00fcr die Wintermonate. Das Futter mit GORE-TEX Membran l\u00e4sst Schwei\u00df entweichen, verhindert aber das Eindringen von Wasser, was ihn ideal f\u00fcr Winter-Running macht. Der stabilisierende Ferseneinsatz hinten erm\u00f6glicht perfekte Kontrolle auf Traversen. Das Schn\u00fcrsystem ist mittels Schlaufen auf dem elastischen Innengewebe und Hochfrequenz-Verst\u00e4rkungen am \u00e4u\u00dferen Mesh in den Schaft integriert: Dieses System verteilt die Spannung der Schn\u00fcrung \u00fcber den gesamten Schaft und umschlie\u00dft den Fu\u00df optimal f\u00fcr perfekten Tragekomfort. Der Ultra Raptor II GTX ist auch in der Wide-Fit-Komfortversion f\u00fcr Wanderer mit breiten F\u00fc\u00dfen erh\u00e4ltlich. Das Ergebnis ist ein technischer, leichter Schuh, der viele Stunden am St\u00fcck getragen werden kann und f\u00fcr den Offroad-Einsatz auf jedem Gel\u00e4nde geeignet ist. Raptorize yourself, again.      <\/p>\n<\/div>\n<\/div>\n<\/div>\n<\/div>\n<\/div>\n<div class=\"row justify-content-center product-details\">Wasserdichte Membran: GORE-TEX Extended Comfort<br \/>\nSohlenh\u00f6he (mm) &#8211; Ferse: 27<br \/>\nSohlenh\u00f6he (mm) &#8211; Vorfu\u00df: 16<br \/>\nSprengung (mm): 11<br \/>\nProfilh\u00f6he (mm): 6<br \/>\nBreite Passform: Nein<\/div>\n<div><\/div>\n<div>+ Wasserdichtes und atmungsaktives Futter mit GORE-TEX Extended Comfort Membran<br \/>\n+ Stabilisierender Ferseneinsatz hinten f\u00fcr perfekte Kontrolle auf Traversen<br \/>\n+ FriXion\u00ae White Sohle mit ausgepr\u00e4gtem Trail Bite Heel f\u00fcr besseres Bremsen bergab<br \/>\n+ Perfekte Volumenregulierung und Umh\u00fcllung des Fu\u00dfes dank des speziellen Schn\u00fcrsystems: Die Schlaufen sind auf der Innenseite des Schafts vern\u00e4ht und au\u00dfen mit Hochfrequenz-Verst\u00e4rkungen verst\u00e4rkt: Dieses System verteilt die Spannung der Schn\u00fcrung \u00fcber den gesamten Schaft<\/div>\n","protected":false},"excerpt":{"rendered":"<p>\u00c4sthetische Neuauflage des ber\u00fchmten Modells Ultra Raptor mit GORE-TEX Extended Comfort Membran. Dieser Mountain-Hiking-Schuh wurde f\u00fcr Offroad-Langstrecken entwickelt, auch f\u00fcr<\/p>\n","protected":false},"featured_media":828815,"template":"","meta":{"_seopress_robots_primary_cat":"none","_seopress_titles_title":"","_seopress_titles_desc":"","_seopress_robots_index":""},"product_brand":[3649],"product_cat":[1419,1431,175],"product_tag":[],"class_list":{"0":"post-828890","1":"product","2":"type-product","3":"status-publish","4":"has-post-thumbnail","6":"product_brand-la-sportiva-de","7":"product_cat-freizeitschuhe","8":"product_cat-herrenschuhe","9":"product_cat-schuhe","10":"sws-gruppo-abb-libero-de","11":"sws-conto-ricavi-merci-rivendita-abbigliamento-de","12":"sws-gruppo-iva-iva81-de","14":"first","15":"instock","16":"sale","17":"shipping-taxable","18":"purchasable","19":"product-type-variable","20":"has-default-attributes"},"_links":{"self":[{"href":"https:\/\/lucacastelli.com\/de\/wp-json\/wp\/v2\/product\/828890","targetHints":{"allow":["GET"]}}],"collection":[{"href":"https:\/\/lucacastelli.com\/de\/wp-json\/wp\/v2\/product"}],"about":[{"href":"https:\/\/lucacastelli.com\/de\/wp-json\/wp\/v2\/types\/product"}],"wp:featuredmedia":[{"embeddable":true,"href":"https:\/\/lucacastelli.com\/de\/wp-json\/wp\/v2\/media\/828815"}],"wp:attachment":[{"href":"https:\/\/lucacastelli.com\/de\/wp-json\/wp\/v2\/media?parent=828890"}],"wp:term":[{"taxonomy":"product_brand","embeddable":true,"href":"https:\/\/lucacastelli.com\/de\/wp-json\/wp\/v2\/product_brand?post=828890"},{"taxonomy":"product_cat","embeddable":true,"href":"https:\/\/lucacastelli.com\/de\/wp-json\/wp\/v2\/product_cat?post=828890"},{"taxonomy":"product_tag","embeddable":true,"href":"https:\/\/lucacastelli.com\/de\/wp-json\/wp\/v2\/product_tag?post=828890"}],"curies":[{"name":"wp","href":"https:\/\/api.w.org\/{rel}","templated":true}]}}