{"id":828715,"date":"2026-04-12T11:49:39","date_gmt":"2026-04-12T09:49:39","guid":{"rendered":"https:\/\/lucacastelli.com\/prodotto\/la-sportiva-tx5-gtx\/"},"modified":"2026-04-12T11:49:39","modified_gmt":"2026-04-12T09:49:39","slug":"la-sportiva-tx5-gtx","status":"publish","type":"product","link":"https:\/\/lucacastelli.com\/de\/produkt\/la-sportiva-tx5-gtx\/","title":{"rendered":"La Sportiva TX5 GTX"},"content":{"rendered":"<p>Hochgeschnittener Lederstiefel, entwickelt f\u00fcr Schutz und Halt bei mehrt\u00e4gigen Wanderungen und Trekkingtouren auch mit schweren Lasten. Stabil und komfortabel, ausgestattet mit einer wasserdichten und atmungsaktiven GORE-TEX Extended Comfort Membran. <\/p>\n<p>&nbsp;<\/p>\n<p>Wasserdichte Membran: GORE-TEX Extended Comfort<br \/>\nSohlenh\u00f6he (mm) &#8211; Ferse: 24<br \/>\nSohlenh\u00f6he (mm) &#8211; Vorfu\u00df: 16<br \/>\nSprengung (mm): 8<br \/>\nProfilh\u00f6he (mm): 4<br \/>\nBreite Passform: Nein<br \/>\nEinlegesohle: Ortholite Hybrid Mountain Hiking 5 mm<br \/>\nFutter: GORE-TEX Extended Comfort<br \/>\nZwischensohle: Sto\u00dfd\u00e4mpfende EVA-Spritzguss-Zwischensohle mit STB Control Eins\u00e4tzen<br \/>\nAu\u00dfensohle: Vibram Megagrip<br \/>\nObermaterial: Nubukleder + Schutzrand und Zehenkappe<\/p>\n<p>&nbsp;<\/p>\n<p>+ Rundum verlaufender, abriebfester Rand<br \/>\n+ Obermaterial aus hochwertigem, weichem und komfortablem Nubukleder<br \/>\n+ Strukturiert und sch\u00fctzend dank stabilisierender Zwischensohle f\u00fcr langanhaltenden Tragekomfort<\/p>\n","protected":false},"excerpt":{"rendered":"<p>Hochgeschnittener Lederstiefel, entwickelt f\u00fcr Schutz und Halt bei mehrt\u00e4gigen Wanderungen und Trekkingtouren auch mit schweren Lasten. Stabil und komfortabel, ausgestattet<\/p>\n","protected":false},"featured_media":828681,"template":"","meta":{"_seopress_robots_primary_cat":"none","_seopress_titles_title":"","_seopress_titles_desc":"","_seopress_robots_index":""},"product_brand":[3649],"product_cat":[1419,1431,175],"product_tag":[],"class_list":{"0":"post-828715","1":"product","2":"type-product","3":"status-publish","4":"has-post-thumbnail","6":"product_brand-la-sportiva-de","7":"product_cat-freizeitschuhe","8":"product_cat-herrenschuhe","9":"product_cat-schuhe","10":"sws-gruppo-abb-libero-de","11":"sws-conto-ricavi-merci-rivendita-abbigliamento-de","12":"sws-gruppo-iva-iva81-de","14":"first","15":"instock","16":"sale","17":"shipping-taxable","18":"purchasable","19":"product-type-variable","20":"has-default-attributes"},"_links":{"self":[{"href":"https:\/\/lucacastelli.com\/de\/wp-json\/wp\/v2\/product\/828715","targetHints":{"allow":["GET"]}}],"collection":[{"href":"https:\/\/lucacastelli.com\/de\/wp-json\/wp\/v2\/product"}],"about":[{"href":"https:\/\/lucacastelli.com\/de\/wp-json\/wp\/v2\/types\/product"}],"wp:featuredmedia":[{"embeddable":true,"href":"https:\/\/lucacastelli.com\/de\/wp-json\/wp\/v2\/media\/828681"}],"wp:attachment":[{"href":"https:\/\/lucacastelli.com\/de\/wp-json\/wp\/v2\/media?parent=828715"}],"wp:term":[{"taxonomy":"product_brand","embeddable":true,"href":"https:\/\/lucacastelli.com\/de\/wp-json\/wp\/v2\/product_brand?post=828715"},{"taxonomy":"product_cat","embeddable":true,"href":"https:\/\/lucacastelli.com\/de\/wp-json\/wp\/v2\/product_cat?post=828715"},{"taxonomy":"product_tag","embeddable":true,"href":"https:\/\/lucacastelli.com\/de\/wp-json\/wp\/v2\/product_tag?post=828715"}],"curies":[{"name":"wp","href":"https:\/\/api.w.org\/{rel}","templated":true}]}}