{"id":828649,"date":"2026-04-12T11:18:51","date_gmt":"2026-04-12T09:18:51","guid":{"rendered":"https:\/\/lucacastelli.com\/prodotto\/la-sportiva-tx5-low-woman-gtx\/"},"modified":"2026-04-12T11:18:51","modified_gmt":"2026-04-12T09:18:51","slug":"la-sportiva-tx5-low-woman-gtx","status":"publish","type":"product","link":"https:\/\/lucacastelli.com\/de\/produkt\/la-sportiva-tx5-low-woman-gtx\/","title":{"rendered":"La Sportiva TX5 Low Woman GTX"},"content":{"rendered":"<p>Dieser Lederschuh aus der TX-Serie richtet sich an Wanderinnen, die ein technisches Produkt f\u00fcr Zustiege, Hiking und Klettersteige suchen. Der TX5 Low GTX ist leicht und sch\u00fctzend, zudem dank der GORE-TEX-Membran wasserdicht und atmungsaktiv. <\/p>\n<p>&nbsp;<\/p>\n<p>Wasserdichte Membran: GORE-TEX Extended Comfort<br \/>\nSohlenh\u00f6he (mm) &#8211; Ferse: 24<br \/>\nSohlenh\u00f6he (mm) &#8211; Vorfu\u00df: 16<br \/>\nSprengung (mm): 8<br \/>\nProfilh\u00f6he (mm): 4<br \/>\nBreite Passform: Nein<\/p>\n<p>&nbsp;<\/p>\n<p>+ Umlaufender, abriebfester Schutzrand<br \/>\n+ Obermaterial aus hochwertigem Nubukleder, weich und komfortabel<br \/>\n+ Strukturiert und sch\u00fctzend dank der stabilisierenden Brandsohle, die einen l\u00e4ngeren Einsatz erm\u00f6glicht<br \/>\n+ Leichtes und schnelles Band-Schn\u00fcrsystem<\/p>\n","protected":false},"excerpt":{"rendered":"<p>Dieser Lederschuh aus der TX-Serie richtet sich an Wanderinnen, die ein technisches Produkt f\u00fcr Zustiege, Hiking und Klettersteige suchen. Der<\/p>\n","protected":false},"featured_media":828584,"template":"","meta":{"_seopress_robots_primary_cat":"","_seopress_titles_title":"","_seopress_titles_desc":"","_seopress_robots_index":""},"product_brand":[3649],"product_cat":[1430,1419,175],"product_tag":[],"class_list":{"0":"post-828649","1":"product","2":"type-product","3":"status-publish","4":"has-post-thumbnail","6":"product_brand-la-sportiva-de","7":"product_cat-damen-schuhe","8":"product_cat-freizeitschuhe","9":"product_cat-schuhe","10":"sws-gruppo-abb-libero-de","11":"sws-conto-ricavi-merci-rivendita-abbigliamento-de","12":"sws-gruppo-iva-iva81-de","14":"first","15":"instock","16":"sale","17":"shipping-taxable","18":"purchasable","19":"product-type-variable","20":"has-default-attributes"},"_links":{"self":[{"href":"https:\/\/lucacastelli.com\/de\/wp-json\/wp\/v2\/product\/828649","targetHints":{"allow":["GET"]}}],"collection":[{"href":"https:\/\/lucacastelli.com\/de\/wp-json\/wp\/v2\/product"}],"about":[{"href":"https:\/\/lucacastelli.com\/de\/wp-json\/wp\/v2\/types\/product"}],"wp:featuredmedia":[{"embeddable":true,"href":"https:\/\/lucacastelli.com\/de\/wp-json\/wp\/v2\/media\/828584"}],"wp:attachment":[{"href":"https:\/\/lucacastelli.com\/de\/wp-json\/wp\/v2\/media?parent=828649"}],"wp:term":[{"taxonomy":"product_brand","embeddable":true,"href":"https:\/\/lucacastelli.com\/de\/wp-json\/wp\/v2\/product_brand?post=828649"},{"taxonomy":"product_cat","embeddable":true,"href":"https:\/\/lucacastelli.com\/de\/wp-json\/wp\/v2\/product_cat?post=828649"},{"taxonomy":"product_tag","embeddable":true,"href":"https:\/\/lucacastelli.com\/de\/wp-json\/wp\/v2\/product_tag?post=828649"}],"curies":[{"name":"wp","href":"https:\/\/api.w.org\/{rel}","templated":true}]}}