{"id":828469,"date":"2026-04-12T10:15:45","date_gmt":"2026-04-12T08:15:45","guid":{"rendered":"https:\/\/lucacastelli.com\/prodotto\/la-sportiva-tx5-woman-gtx\/"},"modified":"2026-04-12T10:15:45","modified_gmt":"2026-04-12T08:15:45","slug":"la-sportiva-tx5-woman-gtx","status":"publish","type":"product","link":"https:\/\/lucacastelli.com\/de\/produkt\/la-sportiva-tx5-woman-gtx\/","title":{"rendered":"La Sportiva TX5 Woman GTX"},"content":{"rendered":"<p>Hoch geschnittener Lederstiefel, der Wanderern und Backpackern Schutz und Halt bei mehrt\u00e4gigen Touren mit schwerem Gep\u00e4ck bietet. Stabil und komfortabel, ausgestattet mit einer wasserdichten und atmungsaktiven GORE-TEX Extended Comfort Membran. <\/p>\n<p>&nbsp;<\/p>\n<p>Wasserdichte Membran: GORE-TEX Extended Comfort<br \/>\nSohlenh\u00f6he (mm) \u2013 Ferse: 24<br \/>\nSohlenh\u00f6he (mm) \u2013 Vorfu\u00df: 16<br \/>\nSprengung (mm): 8<br \/>\nProfilh\u00f6he (mm): 4<br \/>\nBreite Passform: Nein<br \/>\nEinlegesohle: Ortholite Hybrid Mountain Hiking 5 mm<br \/>\nFutter: GORE-TEX Extended Comfort<br \/>\nZwischensohle: Sto\u00dfd\u00e4mpfender Stabilisator aus eingespritztem EVA mit STB Control-Eins\u00e4tzen<br \/>\nSohle: Vibram Megagrip<br \/>\nObermaterial: Nubuk + Schutzrand und Zehenkappe<\/p>\n<p>+ Umlaufender, abriebfester Schutzrand<br \/>\n+ Obermaterial aus hochwertigem Nubukleder, weich und bequem<br \/>\n+ Strukturiert und sch\u00fctzend dank der stabilisierenden Brandsohle, die eine l\u00e4ngere Nutzung erm\u00f6glicht<\/p>\n","protected":false},"excerpt":{"rendered":"<p>Hoch geschnittener Lederstiefel, der Wanderern und Backpackern Schutz und Halt bei mehrt\u00e4gigen Touren mit schwerem Gep\u00e4ck bietet. Stabil und komfortabel,<\/p>\n","protected":false},"featured_media":828445,"template":"","meta":{"_seopress_robots_primary_cat":"none","_seopress_titles_title":"","_seopress_titles_desc":"","_seopress_robots_index":""},"product_brand":[3649],"product_cat":[1430,1419,175],"product_tag":[],"class_list":{"0":"post-828469","1":"product","2":"type-product","3":"status-publish","4":"has-post-thumbnail","6":"product_brand-la-sportiva-de","7":"product_cat-damen-schuhe","8":"product_cat-freizeitschuhe","9":"product_cat-schuhe","10":"sws-gruppo-abb-libero-de","11":"sws-conto-ricavi-merci-rivendita-abbigliamento-de","12":"sws-gruppo-iva-iva81-de","14":"first","15":"instock","16":"sale","17":"shipping-taxable","18":"purchasable","19":"product-type-variable","20":"has-default-attributes"},"_links":{"self":[{"href":"https:\/\/lucacastelli.com\/de\/wp-json\/wp\/v2\/product\/828469","targetHints":{"allow":["GET"]}}],"collection":[{"href":"https:\/\/lucacastelli.com\/de\/wp-json\/wp\/v2\/product"}],"about":[{"href":"https:\/\/lucacastelli.com\/de\/wp-json\/wp\/v2\/types\/product"}],"wp:featuredmedia":[{"embeddable":true,"href":"https:\/\/lucacastelli.com\/de\/wp-json\/wp\/v2\/media\/828445"}],"wp:attachment":[{"href":"https:\/\/lucacastelli.com\/de\/wp-json\/wp\/v2\/media?parent=828469"}],"wp:term":[{"taxonomy":"product_brand","embeddable":true,"href":"https:\/\/lucacastelli.com\/de\/wp-json\/wp\/v2\/product_brand?post=828469"},{"taxonomy":"product_cat","embeddable":true,"href":"https:\/\/lucacastelli.com\/de\/wp-json\/wp\/v2\/product_cat?post=828469"},{"taxonomy":"product_tag","embeddable":true,"href":"https:\/\/lucacastelli.com\/de\/wp-json\/wp\/v2\/product_tag?post=828469"}],"curies":[{"name":"wp","href":"https:\/\/api.w.org\/{rel}","templated":true}]}}