{"id":828387,"date":"2026-04-11T20:14:46","date_gmt":"2026-04-11T18:14:46","guid":{"rendered":"https:\/\/lucacastelli.com\/prodotto\/la-sportiva-aequilibrium-trek-gtx-4\/"},"modified":"2026-04-11T20:14:46","modified_gmt":"2026-04-11T18:14:46","slug":"la-sportiva-aequilibrium-trek-gtx-4","status":"publish","type":"product","link":"https:\/\/lucacastelli.com\/de\/produkt\/la-sportiva-aequilibrium-trek-gtx-4\/","title":{"rendered":"La Sportiva Aequilibrium Trek GTX"},"content":{"rendered":"<p>Entwickelt, um Schutz und Halt mit extremer Gehf\u00e4higkeit und Bewegungsfreiheit zu vereinen, auch auf technisch anspruchsvollsten Passagen. La Sportiva Know-how und Technologien aus der Bergsteigerwelt f\u00fcr den perfekten Schuh f\u00fcr lange Trekkingtouren und Backpacking: optimaler Kompromiss zwischen Technik und Komfort. Fl\u00fcssiges Abrollen und nat\u00fcrlicher Fussauftritt werden durch die Sohle mit Double Heel\u2122-Konstruktion garantiert, w\u00e4hrend maximale Traktion beim Aufstieg und Bremsenkontrolle beim Abstieg durch das Impact Brake System\u2122 sichergestellt werden. Neubesohlbare Laufsohle, die die Lebensdauer des Produkts verl\u00e4ngert und die Qualit\u00e4t der Sohle garantiert. Das abriebfeste Lederobermaterial passt sich der Ergonomie des Fusses an und macht diesen Schuh perfekt f\u00fcr jedes Abenteuer.    <\/p>\n<p>Wasserdichte Membran: GORE-TEX Performance Comfort<br \/>\nSohlenh\u00f6he (mm) &#8211; Ferse: 29<br \/>\nSohlenh\u00f6he (mm) &#8211; Vorfuss: 17<br \/>\nSprengung (mm): 12<br \/>\nStollenh\u00f6he (mm): 5<br \/>\nBreite Passform: Nein<br \/>\nEinlegesohle: La Sportiva Mountain Hiking Einlegesohle<br \/>\nFutter: GORE-TEX Performance Comfort<br \/>\nZwischensohle: Polyurethanschaum mit abriebfester TPU-Folie<br \/>\nPatent: 3D Flex System Evo\u2122 &#8211; Impact Brake System\u2122<br \/>\nAussensohle: Vibram\u00ae Gummilaufsohle mit PU-Schaumbeschichtung<br \/>\nObermaterial: Wasserabweisendes Hydro-Perwanger\u00ae Leder, 1,6 mm<\/p>\n<p>&nbsp;<\/p>\n<p>Einfassung aus abriebfestem Gewebe<br \/>\n+ Zwischensohle mit Schaumstoffeins\u00e4tzen f\u00fcr mehr<br \/>\nD\u00e4mpfung und Leichtigkeit durch reduzierten Einsatz von<br \/>\nGummischichten<br \/>\n+ Wasserabweisendes Lederobermaterial, GORE-TEX-Membran und abriebfeste Einfassung f\u00fcr jedes Gel\u00e4nde und extreme Wetterbedingungen.<br \/>\n+ Richtungsgelenk 3D Flex System Evo\u2122 mit geformtem und gesch\u00fctztem Kn\u00f6chel: erm\u00f6glicht bessere Auftrittskontrolle und perfekte Kn\u00f6chelbeweglichkeit<br \/>\n+ Aussergew\u00f6hnliche Gehf\u00e4higkeit dank innovativer<br \/>\nDouble Heel\u2122-Fersenkonstruktion: die Geometrie<br \/>\nmit stark ausgepr\u00e4gtem doppeltem Fersennoppen<br \/>\nerh\u00f6ht die Bremswirkung beim Abstieg und erm\u00f6glicht<br \/>\nein fl\u00fcssigeres Abrollen bei reduzierter Muskelerm\u00fcdung<\/p>\n<p>+ Hervorragende Traktion und Kontrolle beim Auf- und Abstieg dank Stollen mit Impact Brake System\u2122<br \/>\n+ Aussergew\u00f6hnliche Gehf\u00e4higkeit dank innovativer<br \/>\nDouble Heel\u2122-Fersenkonstruktion: die Geometrie<br \/>\nmit stark ausgepr\u00e4gtem doppeltem Fersennoppen<br \/>\nerh\u00f6ht die Bremswirkung beim Abstieg und erm\u00f6glicht<br \/>\nein fl\u00fcssigeres Abrollen bei reduzierter Muskelerm\u00fcdung<\/p>\n<p>+ Richtungsgelenk 3D Flex System Evo\u2122 mit geformtem und gesch\u00fctztem Kn\u00f6chel: erm\u00f6glicht bessere Auftrittskontrolle und perfekte Kn\u00f6chelbeweglichkeit<br \/>\n+ Wasserabweisendes Lederobermaterial, GORE-TEX-Membran und abriebfeste Einfassung f\u00fcr jedes Gel\u00e4nde und extreme Wetterbedingungen.<br \/>\n+ Einfassung aus abriebfestem Gewebe<br \/>\n+ Zwischensohle mit Schaumstoffeins\u00e4tzen f\u00fcr mehr<br \/>\nD\u00e4mpfung und Leichtigkeit durch reduzierten Einsatz von<br \/>\nGummischichten<br \/>\n+ Hervorragende Traktion und Kontrolle beim Auf- und Abstieg dank Stollen mit Impact Brake System\u2122<\/p>\n","protected":false},"excerpt":{"rendered":"<p>Entwickelt, um Schutz und Halt mit extremer Gehf\u00e4higkeit und Bewegungsfreiheit zu vereinen, auch auf technisch anspruchsvollsten Passagen. La Sportiva Know-how<\/p>\n","protected":false},"featured_media":828253,"template":"","meta":{"_seopress_robots_primary_cat":"","_seopress_titles_title":"","_seopress_titles_desc":"","_seopress_robots_index":""},"product_brand":[3649],"product_cat":[175,1419,1430,1431],"product_tag":[],"class_list":{"0":"post-828387","1":"product","2":"type-product","3":"status-publish","4":"has-post-thumbnail","6":"product_brand-la-sportiva-de","7":"product_cat-schuhe","8":"product_cat-freizeitschuhe","9":"product_cat-damen-schuhe","10":"product_cat-herrenschuhe","11":"sws-gruppo-abb-libero-de","12":"sws-conto-ricavi-merci-rivendita-abbigliamento-de","13":"sws-gruppo-iva-iva81-de","15":"first","16":"instock","17":"shipping-taxable","18":"purchasable","19":"product-type-simple"},"_links":{"self":[{"href":"https:\/\/lucacastelli.com\/de\/wp-json\/wp\/v2\/product\/828387","targetHints":{"allow":["GET"]}}],"collection":[{"href":"https:\/\/lucacastelli.com\/de\/wp-json\/wp\/v2\/product"}],"about":[{"href":"https:\/\/lucacastelli.com\/de\/wp-json\/wp\/v2\/types\/product"}],"wp:featuredmedia":[{"embeddable":true,"href":"https:\/\/lucacastelli.com\/de\/wp-json\/wp\/v2\/media\/828253"}],"wp:attachment":[{"href":"https:\/\/lucacastelli.com\/de\/wp-json\/wp\/v2\/media?parent=828387"}],"wp:term":[{"taxonomy":"product_brand","embeddable":true,"href":"https:\/\/lucacastelli.com\/de\/wp-json\/wp\/v2\/product_brand?post=828387"},{"taxonomy":"product_cat","embeddable":true,"href":"https:\/\/lucacastelli.com\/de\/wp-json\/wp\/v2\/product_cat?post=828387"},{"taxonomy":"product_tag","embeddable":true,"href":"https:\/\/lucacastelli.com\/de\/wp-json\/wp\/v2\/product_tag?post=828387"}],"curies":[{"name":"wp","href":"https:\/\/api.w.org\/{rel}","templated":true}]}}