{"id":828365,"date":"2026-04-11T20:20:24","date_gmt":"2026-04-11T18:20:24","guid":{"rendered":"https:\/\/lucacastelli.com\/prodotto\/la-sportiva-aequilibrium-trek-gtx-3\/"},"modified":"2026-04-11T20:20:24","modified_gmt":"2026-04-11T18:20:24","slug":"la-sportiva-aequilibrium-trek-gtx-3","status":"publish","type":"product","link":"https:\/\/lucacastelli.com\/de\/produkt\/la-sportiva-aequilibrium-trek-gtx-3\/","title":{"rendered":"La Sportiva Aequilibrium Trek GTX"},"content":{"rendered":"<p>Entwickelt, um Schutz und Halt mit extremer Gehf\u00e4higkeit und Bewegungsfreiheit zu vereinen, selbst auf technisch anspruchsvollsten Passagen. Das Know-how von La Sportiva und Technologien aus der Welt des Bergsteigens dienten der Entwicklung des perfekten Schuhs f\u00fcr langes Trekking und Backpacking: ein optimaler Kompromiss zwischen Technik und Komfort. Ein fl\u00fcssiges Abrollverhalten und nat\u00fcrliches Auftreten werden durch die Sohle mit Double Heel\u2122-Konstruktion garantiert, w\u00e4hrend das Impact Brake System\u2122 f\u00fcr maximale Traktion bergauf und Bremskontrolle bergab sorgt. Die wiederbesohlbare Laufsohle verl\u00e4ngert die Lebensdauer des Produkts und garantiert die Qualit\u00e4t der Sohle. Das abriebfeste Oberleder passt sich der Ergonomie des Fu\u00dfes an und macht diesen Schuh zum perfekten Begleiter f\u00fcr jedes Abenteuer.    <\/p>\n<p>Wasserdichte Membran: GORE-TEX Performance Comfort<br \/>\nSohlenh\u00f6he (mm) &#8211; Ferse: 29<br \/>\nSohlenh\u00f6he (mm) &#8211; Vorfu\u00df: 17<br \/>\nSprengung (mm): 12<br \/>\nStollenh\u00f6he (mm): 5<br \/>\nBreite Passform: Nein<br \/>\nEinlegesohle: La Sportiva Mountain Hiking Einlegesohle<br \/>\nFutter: GORE-TEX Performance Comfort<br \/>\nZwischensohle: Polyurethan-Schaum mit abriebfester TPU-Folie<br \/>\nPatent: 3D Flex System Evo\u2122 &#8211; Impact Brake System\u2122<br \/>\nSohle: Vibram\u00ae-Gummilaufsohle mit PU-Schaumbeschichtung<br \/>\nObermaterial: 1,6 mm wasserabweisendes Hydro-Perwanger\u00ae-Leder<\/p>\n<p>&nbsp;<\/p>\n<p>+ Abriebfester Textilrand<br \/>\n+ Zwischensohle mit internen Schaumstoffeinlagen f\u00fcr mehr<br \/>\nD\u00e4mpfung und Leichtigkeit durch weniger<br \/>\nGummischichten<br \/>\n+ Wasserabweisendes Oberleder, GORE-TEX Membran und abriebfester Rand f\u00fcr jedes Gel\u00e4nde und extreme Wetterbedingungen.<br \/>\n+ 3D Flex System Evo\u2122-Gelenk mit geformtem und gesch\u00fctztem Kn\u00f6chel: erm\u00f6glicht eine bessere Trittkontrolle und perfekte Beweglichkeit des Sprunggelenks<br \/>\n+ Au\u00dfergew\u00f6hnliche Gehf\u00e4higkeit dank der innovativen<br \/>\nDouble Heel\u2122-Fersenkonstruktion: Die Geometrie<br \/>\nmit sehr ausgepr\u00e4gtem Doppelstollen hinten<br \/>\nerh\u00f6ht die Bremswirkung bergab und erm\u00f6glicht<br \/>\nein fl\u00fcssigeres Abrollen, was die Muskelerm\u00fcdung<br \/>\nreduziert<br \/>\n+ Hohe Traktion und Kontrolle beim Auf- und Abstieg dank der Stollen mit Impact Brake System\u2122<br \/>\n+ Au\u00dfergew\u00f6hnliche Gehf\u00e4higkeit dank der innovativen<br \/>\nDouble Heel\u2122-Fersenkonstruktion: Die Geometrie<br \/>\nmit sehr ausgepr\u00e4gtem Doppelstollen hinten<br \/>\nerh\u00f6ht die Bremswirkung bergab und erm\u00f6glicht<br \/>\nein fl\u00fcssigeres Abrollen, was die Muskelerm\u00fcdung<br \/>\nreduziert<br \/>\n+ 3D Flex System Evo\u2122-Gelenk mit geformtem und gesch\u00fctztem Kn\u00f6chel: erm\u00f6glicht eine bessere Trittkontrolle und perfekte Beweglichkeit des Sprunggelenks<br \/>\n+ Wasserabweisendes Oberleder, GORE-TEX Membran und abriebfester Rand f\u00fcr jedes Gel\u00e4nde und extreme Wetterbedingungen.<br \/>\n+ Abriebfester Textilrand<br \/>\n+ Zwischensohle mit internen Schaumstoffeinlagen f\u00fcr mehr<br \/>\nD\u00e4mpfung und Leichtigkeit durch weniger<br \/>\nGummischichten<br \/>\n+ Hohe Traktion und Kontrolle beim Auf- und Abstieg dank der Stollen mit Impact Brake System\u2122<\/p>\n","protected":false},"excerpt":{"rendered":"<p>Entwickelt, um Schutz und Halt mit extremer Gehf\u00e4higkeit und Bewegungsfreiheit zu vereinen, selbst auf technisch anspruchsvollsten Passagen. Das Know-how von<\/p>\n","protected":false},"featured_media":828282,"template":"","meta":{"_seopress_robots_primary_cat":"none","_seopress_titles_title":"","_seopress_titles_desc":"","_seopress_robots_index":""},"product_brand":[3649],"product_cat":[175,1419,1430,1431],"product_tag":[],"class_list":{"0":"post-828365","1":"product","2":"type-product","3":"status-publish","4":"has-post-thumbnail","6":"product_brand-la-sportiva-de","7":"product_cat-schuhe","8":"product_cat-freizeitschuhe","9":"product_cat-damen-schuhe","10":"product_cat-herrenschuhe","11":"sws-gruppo-abb-libero-de","12":"sws-conto-ricavi-merci-rivendita-abbigliamento-de","13":"sws-gruppo-iva-iva81-de","15":"first","16":"instock","17":"sale","18":"shipping-taxable","19":"purchasable","20":"product-type-variable","21":"has-default-attributes"},"_links":{"self":[{"href":"https:\/\/lucacastelli.com\/de\/wp-json\/wp\/v2\/product\/828365","targetHints":{"allow":["GET"]}}],"collection":[{"href":"https:\/\/lucacastelli.com\/de\/wp-json\/wp\/v2\/product"}],"about":[{"href":"https:\/\/lucacastelli.com\/de\/wp-json\/wp\/v2\/types\/product"}],"wp:featuredmedia":[{"embeddable":true,"href":"https:\/\/lucacastelli.com\/de\/wp-json\/wp\/v2\/media\/828282"}],"wp:attachment":[{"href":"https:\/\/lucacastelli.com\/de\/wp-json\/wp\/v2\/media?parent=828365"}],"wp:term":[{"taxonomy":"product_brand","embeddable":true,"href":"https:\/\/lucacastelli.com\/de\/wp-json\/wp\/v2\/product_brand?post=828365"},{"taxonomy":"product_cat","embeddable":true,"href":"https:\/\/lucacastelli.com\/de\/wp-json\/wp\/v2\/product_cat?post=828365"},{"taxonomy":"product_tag","embeddable":true,"href":"https:\/\/lucacastelli.com\/de\/wp-json\/wp\/v2\/product_tag?post=828365"}],"curies":[{"name":"wp","href":"https:\/\/api.w.org\/{rel}","templated":true}]}}