{"id":828232,"date":"2026-04-11T19:26:51","date_gmt":"2026-04-11T17:26:51","guid":{"rendered":"https:\/\/lucacastelli.com\/prodotto\/la-sportiva-aequilibrium-top-gtx\/"},"modified":"2026-04-11T19:26:51","modified_gmt":"2026-04-11T17:26:51","slug":"la-sportiva-aequilibrium-top-gtx","status":"publish","type":"product","link":"https:\/\/lucacastelli.com\/de\/produkt\/la-sportiva-aequilibrium-top-gtx\/","title":{"rendered":"La Sportiva Aequilibrium Top GTX"},"content":{"rendered":"<p>Leichter, leistungsstarker High-Tech-Bergstiefel f\u00fcr schnelles Alpinbergsteigen auf gemischtem Gel\u00e4nde und Eins\u00e4tze in mittleren H\u00f6hen. Technischer State of the art, die perfekte Synthese aus Leichtigkeit, Komfort und Langlebigkeit. Aussergew\u00f6hnliche Gehf\u00e4higkeit dank der innovativen Double Heel\u2122-Fersenkonstruktion: Die stark ausgepr\u00e4gte doppelte Stollengeometrie im Fersenbereich erh\u00f6ht die Bremswirkung beim Abstieg und erm\u00f6glicht ein fl\u00fcssigeres Abrollen bei reduzierter Muskelerm\u00fcdung. Langlebigkeit und Leichtigkeit in perfekter Harmonie dank des neuen Sohlen-\/Zwischensohlensystems mit \u00e4usserer Rubber Guard\u2122-Schalenkonstruktion und innerem Schaummaterial f\u00fcr ausgepr\u00e4gte D\u00e4mpfung und Leichtigkeit durch reduzierten Gummischichteneinsatz. Die Form ist Ergonomic: umschliessend und pr\u00e4zise mit integrierten TPU-Schalen an Spitze und Ferse zur Verst\u00e4rkung des Schafts. Das 3D Flex System Evo\u2122-Richtungsgelenk mit geformtem Kn\u00f6chel und \u00e4usseren Knicklinien erm\u00f6glicht bessere Auftrittskontrolle und perfekte Kn\u00f6chelbeweglichkeit. Die wasserabweisende Aussenmanschette aus elastischem Cordura\u00ae bietet maximale Wasserabweisung, w\u00e4hrend die innere GORE-TEX Performance Comfort-Membran Schweiss nach aussen, aber kein Wasser nach innen l\u00e4sst. Die Schn\u00fcrung integriert das pr\u00e4zise und schnelle BOA\u00ae Fit System. Die Zwischensohle ist halbsteigeisenfest f\u00fcr den Einsatz mit Steigeisen bei Eis oder Schnee, Sohle mit Vibram\u00ae SpringLug Tech-Profil mit Impact Brake System-Stollen f\u00fcr bessere Anpassung an harte Felsoberfl\u00e4chen. Alpinbergsteigen in perfekter Harmonie.         <\/p>\n<p>&nbsp;<\/p>\n<p>Schaft: Wasserabweisendes, thermoverschweisstes Gewebe mit hoher Abriebfestigkeit + wasserabweisende Innenmanschette<br \/>\nFutter: GORE-TEX Performance Comfort<br \/>\nZwischensohle: Keine<br \/>\nSohle: Vibram\u00ae-Gummi und PU-Schaum-Innenbeschichtung<br \/>\nRahmen: Kohlefaserverst\u00e4rktes Nylon<\/p>\n<p>&nbsp;<\/p>\n<p>+ 3D Flex System Evo\u2122-Richtungsgelenk mit geformtem Kn\u00f6chel und \u00e4usseren Knicklinien f\u00fcr bessere Auftrittskontrolle und perfekte Kn\u00f6chelbeweglichkeit<br \/>\n+ Wasserabweisende Aussenmanschette aus elastischem Cordura\u00ae und hochbest\u00e4ndigem Gewebe<br \/>\n+ Differenzierte Schn\u00fcrung f\u00fcr perfekte Volumenanpassung: Riemen im oberen Bereich, mit BOA\u00ae Fit System, integriert in der Manschette, im unteren Bereich<br \/>\n+ Ergonomic-Form, umschliessend und pr\u00e4zise mit integrierten TPU-Schalen an Spitze und Ferse zur Verst\u00e4rkung des Schafts<br \/>\n+ Aussergew\u00f6hnliche Gehf\u00e4higkeit dank der innovativen Double Heel\u2122-Fersenkonstruktion<br \/>\n+ Leichtigkeit ohne Kompromisse: Jedes Element ist darauf ausgelegt, die Volumen maximal zu reduzieren und das Produkt leicht zu machen<br \/>\n+ Maximale Langlebigkeit und Leichtigkeit dank des neuen Sohlen-\/Zwischensohlensystems mit \u00e4usserer Rubber Guard\u2122-Schalenkonstruktion und innerem Schaummaterial f\u00fcr ausgepr\u00e4gte D\u00e4mpfung und Leichtigkeit durch reduzierten Gummischichteneinsatz.<br \/>\n+ Halbsteigeisenfeste Zwischensohle, kompatibel mit halbautomatischen Steigeisen bei Eis oder Schnee<br \/>\n+ Sohle mit Vibram\u00ae-Profil mit Impact Brake System-Stollen f\u00fcr bessere Anpassung an harte Felsoberfl\u00e4chen<\/p>\n<p>&nbsp;<\/p>\n","protected":false},"excerpt":{"rendered":"<p>Leichter, leistungsstarker High-Tech-Bergstiefel f\u00fcr schnelles Alpinbergsteigen auf gemischtem Gel\u00e4nde und Eins\u00e4tze in mittleren H\u00f6hen. Technischer State of the art, die<\/p>\n","protected":false},"featured_media":828146,"template":"","meta":{"_seopress_robots_primary_cat":"","_seopress_titles_title":"","_seopress_titles_desc":"","_seopress_robots_index":""},"product_brand":[3649],"product_cat":[1430,1419,1431,175],"product_tag":[],"class_list":{"0":"post-828232","1":"product","2":"type-product","3":"status-publish","4":"has-post-thumbnail","6":"product_brand-la-sportiva-de","7":"product_cat-damen-schuhe","8":"product_cat-freizeitschuhe","9":"product_cat-herrenschuhe","10":"product_cat-schuhe","11":"sws-gruppo-abb-libero-de","12":"sws-conto-ricavi-merci-rivendita-abbigliamento-de","13":"sws-gruppo-iva-iva81-de","15":"first","16":"instock","17":"sale","18":"shipping-taxable","19":"purchasable","20":"product-type-variable","21":"has-default-attributes"},"_links":{"self":[{"href":"https:\/\/lucacastelli.com\/de\/wp-json\/wp\/v2\/product\/828232","targetHints":{"allow":["GET"]}}],"collection":[{"href":"https:\/\/lucacastelli.com\/de\/wp-json\/wp\/v2\/product"}],"about":[{"href":"https:\/\/lucacastelli.com\/de\/wp-json\/wp\/v2\/types\/product"}],"wp:featuredmedia":[{"embeddable":true,"href":"https:\/\/lucacastelli.com\/de\/wp-json\/wp\/v2\/media\/828146"}],"wp:attachment":[{"href":"https:\/\/lucacastelli.com\/de\/wp-json\/wp\/v2\/media?parent=828232"}],"wp:term":[{"taxonomy":"product_brand","embeddable":true,"href":"https:\/\/lucacastelli.com\/de\/wp-json\/wp\/v2\/product_brand?post=828232"},{"taxonomy":"product_cat","embeddable":true,"href":"https:\/\/lucacastelli.com\/de\/wp-json\/wp\/v2\/product_cat?post=828232"},{"taxonomy":"product_tag","embeddable":true,"href":"https:\/\/lucacastelli.com\/de\/wp-json\/wp\/v2\/product_tag?post=828232"}],"curies":[{"name":"wp","href":"https:\/\/api.w.org\/{rel}","templated":true}]}}