{"id":828187,"date":"2026-04-08T08:10:52","date_gmt":"2026-04-08T06:10:52","guid":{"rendered":"https:\/\/lucacastelli.com\/prodotto\/kramp-nl40026nkr-20-stueck-nylsaw-schneidfaden-4-mm-x-26-cm-fuer-verschiedene-koepfe\/"},"modified":"2026-04-08T08:10:52","modified_gmt":"2026-04-08T06:10:52","slug":"kramp-nl40026nkr-20-stueck-nylsaw-schneidfaden-4-mm-x-26-cm-fuer-verschiedene-koepfe","status":"publish","type":"product","link":"https:\/\/lucacastelli.com\/de\/produkt\/kramp-nl40026nkr-20-stueck-nylsaw-schneidfaden-4-mm-x-26-cm-fuer-verschiedene-koepfe\/","title":{"rendered":"Kramp NL40026NKR 20 St\u00fcck Nylsaw Schneidfaden 4 mm x 26 cm f\u00fcr verschiedene K\u00f6pfe"},"content":{"rendered":"<p>Eigenschaften &#8211; F\u00fcr messer\u00e4hnlichen Schnitt konzipiert<br \/>\n&#8211; Aus Spezialmaterialien gefertigt<br \/>\n&#8211; Inkl. Schneidger\u00e4t f\u00fcr Schneidfaden (nur f\u00fcr Spule und Donut)<br \/>\n&#8211; Vibrationsreduzierung<\/p>\n<p>Vorteile &#8211; Sauberer Schnitt, geschnittenes Gras trocknet nicht aus<br \/>\n&#8211; H\u00f6here Schnittleistung<br \/>\n&#8211; Kompaktes Schneidger\u00e4t zum Abl\u00e4ngen<br \/>\n&#8211; Komfortableres Arbeiten<\/p>\n<p>&nbsp;<\/p>\n<p>Anwendungsbereiche &#8211; Profi-Qualit\u00e4t f\u00fcr hohes Gras, Unkraut oder Gestr\u00fcpp<br \/>\nEigenschaften &#8211; Nylsaw Schneidfaden<br \/>\nPackungsinhalt &#8211; Nylonfaden, Verpackung, Schneidger\u00e4t &#8220;Kramp&#8221; nur f\u00fcr Spulen und Donuts<br \/>\nEinheit St\u00fcck<br \/>\n\u00d8 (mm) 4,0<br \/>\nL\u00e4nge (m) 0,26<br \/>\nProfil quadratisch<br \/>\nFarbe Schwarz<\/p>\n","protected":false},"excerpt":{"rendered":"<p>Eigenschaften &#8211; F\u00fcr messer\u00e4hnlichen Schnitt konzipiert &#8211; Aus Spezialmaterialien gefertigt &#8211; Inkl. Schneidger\u00e4t f\u00fcr Schneidfaden (nur f\u00fcr Spule und Donut)<\/p>\n","protected":false},"featured_media":827943,"template":"","meta":{"_seopress_robots_primary_cat":"none","_seopress_titles_title":"","_seopress_titles_desc":"","_seopress_robots_index":""},"product_brand":[7224],"product_cat":[1581,169,1582],"product_tag":[],"class_list":{"0":"post-828187","1":"product","2":"type-product","3":"status-publish","4":"has-post-thumbnail","6":"product_brand-kramp","7":"product_cat-freischneider-und-trimmer","8":"product_cat-maschinen","9":"product_cat-zubehor-und-verbrauchsmaterial-de-3","10":"sws-gruppo-macchinari-de","11":"sws-conto-ricavi-merci-rivendita-macchinari-de","12":"sws-gruppo-iva-iva81-de","14":"first","15":"instock","16":"shipping-taxable","17":"purchasable","18":"product-type-simple"},"_links":{"self":[{"href":"https:\/\/lucacastelli.com\/de\/wp-json\/wp\/v2\/product\/828187","targetHints":{"allow":["GET"]}}],"collection":[{"href":"https:\/\/lucacastelli.com\/de\/wp-json\/wp\/v2\/product"}],"about":[{"href":"https:\/\/lucacastelli.com\/de\/wp-json\/wp\/v2\/types\/product"}],"wp:featuredmedia":[{"embeddable":true,"href":"https:\/\/lucacastelli.com\/de\/wp-json\/wp\/v2\/media\/827943"}],"wp:attachment":[{"href":"https:\/\/lucacastelli.com\/de\/wp-json\/wp\/v2\/media?parent=828187"}],"wp:term":[{"taxonomy":"product_brand","embeddable":true,"href":"https:\/\/lucacastelli.com\/de\/wp-json\/wp\/v2\/product_brand?post=828187"},{"taxonomy":"product_cat","embeddable":true,"href":"https:\/\/lucacastelli.com\/de\/wp-json\/wp\/v2\/product_cat?post=828187"},{"taxonomy":"product_tag","embeddable":true,"href":"https:\/\/lucacastelli.com\/de\/wp-json\/wp\/v2\/product_tag?post=828187"}],"curies":[{"name":"wp","href":"https:\/\/api.w.org\/{rel}","templated":true}]}}