{"id":828055,"date":"2026-04-11T18:22:20","date_gmt":"2026-04-11T16:22:20","guid":{"rendered":"https:\/\/lucacastelli.com\/?post_type=product&#038;p=828055"},"modified":"2026-04-11T19:32:54","modified_gmt":"2026-04-11T17:32:54","slug":"la-sportiva-trango-tech-leder-gtx-copia-2","status":"publish","type":"product","link":"https:\/\/lucacastelli.com\/de\/produkt\/la-sportiva-trango-tech-leder-gtx-copia-2\/","title":{"rendered":"LA SPORTIVA Trango Tech Leather GTX"},"content":{"rendered":"<p>Atmungsaktiver und wasserdichter Lederstiefel f\u00fcr alpines Wandern: besonders leicht, komfortabel und langlebig dank Nubukleder-Obermaterial. Perfekt f\u00fcr technische Zustiege und den beruflichen Einsatz von Rettern und Bergf\u00fchrern. <\/p>\n<p>BESCHREIBUNG:<br \/>\nTrango Tech Leather GTX ist ein atmungsaktiver und wasserdichter Lederstiefel f\u00fcr alpines Wandern: besonders leicht, komfortabel und langlebig dank Nubukleder-Obermaterial. Perfekt f\u00fcr technische Zustiege und den beruflichen Einsatz von Rettern und Bergf\u00fchrern. Das Obermaterial mit klarem, modernem Design hat auf ein Minimum reduzierte N\u00e4hte, um die allgemeine Wasserdichtigkeit zu erh\u00f6hen. Es ist ein hochgradig langlebiges Produkt dank der Verwendung hochwertiger Leder und sch\u00fctzender Mikrofaser-Verst\u00e4rkungen am Obermaterial. Die sto\u00dfd\u00e4mpfende Zwischensohle aus Polyurethan niedriger Dichte mit sch\u00fctzender PU-Skin reduziert den Aufprall auf dem Boden und beg\u00fcnstigt die langfristige Nutzung des Produkts, w\u00e4hrend die sto\u00dffesten Gummischutzkappen an Spitze und Ferse vor St\u00f6\u00dfen mit Felsen und Wurzeln sch\u00fctzen. Wie jedes Produkt der La Sportiva Trango Series verf\u00fcgt er \u00fcber das 3D-Flex System-Kn\u00f6chelgelenk, das die Mobilit\u00e4t und den Halt in der dynamischen Phase beg\u00fcnstigt. Die ins Obermaterial integrierte Zunge ist aus weichem und elastischem Gewebe gefertigt f\u00fcr maximalen Tragekomfort, der auch durch die ergonomische Form und die umschlie\u00dfende Passform unterstrichen wird. Die La Sportiva Cube by Vibram-Sohle mit reduzierten St\u00e4rken erm\u00f6glicht eine weitere Gewichtsreduzierung f\u00fcr einen leichten und modernen Backpacking-Stiefel.      <\/p>\n<p>Obermaterial:<br \/>\nNubukleder + Mikrofaser-Verst\u00e4rkungen<\/p>\n<p>Futter:<br \/>\nGore-Tex\u00ae Performance Comfort<\/p>\n<p>Einlegesohle:<br \/>\nPPE 4 mm mit verst\u00e4rkter Dicke, glasfaserverst\u00e4rkt<\/p>\n<p>Zwischensohle:<br \/>\nPolyurethan niedriger Dichte + Protective PU Skin und TPU-Einsatz f\u00fcr hintere Steigeisenaufnahme<\/p>\n<p>Gewicht:<br \/>\n640 g (halbes Paar)<\/p>\n<p>PLUS:<br \/>\n+ Clean-Design und auf ein Minimum reduzierte N\u00e4hte<br \/>\n+ Perfekte Kombination aus klassischen Materialien (Nubukleder) und moderner \u00c4sthetik<br \/>\n+ Hohe Langlebigkeit dank sch\u00fctzender Mikrofaser-Verst\u00e4rkungen am Obermaterial<br \/>\n+ Sto\u00dfd\u00e4mpfende Zwischensohle aus Polyurethan niedriger Dichte mit sch\u00fctzender PU-Skin: reduziert den Aufprall auf dem Boden und beg\u00fcnstigt die langfristige Nutzung des Produkts<br \/>\n+ 3D-Flex System-Kn\u00f6chelgelenk, das die Mobilit\u00e4t und den Halt beg\u00fcnstigt<br \/>\n+ Ergonomische Form und umschlie\u00dfende Passform<\/p>\n","protected":false},"excerpt":{"rendered":"<p>Atmungsaktiver und wasserdichter Lederstiefel f\u00fcr alpines Wandern: besonders leicht, komfortabel und langlebig dank Nubukleder-Obermaterial. Perfekt f\u00fcr technische Zustiege und den<\/p>\n","protected":false},"featured_media":828079,"template":"","meta":{"_seopress_robots_primary_cat":"none","_seopress_titles_title":"","_seopress_titles_desc":"","_seopress_robots_index":""},"product_brand":[3649],"product_cat":[1419,1431,175],"product_tag":[],"class_list":{"0":"post-828055","1":"product","2":"type-product","3":"status-publish","4":"has-post-thumbnail","6":"product_brand-la-sportiva-de","7":"product_cat-freizeitschuhe","8":"product_cat-herrenschuhe","9":"product_cat-schuhe","11":"first","12":"instock","13":"sale","14":"shipping-taxable","15":"purchasable","16":"product-type-variable","17":"has-default-attributes"},"_links":{"self":[{"href":"https:\/\/lucacastelli.com\/de\/wp-json\/wp\/v2\/product\/828055","targetHints":{"allow":["GET"]}}],"collection":[{"href":"https:\/\/lucacastelli.com\/de\/wp-json\/wp\/v2\/product"}],"about":[{"href":"https:\/\/lucacastelli.com\/de\/wp-json\/wp\/v2\/types\/product"}],"wp:featuredmedia":[{"embeddable":true,"href":"https:\/\/lucacastelli.com\/de\/wp-json\/wp\/v2\/media\/828079"}],"wp:attachment":[{"href":"https:\/\/lucacastelli.com\/de\/wp-json\/wp\/v2\/media?parent=828055"}],"wp:term":[{"taxonomy":"product_brand","embeddable":true,"href":"https:\/\/lucacastelli.com\/de\/wp-json\/wp\/v2\/product_brand?post=828055"},{"taxonomy":"product_cat","embeddable":true,"href":"https:\/\/lucacastelli.com\/de\/wp-json\/wp\/v2\/product_cat?post=828055"},{"taxonomy":"product_tag","embeddable":true,"href":"https:\/\/lucacastelli.com\/de\/wp-json\/wp\/v2\/product_tag?post=828055"}],"curies":[{"name":"wp","href":"https:\/\/api.w.org\/{rel}","templated":true}]}}