{"id":827923,"date":"2026-04-03T09:48:21","date_gmt":"2026-04-03T07:48:21","guid":{"rendered":"https:\/\/lucacastelli.com\/prodotto\/crazy-shirt-lumberjack-light-2\/"},"modified":"2026-04-03T09:48:21","modified_gmt":"2026-04-03T07:48:21","slug":"crazy-shirt-lumberjack-light-2","status":"publish","type":"product","link":"https:\/\/lucacastelli.com\/de\/produkt\/crazy-shirt-lumberjack-light-2\/","title":{"rendered":"CRAZY SHIRT LUMBERJACK LIGHT"},"content":{"rendered":"<p>Lumberjack-Hemd \u2013 technisch, k\u00fchl und vielseitig<\/p>\n<p>Hauptmerkmale<\/p>\n<p>Front\u00f6ffnung mit Druckkn\u00f6pfen<br \/>\nNahtlose Y-Eins\u00e4tze unter den Armen f\u00fcr maximale Bewegungsfreiheit<\/p>\n<p>Produktbeschreibung<br \/>\nDas Shirt Lumberjack ist das neue Must-have der Kollektion: ein Sommerhemd, das markanten Stil mit technischer Performance verbindet.<\/p>\n<p>Gefertigt mit modernen und ansprechenden Prints, bewahrt es dank seines technischen Stretch-Gewebes, das f\u00fcr Komfort und Freiheit in jeder Situation entwickelt wurde, einen hochfunktionalen Kern.<\/p>\n<p>Kurze \u00c4rmel garantieren Frische auch an hei\u00dfesten Tagen, w\u00e4hrend die Gewebestruktur \u2013 vorne kompakt und an R\u00fccken sowie \u00c4rmeln mikroperforiert \u2013 die Atmungsaktivit\u00e4t und Temperaturregulierung f\u00f6rdert.<\/p>\n<p>Nahtlose Y-Eins\u00e4tze unter den Armen verbessern die Beweglichkeit zus\u00e4tzlich und machen dieses Hemd ideal f\u00fcr den Alltag sowie f\u00fcr Outdoor- und Bergaktivit\u00e4ten.<\/p>\n<p>Das Ergebnis?<br \/>\nEin stets tadelloser Stil, auch im Hochgebirge.<\/p>\n","protected":false},"excerpt":{"rendered":"<p>Lumberjack-Hemd \u2013 technisch, k\u00fchl und vielseitig Hauptmerkmale Front\u00f6ffnung mit Druckkn\u00f6pfen Nahtlose Y-Eins\u00e4tze unter den Armen f\u00fcr maximale Bewegungsfreiheit Produktbeschreibung Das<\/p>\n","protected":false},"featured_media":827925,"template":"","meta":{"_seopress_robots_primary_cat":"none","_seopress_titles_title":"","_seopress_titles_desc":"","_seopress_robots_index":""},"product_brand":[3614],"product_cat":[974,975,82],"product_tag":[],"class_list":{"0":"post-827923","1":"product","2":"type-product","3":"status-publish","4":"has-post-thumbnail","6":"product_brand-crazy-de","7":"product_cat-freizeitkleidung","8":"product_cat-herrenbekleidung","9":"product_cat-kleidung","10":"sws-gruppo-abb-libero-de","11":"sws-conto-ricavi-merci-rivendita-abbigliamento-de","12":"sws-gruppo-iva-iva81-de","14":"first","15":"instock","16":"shipping-taxable","17":"product-type-variable","18":"has-default-attributes"},"_links":{"self":[{"href":"https:\/\/lucacastelli.com\/de\/wp-json\/wp\/v2\/product\/827923","targetHints":{"allow":["GET"]}}],"collection":[{"href":"https:\/\/lucacastelli.com\/de\/wp-json\/wp\/v2\/product"}],"about":[{"href":"https:\/\/lucacastelli.com\/de\/wp-json\/wp\/v2\/types\/product"}],"wp:featuredmedia":[{"embeddable":true,"href":"https:\/\/lucacastelli.com\/de\/wp-json\/wp\/v2\/media\/827925"}],"wp:attachment":[{"href":"https:\/\/lucacastelli.com\/de\/wp-json\/wp\/v2\/media?parent=827923"}],"wp:term":[{"taxonomy":"product_brand","embeddable":true,"href":"https:\/\/lucacastelli.com\/de\/wp-json\/wp\/v2\/product_brand?post=827923"},{"taxonomy":"product_cat","embeddable":true,"href":"https:\/\/lucacastelli.com\/de\/wp-json\/wp\/v2\/product_cat?post=827923"},{"taxonomy":"product_tag","embeddable":true,"href":"https:\/\/lucacastelli.com\/de\/wp-json\/wp\/v2\/product_tag?post=827923"}],"curies":[{"name":"wp","href":"https:\/\/api.w.org\/{rel}","templated":true}]}}