{"id":827912,"date":"2026-04-07T17:52:03","date_gmt":"2026-04-07T15:52:03","guid":{"rendered":"https:\/\/lucacastelli.com\/prodotto\/dauner-reissmeter\/"},"modified":"2026-04-07T17:52:03","modified_gmt":"2026-04-07T15:52:03","slug":"dauner-reissmeter","status":"publish","type":"product","link":"https:\/\/lucacastelli.com\/de\/produkt\/dauner-reissmeter\/","title":{"rendered":"Dauner Reissmeter"},"content":{"rendered":"<p>Messlatte, 30 x 30 mm, aus Buchenholz. Einseitige Dezimeterskala mit gut sichtbaren, schwarz eingebrannten Zahlen. Stahlkopf mit zwei Anschl\u00e4gen f\u00fcr Schnittl\u00e4ngen von 100 und 101 cm. Gewicht 1100 g. Mit festem Anreisser.    <\/p>\n","protected":false},"excerpt":{"rendered":"<p>Messlatte, 30 x 30 mm, aus Buchenholz. Einseitige Dezimeterskala mit gut sichtbaren, schwarz eingebrannten Zahlen. Stahlkopf mit zwei Anschl\u00e4gen f\u00fcr<\/p>\n","protected":false},"featured_media":827854,"template":"","meta":{"_seopress_robots_primary_cat":"","_seopress_titles_title":"","_seopress_titles_desc":"","_seopress_robots_index":""},"product_brand":[3651],"product_cat":[1396,150,1700,169,1494],"product_tag":[],"class_list":{"0":"post-827912","1":"product","2":"type-product","3":"status-publish","4":"has-post-thumbnail","6":"product_brand-luca-castelli-legnami-de","7":"product_cat-arbeitsausrustung","8":"product_cat-ausrustung","9":"product_cat-forstwirtschaftliche-werkzeuge-und-zubehor","10":"product_cat-maschinen","11":"product_cat-sonstige-arbeitsausrustung","12":"sws-gruppo-macchinari-de","13":"sws-conto-ricavi-merci-rivendita-macchinari-de","14":"sws-gruppo-iva-iva81-de","16":"first","17":"instock","18":"shipping-taxable","19":"purchasable","20":"product-type-simple"},"_links":{"self":[{"href":"https:\/\/lucacastelli.com\/de\/wp-json\/wp\/v2\/product\/827912","targetHints":{"allow":["GET"]}}],"collection":[{"href":"https:\/\/lucacastelli.com\/de\/wp-json\/wp\/v2\/product"}],"about":[{"href":"https:\/\/lucacastelli.com\/de\/wp-json\/wp\/v2\/types\/product"}],"wp:featuredmedia":[{"embeddable":true,"href":"https:\/\/lucacastelli.com\/de\/wp-json\/wp\/v2\/media\/827854"}],"wp:attachment":[{"href":"https:\/\/lucacastelli.com\/de\/wp-json\/wp\/v2\/media?parent=827912"}],"wp:term":[{"taxonomy":"product_brand","embeddable":true,"href":"https:\/\/lucacastelli.com\/de\/wp-json\/wp\/v2\/product_brand?post=827912"},{"taxonomy":"product_cat","embeddable":true,"href":"https:\/\/lucacastelli.com\/de\/wp-json\/wp\/v2\/product_cat?post=827912"},{"taxonomy":"product_tag","embeddable":true,"href":"https:\/\/lucacastelli.com\/de\/wp-json\/wp\/v2\/product_tag?post=827912"}],"curies":[{"name":"wp","href":"https:\/\/api.w.org\/{rel}","templated":true}]}}