{"id":827885,"date":"2026-04-03T09:54:01","date_gmt":"2026-04-03T07:54:01","guid":{"rendered":"https:\/\/lucacastelli.com\/prodotto\/crazy-sun-hoodie-man\/"},"modified":"2026-04-03T09:54:01","modified_gmt":"2026-04-03T07:54:01","slug":"crazy-sun-hoodie-man","status":"publish","type":"product","link":"https:\/\/lucacastelli.com\/de\/produkt\/crazy-sun-hoodie-man\/","title":{"rendered":"CRAZY SUN HOODIE MAN"},"content":{"rendered":"<p>Sun Hoodie \u2013 UV-Schutz, Komfort und fortschrittliche Technologie<\/p>\n<p>Hauptmerkmale<\/p>\n<p>Moderner und attraktiver All-over-Print<br \/>\nK\u00fchler, leichter und atmungsaktiver Stoff mit UV-Schutz +50<br \/>\nIntegrierte Kapuze f\u00fcr vollst\u00e4ndige Abdeckung<br \/>\nProduktbeschreibung<\/p>\n<p>Das Sun Hoodie ist das ideale Langarmshirt, um sonnige Tage mit maximalem Komfort und Schutz zu genie\u00dfen.<\/p>\n<p>Es wurde f\u00fcr eine vollst\u00e4ndige K\u00f6rperabdeckung entwickelt und kombiniert Frische sowie Atmungsaktivit\u00e4t dank seines ultraleichten technischen Gewebes. Der UV-Schutz +50 schirmt Sonnenstrahlen effektiv ab und macht es perfekt f\u00fcr Outdoor-Aktivit\u00e4ten, Berge und Freizeit. <\/p>\n<p>Das klare Design, bereichert durch den All-over-Print, macht es auch f\u00fcr den t\u00e4glichen Gebrauch vielseitig einsetzbar.<\/p>\n<p>F.I.R. Technologie \u2013 Aktives Wohlbefinden<\/p>\n<p>Die wahre Innovation ist die Integration der F.I.R.-Technologie (Far Infrared Rays) direkt im Gewebe.<\/p>\n<p>Diese Technologie:<\/p>\n<p>Reflektiert die K\u00f6rperw\u00e4rme in Form von Infrarotstrahlen<br \/>\nStimuliert die Blutzirkulation<br \/>\nVerbessert die Sauerstoffversorgung der Muskeln<br \/>\nF\u00f6rdert den Abtransport von Giftstoffen<\/p>\n<p>Ein nat\u00fcrliches System, das zur k\u00f6rperlichen Erholung und zum allgemeinen Wohlbefinden beitr\u00e4gt, was auch im Fitnessbereich sehr gesch\u00e4tzt wird.<\/p>\n<p>Warum Sie es w\u00e4hlen sollten<\/p>\n<p>Ein technisches Shirt mit modernem Look, das Schutz, Leistung und Komfort vereint \u2013 perfekt f\u00fcr jede Situation, vom Sport bis zum Alltag.<\/p>\n","protected":false},"excerpt":{"rendered":"<p>Sun Hoodie \u2013 UV-Schutz, Komfort und fortschrittliche Technologie Hauptmerkmale Moderner und attraktiver All-over-Print K\u00fchler, leichter und atmungsaktiver Stoff mit UV-Schutz<\/p>\n","protected":false},"featured_media":827887,"template":"","meta":{"_seopress_robots_primary_cat":"none","_seopress_titles_title":"","_seopress_titles_desc":"","_seopress_robots_index":""},"product_brand":[3614],"product_cat":[974,975,82],"product_tag":[],"class_list":{"0":"post-827885","1":"product","2":"type-product","3":"status-publish","4":"has-post-thumbnail","6":"product_brand-crazy-de","7":"product_cat-freizeitkleidung","8":"product_cat-herrenbekleidung","9":"product_cat-kleidung","10":"sws-gruppo-abb-libero-de","11":"sws-conto-ricavi-merci-rivendita-abbigliamento-de","12":"sws-gruppo-iva-iva81-de","14":"first","15":"instock","16":"sale","17":"shipping-taxable","18":"product-type-variable","19":"has-default-attributes"},"_links":{"self":[{"href":"https:\/\/lucacastelli.com\/de\/wp-json\/wp\/v2\/product\/827885","targetHints":{"allow":["GET"]}}],"collection":[{"href":"https:\/\/lucacastelli.com\/de\/wp-json\/wp\/v2\/product"}],"about":[{"href":"https:\/\/lucacastelli.com\/de\/wp-json\/wp\/v2\/types\/product"}],"wp:featuredmedia":[{"embeddable":true,"href":"https:\/\/lucacastelli.com\/de\/wp-json\/wp\/v2\/media\/827887"}],"wp:attachment":[{"href":"https:\/\/lucacastelli.com\/de\/wp-json\/wp\/v2\/media?parent=827885"}],"wp:term":[{"taxonomy":"product_brand","embeddable":true,"href":"https:\/\/lucacastelli.com\/de\/wp-json\/wp\/v2\/product_brand?post=827885"},{"taxonomy":"product_cat","embeddable":true,"href":"https:\/\/lucacastelli.com\/de\/wp-json\/wp\/v2\/product_cat?post=827885"},{"taxonomy":"product_tag","embeddable":true,"href":"https:\/\/lucacastelli.com\/de\/wp-json\/wp\/v2\/product_tag?post=827885"}],"curies":[{"name":"wp","href":"https:\/\/api.w.org\/{rel}","templated":true}]}}