{"id":827861,"date":"2026-04-03T10:02:12","date_gmt":"2026-04-03T08:02:12","guid":{"rendered":"https:\/\/lucacastelli.com\/prodotto\/crazy-pull-viper-light\/"},"modified":"2026-04-03T10:02:12","modified_gmt":"2026-04-03T08:02:12","slug":"crazy-pull-viper-light","status":"publish","type":"product","link":"https:\/\/lucacastelli.com\/de\/produkt\/crazy-pull-viper-light\/","title":{"rendered":"CRAZY PULL VIPER LIGHT"},"content":{"rendered":"<p>Pull Viper \u2013 Technischer Mid Layer, leicht und leistungsstark<\/p>\n<p>Hauptmerkmale<\/p>\n<p>Brusttasche mit lasergeschweisstem und verklebtem Reissverschluss<br \/>\nAchseleinsatz aus atmungsaktivem Gewebe<br \/>\nHandtaschen mit unsichtbaren Reissverschl\u00fcssen<br \/>\nReflektierende Logos f\u00fcr bessere Sichtbarkeit<br \/>\nFlachn\u00e4hte in Kontrastfarbe<br \/>\nDurchgehender Frontreissverschluss mit Schutzleiste<br \/>\nSaum mit elastischem Bund<br \/>\nDaumenschlaufe<br \/>\nProduktbeschreibung<\/p>\n<p>Der Pull Viper ist der technischste Mid Layer der Sommerkollektion, komplett neu entwickelt, um das optimale Gleichgewicht zwischen Schutz, Leichtigkeit und Atmungsaktivit\u00e4t zu bieten.<\/p>\n<p>Hergestellt aus Stretch Series Gewebe, garantiert er hervorragende Elastizit\u00e4t und eine ergonomische Passform, die jede Bewegung bei Berg- oder Outdoor-Aktivit\u00e4ten begleitet.<\/p>\n<p>Die atmungsaktiven Eins\u00e4tze unter den Achseln f\u00f6rdern die Bel\u00fcftung und halten den K\u00f6rper auch bei intensivsten Anstrengungen trocken.<\/p>\n<p>Funktionalit\u00e4t und technische Details<\/p>\n<p>Ausgestattet mit einer praktischen Brusttasche mit lasergeschweisstem und verklebtem Reissverschluss sowie Handtaschen mit unsichtbaren Verschl\u00fcssen, bietet er Sicherheit und \u00e4sthetische Klarheit.<\/p>\n<p>Die reflektierenden Logos erh\u00f6hen die Sichtbarkeit bei schlechten Lichtverh\u00e4ltnissen, w\u00e4hrend die Flachn\u00e4hte Reibung reduzieren und dank des Farbkontrasts einen markanten Akzent setzen.<\/p>\n<p>Der vollst\u00e4ndig teilbare Frontreissverschluss mit Schutzleiste und der elastische Saum runden ein Kleidungsst\u00fcck ab, das f\u00fcr Komfort und Leistung in jeder Situation konzipiert wurde.<\/p>\n<p>Warum Sie ihn w\u00e4hlen sollten<\/p>\n<p>Ein technischer und vielseitiger Mid Layer, ideal f\u00fcr alle, die hohe Leistung, Komfort und modernes Design bei Outdoor-Aktivit\u00e4ten suchen.<\/p>\n","protected":false},"excerpt":{"rendered":"<p>Pull Viper \u2013 Technischer Mid Layer, leicht und leistungsstark Hauptmerkmale Brusttasche mit lasergeschweisstem und verklebtem Reissverschluss Achseleinsatz aus atmungsaktivem Gewebe<\/p>\n","protected":false},"featured_media":827862,"template":"","meta":{"_seopress_robots_primary_cat":"none","_seopress_titles_title":"","_seopress_titles_desc":"","_seopress_robots_index":""},"product_brand":[3614],"product_cat":[974,975,82],"product_tag":[],"class_list":{"0":"post-827861","1":"product","2":"type-product","3":"status-publish","4":"has-post-thumbnail","6":"product_brand-crazy-de","7":"product_cat-freizeitkleidung","8":"product_cat-herrenbekleidung","9":"product_cat-kleidung","10":"sws-gruppo-abb-libero-de","11":"sws-conto-ricavi-merci-rivendita-abbigliamento-de","12":"sws-gruppo-iva-iva81-de","14":"first","15":"instock","16":"sale","17":"shipping-taxable","18":"product-type-variable","19":"has-default-attributes"},"_links":{"self":[{"href":"https:\/\/lucacastelli.com\/de\/wp-json\/wp\/v2\/product\/827861","targetHints":{"allow":["GET"]}}],"collection":[{"href":"https:\/\/lucacastelli.com\/de\/wp-json\/wp\/v2\/product"}],"about":[{"href":"https:\/\/lucacastelli.com\/de\/wp-json\/wp\/v2\/types\/product"}],"wp:featuredmedia":[{"embeddable":true,"href":"https:\/\/lucacastelli.com\/de\/wp-json\/wp\/v2\/media\/827862"}],"wp:attachment":[{"href":"https:\/\/lucacastelli.com\/de\/wp-json\/wp\/v2\/media?parent=827861"}],"wp:term":[{"taxonomy":"product_brand","embeddable":true,"href":"https:\/\/lucacastelli.com\/de\/wp-json\/wp\/v2\/product_brand?post=827861"},{"taxonomy":"product_cat","embeddable":true,"href":"https:\/\/lucacastelli.com\/de\/wp-json\/wp\/v2\/product_cat?post=827861"},{"taxonomy":"product_tag","embeddable":true,"href":"https:\/\/lucacastelli.com\/de\/wp-json\/wp\/v2\/product_tag?post=827861"}],"curies":[{"name":"wp","href":"https:\/\/api.w.org\/{rel}","templated":true}]}}