{"id":827688,"date":"2026-04-03T09:36:12","date_gmt":"2026-04-03T07:36:12","guid":{"rendered":"https:\/\/lucacastelli.com\/prodotto\/helly-hansen-oxford-4x-cargo-shorts-2\/"},"modified":"2026-04-03T09:36:12","modified_gmt":"2026-04-03T07:36:12","slug":"helly-hansen-oxford-4x-cargo-shorts-2","status":"publish","type":"product","link":"https:\/\/lucacastelli.com\/de\/produkt\/helly-hansen-oxford-4x-cargo-shorts-2\/","title":{"rendered":"HELLY HANSEN OXFORD 4X CARGO SHORTS"},"content":{"rendered":"<p>Die Oxford 4X Cargo Shorts erm\u00f6glichen Ihnen besseres Arbeiten in jede Richtung dank eines leichten, in vier Richtungen elastischen Gewebes am gesamten Kleidungsst\u00fcck f\u00fcr mehr Bewegungsfreiheit. Hergestellt mit YKK-Reissverschl\u00fcssen und Amann-Garnen garantieren sie h\u00f6here Widerstandsf\u00e4higkeit und Langlebigkeit des Kleidungsst\u00fccks und sind mit zahlreichen Taschen und spezialisierten F\u00e4chern ausgestattet, wie einer Zollstocktasche, einer Schlaufe f\u00fcr den Ausweis und mehr. <\/p>\n<p>F\u00fcr mehr Stabilit\u00e4t und Widerstandsf\u00e4higkeit verf\u00fcgen sie \u00fcber eine breite mittlere G\u00fcrtelschlaufe auf der R\u00fcckseite, w\u00e4hrend kunststoffbeschichtete Metallkn\u00f6pfe empfindliche Oberfl\u00e4chen vor Kratzern sch\u00fctzen. Ideal f\u00fcr aktive Arbeit oder heissere Tage. <\/p>\n<p>Zusammensetzung:<\/p>\n<p>Hauptgewebe: 94 % Polyamid, 6 % Elastan 260 g\/m\u00b2<\/p>\n<p>Sekund\u00e4rgewebe: 79 % Baumwolle, 18 % Polyester, 3 % Elastolefin 265 g\/m\u00b2<\/p>\n<ul>\n<li>YKK\u00ae-Rei\u00dfverschluss<\/li>\n<li>AMANN-Garne<\/li>\n<li>In 4 Richtungen elastisches Gewebe<\/li>\n<li>Leichtes Gewebe<\/li>\n<li>Breite mittlere G\u00fcrtelschlaufe hinten f\u00fcr mehr Stabilit\u00e4t und Widerstandsf\u00e4higkeit<\/li>\n<li>Zwickel im Schritt f\u00fcr Bewegungsfreiheit<\/li>\n<li>Oberschenkeltaschen mit Knopfverschluss<\/li>\n<li>Kunststoffbeschichtete Metallkn\u00f6pfe<\/li>\n<li>Schlaufe f\u00fcr Ausweis<\/li>\n<li>Reflektierende Designdetails<\/li>\n<\/ul>\n","protected":false},"excerpt":{"rendered":"<p>Die Oxford 4X Cargo Shorts erm\u00f6glichen Ihnen besseres Arbeiten in jede Richtung dank eines leichten, in vier Richtungen elastischen Gewebes<\/p>\n","protected":false},"featured_media":827682,"template":"","meta":{"_seopress_robots_primary_cat":"none","_seopress_titles_title":"","_seopress_titles_desc":"","_seopress_robots_index":""},"product_brand":[4686],"product_cat":[1382,82],"product_tag":[],"class_list":{"0":"post-827688","1":"product","2":"type-product","3":"status-publish","4":"has-post-thumbnail","6":"product_brand-helly-hansen-workwear-de","7":"product_cat-arbeitskleidung","8":"product_cat-kleidung","9":"sws-gruppo-abb-libero-de","10":"sws-conto-ricavi-merci-rivendita-abbigliamento-de","11":"sws-gruppo-iva-iva81-de","13":"first","14":"instock","15":"shipping-taxable","16":"purchasable","17":"product-type-variable","18":"has-default-attributes"},"_links":{"self":[{"href":"https:\/\/lucacastelli.com\/de\/wp-json\/wp\/v2\/product\/827688","targetHints":{"allow":["GET"]}}],"collection":[{"href":"https:\/\/lucacastelli.com\/de\/wp-json\/wp\/v2\/product"}],"about":[{"href":"https:\/\/lucacastelli.com\/de\/wp-json\/wp\/v2\/types\/product"}],"wp:featuredmedia":[{"embeddable":true,"href":"https:\/\/lucacastelli.com\/de\/wp-json\/wp\/v2\/media\/827682"}],"wp:attachment":[{"href":"https:\/\/lucacastelli.com\/de\/wp-json\/wp\/v2\/media?parent=827688"}],"wp:term":[{"taxonomy":"product_brand","embeddable":true,"href":"https:\/\/lucacastelli.com\/de\/wp-json\/wp\/v2\/product_brand?post=827688"},{"taxonomy":"product_cat","embeddable":true,"href":"https:\/\/lucacastelli.com\/de\/wp-json\/wp\/v2\/product_cat?post=827688"},{"taxonomy":"product_tag","embeddable":true,"href":"https:\/\/lucacastelli.com\/de\/wp-json\/wp\/v2\/product_tag?post=827688"}],"curies":[{"name":"wp","href":"https:\/\/api.w.org\/{rel}","templated":true}]}}