{"id":827618,"date":"2026-04-03T16:50:26","date_gmt":"2026-04-03T14:50:26","guid":{"rendered":"https:\/\/lucacastelli.com\/?post_type=product&#038;p=827618"},"modified":"2026-04-03T17:35:30","modified_gmt":"2026-04-03T15:35:30","slug":"la-sportiva-tx4-damen-gtx-copia","status":"publish","type":"product","link":"https:\/\/lucacastelli.com\/de\/produkt\/la-sportiva-tx4-damen-gtx-copia\/","title":{"rendered":"LA SPORTIVA TX4 Damen GTX (Copia)"},"content":{"rendered":"<p>Lederschuh mit Gore-Tex Extended Comfort-Futter, der f\u00fcr technische Zustiege und Klettersteige entwickelt wurde, geh\u00f6rt zur Traverse X Zustiegsserie: ideal f\u00fcr den l\u00e4ngeren Gebrauch durch Bergf\u00fchrer und Operatoren. Jedes Detail ist so konzipiert, dass es Halt, Komfort und Schutz w\u00e4hrend des Zustiegs gew\u00e4hrleistet und den technischen Einsatz bis zum Fu\u00df der Wand erleichtert. <\/p>\n<p>TX4 ist ein robuster &#8220;built to last&#8221;-Schuh, der dank des STB Control System-Konstruktionssystems\u2122, das Struktur und Torsionsstabilit\u00e4t bietet, auf lange Lebensdauer ausgelegt ist. Sauberes und essentielles Design dank des Obermaterials aus sehr rubusta-Leder, hohe Abriebfestigkeit dank der umlaufenden Pu TechLite-Kante, Vibram MegaGrip-Sohle mit Kletterzone an der Spitze und Impact Brake System hinten: entwickelt f\u00fcr das Klettern und Wiederkehren in technischem Gel\u00e4nde. Das Schn\u00fcrsystem leitet sich vom Klettermodell Mythos ab und erm\u00f6glicht die Einstellung von Spannung und Passformvolumen in einer einzigen Bewegung. Traverse X ist der ultimative Ausdruck davon, sich bequem, schnell und sicher in den Bergen zu bewegen.   <\/p>\n<p>Obermaterial:<br \/>\n Wildleder + 1,5 mm TechLite PU-Schutzrand und Zehenschutzkappe aus Gummi<\/p>\n<p>Futter:<br \/>\n Gore-Tex Extended Comfort<\/p>\n<p>Zwischensohle:<br \/>\n Sto\u00dfd\u00e4mpfendes Injektions-EVA<\/p>\n<p>Fu\u00dfbett:<br \/>\n Ortholite Approach 4mm<\/p>\n<p>Sohle:<br \/>\n Vibram Mega-Grip mit Impact Brake System und Kletterzone im Zehenbereich<\/p>\n<p>Gr\u00f6\u00dfen:<br \/>\n36 \u2013 42 inkl. halber Gr\u00f6\u00dfen<\/p>\n<p>Patente:<br \/>\n Myhtos Schn\u00fcrsystem<\/p>\n<p>Gewicht:<br \/>\n 330gr pro halbes Paar<\/p>\n","protected":false},"excerpt":{"rendered":"<p>Lederschuh mit Gore-Tex Extended Comfort-Futter, der f\u00fcr technische Zustiege und Klettersteige entwickelt wurde, geh\u00f6rt zur Traverse X Zustiegsserie: ideal f\u00fcr<\/p>\n","protected":false},"featured_media":827781,"template":"","meta":{"_seopress_robots_primary_cat":"none","_seopress_titles_title":"","_seopress_titles_desc":"","_seopress_robots_index":""},"product_brand":[3649],"product_cat":[175,1419,1430],"product_tag":[],"class_list":{"0":"post-827618","1":"product","2":"type-product","3":"status-publish","4":"has-post-thumbnail","6":"product_brand-la-sportiva-de","7":"product_cat-schuhe","8":"product_cat-freizeitschuhe","9":"product_cat-damen-schuhe","10":"sws-gruppo-abb-libero-de","11":"sws-conto-ricavi-merci-rivendita-abbigliamento-de","12":"sws-gruppo-iva-iva81-de","14":"first","15":"instock","16":"sale","17":"shipping-taxable","18":"purchasable","19":"product-type-variable"},"_links":{"self":[{"href":"https:\/\/lucacastelli.com\/de\/wp-json\/wp\/v2\/product\/827618","targetHints":{"allow":["GET"]}}],"collection":[{"href":"https:\/\/lucacastelli.com\/de\/wp-json\/wp\/v2\/product"}],"about":[{"href":"https:\/\/lucacastelli.com\/de\/wp-json\/wp\/v2\/types\/product"}],"wp:featuredmedia":[{"embeddable":true,"href":"https:\/\/lucacastelli.com\/de\/wp-json\/wp\/v2\/media\/827781"}],"wp:attachment":[{"href":"https:\/\/lucacastelli.com\/de\/wp-json\/wp\/v2\/media?parent=827618"}],"wp:term":[{"taxonomy":"product_brand","embeddable":true,"href":"https:\/\/lucacastelli.com\/de\/wp-json\/wp\/v2\/product_brand?post=827618"},{"taxonomy":"product_cat","embeddable":true,"href":"https:\/\/lucacastelli.com\/de\/wp-json\/wp\/v2\/product_cat?post=827618"},{"taxonomy":"product_tag","embeddable":true,"href":"https:\/\/lucacastelli.com\/de\/wp-json\/wp\/v2\/product_tag?post=827618"}],"curies":[{"name":"wp","href":"https:\/\/api.w.org\/{rel}","templated":true}]}}