{"id":827539,"date":"2026-04-02T08:20:58","date_gmt":"2026-04-02T06:20:58","guid":{"rendered":"https:\/\/lucacastelli.com\/prodotto\/ortovox-trace-shorts-w-2\/"},"modified":"2026-04-02T08:20:58","modified_gmt":"2026-04-02T06:20:58","slug":"ortovox-trace-shorts-w-2","status":"publish","type":"product","link":"https:\/\/lucacastelli.com\/de\/produkt\/ortovox-trace-shorts-w-2\/","title":{"rendered":"ORTOVOX TRACE SHORTS W"},"content":{"rendered":"<p>MAXIMALE LEICHTIGKEIT UND BEWEGUNGSFREIHEIT<br \/>\nExtrem leichte Shorts mit viel Bewegungsfreiheit f\u00fcr schnelle H\u00f6henmeter<\/p>\n<p>Highlights<br \/>\nExtrem leicht<br \/>\nFeuchtigkeitsregulierender Merino-Bund f\u00fcr maximalen Komfort<br \/>\nLockerer Schnitt<br \/>\nUltraleicht, noch schneller. Die vielseitigen und minimalistischen TRACE SHORTS sind f\u00fcr alle konzipiert, die ihr Bestes geben wollen. Das ultraleichte SHIELD ULTRA LIGHT Material ist so d\u00fcnn und flexibel, dass man es kaum sp\u00fcrt. Dieses hochgradig atmungsaktive, robuste Gewebe trocknet schnell und ist ideal f\u00fcr anspruchsvolle Touren in der warmen Jahreszeit. Das 4-Wege-Stretch-Material und der lockere Schnitt bieten volle Bewegungsfreiheit, w\u00e4hrend der elastische Merino-Bund weich auf der Haut liegt und die K\u00f6rpertemperatur nat\u00fcrlich reguliert. Mehr Freiheit, weniger Gewicht.     <\/p>\n<p>Eigenschaften<br \/>\nElastischer Merino-Saum<br \/>\nVerstellbarer Bund mit Kordelzug<br \/>\n2 Seitentaschen<\/p>\n<p>HAUPTMATERIAL: 85 % Polyamid (recycelt) + 15 % Elasthan, BUND: 67 % Schurwolle (MERINO) + 20 % Polyester + 13 % Elasthan<br \/>\nSHIELD ULTRA LIGHT: 4-Wege-Stretch-Material, Strapazierf\u00e4hig (mind. 30.000 Scheuerzyklen im Martindale-Test), Wasserabweisend, Leicht, Schnelltrocknend, Atmungsaktiv<\/p>\n","protected":false},"excerpt":{"rendered":"<p>MAXIMALE LEICHTIGKEIT UND BEWEGUNGSFREIHEIT Extrem leichte Shorts mit viel Bewegungsfreiheit f\u00fcr schnelle H\u00f6henmeter Highlights Extrem leicht Feuchtigkeitsregulierender Merino-Bund f\u00fcr maximalen<\/p>\n","protected":false},"featured_media":827476,"template":"","meta":{"_seopress_robots_primary_cat":"none","_seopress_titles_title":"","_seopress_titles_desc":"","_seopress_robots_index":""},"product_brand":[3280],"product_cat":[21,189,200],"product_tag":[],"class_list":{"0":"post-827539","1":"product","2":"type-product","3":"status-publish","4":"has-post-thumbnail","6":"product_brand-ortovox","7":"product_cat-abbigliamento","8":"product_cat-abbigliamento-per-il-tempo-libero","9":"product_cat-abbigliamento-da-donna","10":"sws-gruppo-abb-libero-de","11":"sws-conto-ricavi-merci-rivendita-abbigliamento-de","12":"sws-gruppo-iva-iva81-de","14":"first","15":"instock","16":"shipping-taxable","17":"purchasable","18":"product-type-variable","19":"has-default-attributes"},"_links":{"self":[{"href":"https:\/\/lucacastelli.com\/de\/wp-json\/wp\/v2\/product\/827539","targetHints":{"allow":["GET"]}}],"collection":[{"href":"https:\/\/lucacastelli.com\/de\/wp-json\/wp\/v2\/product"}],"about":[{"href":"https:\/\/lucacastelli.com\/de\/wp-json\/wp\/v2\/types\/product"}],"wp:featuredmedia":[{"embeddable":true,"href":"https:\/\/lucacastelli.com\/de\/wp-json\/wp\/v2\/media\/827476"}],"wp:attachment":[{"href":"https:\/\/lucacastelli.com\/de\/wp-json\/wp\/v2\/media?parent=827539"}],"wp:term":[{"taxonomy":"product_brand","embeddable":true,"href":"https:\/\/lucacastelli.com\/de\/wp-json\/wp\/v2\/product_brand?post=827539"},{"taxonomy":"product_cat","embeddable":true,"href":"https:\/\/lucacastelli.com\/de\/wp-json\/wp\/v2\/product_cat?post=827539"},{"taxonomy":"product_tag","embeddable":true,"href":"https:\/\/lucacastelli.com\/de\/wp-json\/wp\/v2\/product_tag?post=827539"}],"curies":[{"name":"wp","href":"https:\/\/api.w.org\/{rel}","templated":true}]}}