{"id":827506,"date":"2026-04-02T08:46:33","date_gmt":"2026-04-02T06:46:33","guid":{"rendered":"https:\/\/lucacastelli.com\/prodotto\/ortovox-trace-pants-m\/"},"modified":"2026-04-02T08:46:33","modified_gmt":"2026-04-02T06:46:33","slug":"ortovox-trace-pants-m","status":"publish","type":"product","link":"https:\/\/lucacastelli.com\/de\/produkt\/ortovox-trace-pants-m\/","title":{"rendered":"ORTOVOX TRACE PANTS M"},"content":{"rendered":"<p>MAXIMALE LEICHTIGKEIT UND BEWEGUNGSFREIHEIT<br \/>\nUltraleichte Berghose f\u00fcr maximale Bewegungsfreiheit in grossen H\u00f6hen<\/p>\n<p>Highlights<br \/>\nExtrem leicht<br \/>\nFeuchtigkeitsregulierender Merinowolle-Bund f\u00fcr maximalen Komfort<br \/>\nEntspannter Schnitt<br \/>\nUltraleicht, noch schneller. Vielseitig und minimalistisch \u2013 die TRACE PANTS sind bereit f\u00fcr H\u00f6chstleistungen. Das ultraleichte SHIELD ULTRA LIGHT Material ist so d\u00fcnn und flexibel, dass man es kaum sp\u00fcrt. Hochatmungsaktiv trocknet dieses robuste Gewebe schnell und ist ideal f\u00fcr anspruchsvolle Touren in der warmen Jahreszeit. Das 4-Wege-Stretch-Material und der lockere Schnitt bieten absolute Bewegungsfreiheit, w\u00e4hrend der elastische Merino-Bund weich auf der Haut liegt und die K\u00f6rpertemperatur auf nat\u00fcrliche Weise reguliert. Mehr Freiheit, weniger Gewicht.     <\/p>\n<p>&nbsp;<\/p>\n<p>Eigenschaften<br \/>\nElastischer Merino-Saum<br \/>\nVerstellbarer Bund mit Kordelzug<br \/>\n2 Seitentaschen<br \/>\n1 versteckte Reissverschlusstasche am Oberschenkel<br \/>\nVorgeformter Kniebereich<br \/>\nVoreingestellte Beinabschl\u00fcsse<\/p>\n<div id=\"acc_material_properties_collapse\" class=\"accordion-collapse cms-element-acris-accordion-content collapse show\" aria-labelledby=\"acc_material_properties_heading\" data-bs-parent=\"#acc_properties\">\n<div class=\"accordion-body\">\n<p>&nbsp;<\/p>\n<p>Material<br \/>\nHAUPTMATERIAL: 85% Polyamid (recycelt) + 15% Elastan, BUND: 67% Schurwolle (MERINO) + 20% Polyester + 13% Elastan<br \/>\nSHIELD ULTRA LIGHT: 4-Wege-Stretch-Gewebe, Strapazierf\u00e4hig (min. 30.000 Scheuerzyklen im Martindale-Test), Wasserabweisend, Leicht, Schnelltrocknend, Atmungsaktiv<\/p>\n<\/div>\n<\/div>\n","protected":false},"excerpt":{"rendered":"<p>MAXIMALE LEICHTIGKEIT UND BEWEGUNGSFREIHEIT Ultraleichte Berghose f\u00fcr maximale Bewegungsfreiheit in grossen H\u00f6hen Highlights Extrem leicht Feuchtigkeitsregulierender Merinowolle-Bund f\u00fcr maximalen Komfort<\/p>\n","protected":false},"featured_media":827493,"template":"","meta":{"_seopress_robots_primary_cat":"none","_seopress_titles_title":"","_seopress_titles_desc":"","_seopress_robots_index":""},"product_brand":[3280],"product_cat":[21,189,190],"product_tag":[],"class_list":{"0":"post-827506","1":"product","2":"type-product","3":"status-publish","4":"has-post-thumbnail","6":"product_brand-ortovox","7":"product_cat-abbigliamento","8":"product_cat-abbigliamento-per-il-tempo-libero","9":"product_cat-abbigliamento-da-uomo","10":"sws-gruppo-abb-libero-de","11":"sws-conto-ricavi-merci-rivendita-abbigliamento-de","12":"sws-gruppo-iva-iva81-de","14":"first","15":"instock","16":"shipping-taxable","17":"purchasable","18":"product-type-variable","19":"has-default-attributes"},"_links":{"self":[{"href":"https:\/\/lucacastelli.com\/de\/wp-json\/wp\/v2\/product\/827506","targetHints":{"allow":["GET"]}}],"collection":[{"href":"https:\/\/lucacastelli.com\/de\/wp-json\/wp\/v2\/product"}],"about":[{"href":"https:\/\/lucacastelli.com\/de\/wp-json\/wp\/v2\/types\/product"}],"wp:featuredmedia":[{"embeddable":true,"href":"https:\/\/lucacastelli.com\/de\/wp-json\/wp\/v2\/media\/827493"}],"wp:attachment":[{"href":"https:\/\/lucacastelli.com\/de\/wp-json\/wp\/v2\/media?parent=827506"}],"wp:term":[{"taxonomy":"product_brand","embeddable":true,"href":"https:\/\/lucacastelli.com\/de\/wp-json\/wp\/v2\/product_brand?post=827506"},{"taxonomy":"product_cat","embeddable":true,"href":"https:\/\/lucacastelli.com\/de\/wp-json\/wp\/v2\/product_cat?post=827506"},{"taxonomy":"product_tag","embeddable":true,"href":"https:\/\/lucacastelli.com\/de\/wp-json\/wp\/v2\/product_tag?post=827506"}],"curies":[{"name":"wp","href":"https:\/\/api.w.org\/{rel}","templated":true}]}}