{"id":827349,"date":"2026-03-31T09:42:43","date_gmt":"2026-03-31T07:42:43","guid":{"rendered":"https:\/\/lucacastelli.com\/prodotto\/crazy-shirt-shirt-resolution\/"},"modified":"2026-03-31T09:42:43","modified_gmt":"2026-03-31T07:42:43","slug":"crazy-shirt-shirt-resolution","status":"publish","type":"product","link":"https:\/\/lucacastelli.com\/de\/produkt\/crazy-shirt-shirt-resolution\/","title":{"rendered":"CRAZY SHIRT SHIRT RESOLUTION"},"content":{"rendered":"<p>Eigenschaften<\/p>\n<p>Hybridkonstruktion mit drei verschiedenen Stoffen<\/p>\n<p>Flachn\u00e4hte in Kontrastfarbe<\/p>\n<p>Reflektierende Logos<\/p>\n<p>Beschreibung<\/p>\n<p>Das T-Shirt Resolution f\u00fchrt ein innovatives Design in die Kollektion ein und vervollst\u00e4ndigt die Resolution-Linie, eine der beliebtesten der Herrensortiments.<\/p>\n<p>Die ideale Wahl f\u00fcr Trekking, dank einer Struktur, die das richtige Gleichgewicht zwischen Schutz und Atmungsaktivit\u00e4t bei Outdoor-Aktivit\u00e4ten bietet.<\/p>\n<p>Die Hybridkonstruktion kombiniert das kompakte und komfortable Hauptgewebe Coolwave mit Eins\u00e4tzen aus Performesh, einer leichten, schnelltrocknenden Mikrofaser mit Geruchshemmung, erg\u00e4nzt durch technisches S-Caf\u00e9-Mesh f\u00fcr verbesserte Bel\u00fcftung.<\/p>\n<p>Diese Kombination technischer Materialien gew\u00e4hrleistet zudem einen guten UV-Schutz und macht das Kleidungsst\u00fcck auch f\u00fcr anspruchsvollste Bedingungen geeignet.<\/p>\n","protected":false},"excerpt":{"rendered":"<p>Eigenschaften Hybridkonstruktion mit drei verschiedenen Stoffen Flachn\u00e4hte in Kontrastfarbe Reflektierende Logos Beschreibung Das T-Shirt Resolution f\u00fchrt ein innovatives Design in<\/p>\n","protected":false},"featured_media":826968,"template":"","meta":{"_seopress_robots_primary_cat":"none","_seopress_titles_title":"","_seopress_titles_desc":"","_seopress_robots_index":""},"product_brand":[3614],"product_cat":[974,975,82],"product_tag":[],"class_list":{"0":"post-827349","1":"product","2":"type-product","3":"status-publish","4":"has-post-thumbnail","6":"product_brand-crazy-de","7":"product_cat-freizeitkleidung","8":"product_cat-herrenbekleidung","9":"product_cat-kleidung","10":"sws-gruppo-abb-libero-de","11":"sws-conto-ricavi-merci-rivendita-abbigliamento-de","12":"sws-gruppo-iva-iva81-de","14":"first","15":"instock","16":"sale","17":"shipping-taxable","18":"purchasable","19":"product-type-variable","20":"has-default-attributes"},"_links":{"self":[{"href":"https:\/\/lucacastelli.com\/de\/wp-json\/wp\/v2\/product\/827349","targetHints":{"allow":["GET"]}}],"collection":[{"href":"https:\/\/lucacastelli.com\/de\/wp-json\/wp\/v2\/product"}],"about":[{"href":"https:\/\/lucacastelli.com\/de\/wp-json\/wp\/v2\/types\/product"}],"wp:featuredmedia":[{"embeddable":true,"href":"https:\/\/lucacastelli.com\/de\/wp-json\/wp\/v2\/media\/826968"}],"wp:attachment":[{"href":"https:\/\/lucacastelli.com\/de\/wp-json\/wp\/v2\/media?parent=827349"}],"wp:term":[{"taxonomy":"product_brand","embeddable":true,"href":"https:\/\/lucacastelli.com\/de\/wp-json\/wp\/v2\/product_brand?post=827349"},{"taxonomy":"product_cat","embeddable":true,"href":"https:\/\/lucacastelli.com\/de\/wp-json\/wp\/v2\/product_cat?post=827349"},{"taxonomy":"product_tag","embeddable":true,"href":"https:\/\/lucacastelli.com\/de\/wp-json\/wp\/v2\/product_tag?post=827349"}],"curies":[{"name":"wp","href":"https:\/\/api.w.org\/{rel}","templated":true}]}}