{"id":827336,"date":"2026-03-31T12:54:36","date_gmt":"2026-03-31T10:54:36","guid":{"rendered":"https:\/\/lucacastelli.com\/prodotto\/crazy-shirt-air\/"},"modified":"2026-03-31T12:54:36","modified_gmt":"2026-03-31T10:54:36","slug":"crazy-shirt-air","status":"publish","type":"product","link":"https:\/\/lucacastelli.com\/de\/produkt\/crazy-shirt-air\/","title":{"rendered":"CRAZY SHIRT AIR"},"content":{"rendered":"<p>Eigenschaften<\/p>\n<p>Hybridkonstruktion mit ultraleichten Stoffen<\/p>\n<p>All-over-Prints<\/p>\n<p>Schultern mit reflektierenden Eins\u00e4tzen<\/p>\n<p>Flachn\u00e4hte in Kontrastfarbe<\/p>\n<p>Verklebter Saum am unteren Rand<\/p>\n<p>Reflektierende Logos<\/p>\n<p>Schweissableitender Einsatz<\/p>\n<p>Beschreibung<\/p>\n<p>Das Air T-Shirt ist f\u00fcr Trailrunning und hochintensive Aktivit\u00e4ten konzipiert und bietet auch an den heissesten Tagen hohe Leistung.<\/p>\n<p>Es ist aus Light Stretch Layer gefertigt, einem extrem leichten und atmungsaktiven Stoff (nur 47 g\/m\u00b2), der speziell f\u00fcr Laufbekleidung entwickelt wurde. Diese Konstruktion gew\u00e4hrleistet ein optimales Feuchtigkeitsmanagement und ein konstantes Frischegef\u00fchl. <\/p>\n<p>Das mikroperforierte Mesh auf R\u00fccken und \u00c4rmeln verbessert die Bel\u00fcftung zus\u00e4tzlich, w\u00e4hrend das mikroperforierte Mapping vorne die Atmungsaktivit\u00e4t in den Bereichen mit st\u00e4rkerer Schweissbildung erh\u00f6ht.<\/p>\n<p>Die reflektierenden Eins\u00e4tze an den Schultern verbessern nicht nur die Sichtbarkeit bei schlechten Lichtverh\u00e4ltnissen, sondern bieten auch eine h\u00f6here Abriebfestigkeit, ideal f\u00fcr die Verwendung mit Rucksack.<\/p>\n<p>Der lasergeschnittene und verklebte untere Saum sorgt f\u00fcr eine pr\u00e4zise Verarbeitung und reduziert Reibung, w\u00e4hrend die kontrastierende Halseinfassung das technische und moderne Design des Kleidungsst\u00fccks abrundet.<\/p>\n","protected":false},"excerpt":{"rendered":"<p>Eigenschaften Hybridkonstruktion mit ultraleichten Stoffen All-over-Prints Schultern mit reflektierenden Eins\u00e4tzen Flachn\u00e4hte in Kontrastfarbe Verklebter Saum am unteren Rand Reflektierende Logos<\/p>\n","protected":false},"featured_media":827059,"template":"","meta":{"_seopress_robots_primary_cat":"none","_seopress_titles_title":"","_seopress_titles_desc":"","_seopress_robots_index":""},"product_brand":[3614],"product_cat":[974,975,82],"product_tag":[],"class_list":{"0":"post-827336","1":"product","2":"type-product","3":"status-publish","4":"has-post-thumbnail","6":"product_brand-crazy-de","7":"product_cat-freizeitkleidung","8":"product_cat-herrenbekleidung","9":"product_cat-kleidung","10":"sws-gruppo-abb-libero-de","11":"sws-conto-ricavi-merci-rivendita-abbigliamento-de","12":"sws-gruppo-iva-iva81-de","14":"first","15":"instock","16":"sale","17":"shipping-taxable","18":"product-type-variable","19":"has-default-attributes"},"_links":{"self":[{"href":"https:\/\/lucacastelli.com\/de\/wp-json\/wp\/v2\/product\/827336","targetHints":{"allow":["GET"]}}],"collection":[{"href":"https:\/\/lucacastelli.com\/de\/wp-json\/wp\/v2\/product"}],"about":[{"href":"https:\/\/lucacastelli.com\/de\/wp-json\/wp\/v2\/types\/product"}],"wp:featuredmedia":[{"embeddable":true,"href":"https:\/\/lucacastelli.com\/de\/wp-json\/wp\/v2\/media\/827059"}],"wp:attachment":[{"href":"https:\/\/lucacastelli.com\/de\/wp-json\/wp\/v2\/media?parent=827336"}],"wp:term":[{"taxonomy":"product_brand","embeddable":true,"href":"https:\/\/lucacastelli.com\/de\/wp-json\/wp\/v2\/product_brand?post=827336"},{"taxonomy":"product_cat","embeddable":true,"href":"https:\/\/lucacastelli.com\/de\/wp-json\/wp\/v2\/product_cat?post=827336"},{"taxonomy":"product_tag","embeddable":true,"href":"https:\/\/lucacastelli.com\/de\/wp-json\/wp\/v2\/product_tag?post=827336"}],"curies":[{"name":"wp","href":"https:\/\/api.w.org\/{rel}","templated":true}]}}