{"id":827331,"date":"2026-03-31T13:00:35","date_gmt":"2026-03-31T11:00:35","guid":{"rendered":"https:\/\/lucacastelli.com\/prodotto\/crazy-long-sleeve-shot-man\/"},"modified":"2026-03-31T13:00:35","modified_gmt":"2026-03-31T11:00:35","slug":"crazy-long-sleeve-shot-man","status":"publish","type":"product","link":"https:\/\/lucacastelli.com\/de\/produkt\/crazy-long-sleeve-shot-man\/","title":{"rendered":"CRAZY LONG-SLEEVE SHOT MAN"},"content":{"rendered":"<p>Eigenschaften<\/p>\n<p>Kontrastn\u00e4hte<\/p>\n<p>Reflektierende Logos<\/p>\n<p>Reflektierender Druck auf den Schultern<\/p>\n<p>Daumenschlaufe<\/p>\n<p>Beschreibung<\/p>\n<p>Technisches Langarm-T-Shirt, ideal f\u00fcr Trekking, entwickelt f\u00fcr das richtige Gleichgewicht zwischen Schutz und Atmungsaktivit\u00e4t.<\/p>\n<p>Die langen \u00c4rmel garantieren einen h\u00f6heren Schutz, w\u00e4hrend die Kombination aus Stretch Series- und Coolwave-Stoffen Komfort, Elastizit\u00e4t und ein gutes Feuchtigkeitsmanagement auch w\u00e4hrend der Aktivit\u00e4t gew\u00e4hrleistet.<\/p>\n<p>Der Performesh-Netzeinsatz am R\u00fccken verbessert die Bel\u00fcftung zus\u00e4tzlich und erweist sich auch beim Tragen eines Rucksacks als besonders effektiv.<\/p>\n<p>Der reflektierende Druck auf den Schultern bietet zus\u00e4tzlichen Schutz in den am st\u00e4rksten beanspruchten Bereichen und unterstreicht den technischen Look des Kleidungsst\u00fccks, wodurch es sich f\u00fcr dynamische Outdoor-Aktivit\u00e4ten eignet.<\/p>\n","protected":false},"excerpt":{"rendered":"<p>Eigenschaften Kontrastn\u00e4hte Reflektierende Logos Reflektierender Druck auf den Schultern Daumenschlaufe Beschreibung Technisches Langarm-T-Shirt, ideal f\u00fcr Trekking, entwickelt f\u00fcr das richtige<\/p>\n","protected":false},"featured_media":827067,"template":"","meta":{"_seopress_robots_primary_cat":"none","_seopress_titles_title":"","_seopress_titles_desc":"","_seopress_robots_index":""},"product_brand":[3614],"product_cat":[974,975,82],"product_tag":[],"class_list":{"0":"post-827331","1":"product","2":"type-product","3":"status-publish","4":"has-post-thumbnail","6":"product_brand-crazy-de","7":"product_cat-freizeitkleidung","8":"product_cat-herrenbekleidung","9":"product_cat-kleidung","10":"sws-gruppo-abb-libero-de","11":"sws-conto-ricavi-merci-rivendita-abbigliamento-de","12":"sws-gruppo-iva-iva81-de","14":"first","15":"instock","16":"sale","17":"shipping-taxable","18":"product-type-variable","19":"has-default-attributes"},"_links":{"self":[{"href":"https:\/\/lucacastelli.com\/de\/wp-json\/wp\/v2\/product\/827331","targetHints":{"allow":["GET"]}}],"collection":[{"href":"https:\/\/lucacastelli.com\/de\/wp-json\/wp\/v2\/product"}],"about":[{"href":"https:\/\/lucacastelli.com\/de\/wp-json\/wp\/v2\/types\/product"}],"wp:featuredmedia":[{"embeddable":true,"href":"https:\/\/lucacastelli.com\/de\/wp-json\/wp\/v2\/media\/827067"}],"wp:attachment":[{"href":"https:\/\/lucacastelli.com\/de\/wp-json\/wp\/v2\/media?parent=827331"}],"wp:term":[{"taxonomy":"product_brand","embeddable":true,"href":"https:\/\/lucacastelli.com\/de\/wp-json\/wp\/v2\/product_brand?post=827331"},{"taxonomy":"product_cat","embeddable":true,"href":"https:\/\/lucacastelli.com\/de\/wp-json\/wp\/v2\/product_cat?post=827331"},{"taxonomy":"product_tag","embeddable":true,"href":"https:\/\/lucacastelli.com\/de\/wp-json\/wp\/v2\/product_tag?post=827331"}],"curies":[{"name":"wp","href":"https:\/\/api.w.org\/{rel}","templated":true}]}}