{"id":827322,"date":"2026-03-31T12:38:30","date_gmt":"2026-03-31T10:38:30","guid":{"rendered":"https:\/\/lucacastelli.com\/prodotto\/crazy-short-traverse-man\/"},"modified":"2026-03-31T12:38:30","modified_gmt":"2026-03-31T10:38:30","slug":"crazy-short-traverse-man","status":"publish","type":"product","link":"https:\/\/lucacastelli.com\/de\/produkt\/crazy-short-traverse-man\/","title":{"rendered":"CRAZY SHORT TRAVERSE MAN"},"content":{"rendered":"<p>Eigenschaften<\/p>\n<p>Seitentasche mit Rei\u00dfverschluss am rechten Bein<\/p>\n<p>Easy-Pocket-Tasche am linken Bein<\/p>\n<p>Elastischer Bund<\/p>\n<p>Reflektierende Logos<\/p>\n<p>Verklebte S\u00e4ume<\/p>\n<p>Beschreibung<\/p>\n<p>Die Traverse-Linie wurde f\u00fcr leichtes Trekking und Wanderungen im Mittelgebirge entwickelt und bietet technische, praktische und vielseitige Bekleidung.<\/p>\n<p>Diese Shorts zeichnen sich durch ihr schlichtes Design und ihre durchdachte Konstruktion aus, die das richtige Gleichgewicht zwischen Komfort, Schutz und Bewegungsfreiheit gew\u00e4hrleistet und sie ideal f\u00fcr Outdoor-Aktivit\u00e4ten macht.<\/p>\n<p>Der elastische Bund, der mit einem neuen, stabileren und komfortableren Gummiband ausgestattet wurde, ist \u00fcber eine interne Kordel verstellbar und gew\u00e4hrleistet eine pr\u00e4zise Passform w\u00e4hrend der Nutzung.<\/p>\n<p>Hergestellt aus Lite-Guard-Gewebe, zeichnet sie sich durch Leichtigkeit und Kompaktheit aus und bietet gleichzeitig guten Schutz sowie Komfort auch bei anspruchsvolleren Wanderungen.<\/p>\n","protected":false},"excerpt":{"rendered":"<p>Eigenschaften Seitentasche mit Rei\u00dfverschluss am rechten Bein Easy-Pocket-Tasche am linken Bein Elastischer Bund Reflektierende Logos Verklebte S\u00e4ume Beschreibung Die Traverse-Linie<\/p>\n","protected":false},"featured_media":827039,"template":"","meta":{"_seopress_robots_primary_cat":"none","_seopress_titles_title":"","_seopress_titles_desc":"","_seopress_robots_index":""},"product_brand":[3614],"product_cat":[974,975,82],"product_tag":[],"class_list":{"0":"post-827322","1":"product","2":"type-product","3":"status-publish","4":"has-post-thumbnail","6":"product_brand-crazy-de","7":"product_cat-freizeitkleidung","8":"product_cat-herrenbekleidung","9":"product_cat-kleidung","10":"sws-gruppo-abb-libero-de","11":"sws-conto-ricavi-merci-rivendita-abbigliamento-de","12":"sws-gruppo-iva-iva81-de","14":"first","15":"instock","16":"sale","17":"shipping-taxable","18":"product-type-variable","19":"has-default-attributes"},"_links":{"self":[{"href":"https:\/\/lucacastelli.com\/de\/wp-json\/wp\/v2\/product\/827322","targetHints":{"allow":["GET"]}}],"collection":[{"href":"https:\/\/lucacastelli.com\/de\/wp-json\/wp\/v2\/product"}],"about":[{"href":"https:\/\/lucacastelli.com\/de\/wp-json\/wp\/v2\/types\/product"}],"wp:featuredmedia":[{"embeddable":true,"href":"https:\/\/lucacastelli.com\/de\/wp-json\/wp\/v2\/media\/827039"}],"wp:attachment":[{"href":"https:\/\/lucacastelli.com\/de\/wp-json\/wp\/v2\/media?parent=827322"}],"wp:term":[{"taxonomy":"product_brand","embeddable":true,"href":"https:\/\/lucacastelli.com\/de\/wp-json\/wp\/v2\/product_brand?post=827322"},{"taxonomy":"product_cat","embeddable":true,"href":"https:\/\/lucacastelli.com\/de\/wp-json\/wp\/v2\/product_cat?post=827322"},{"taxonomy":"product_tag","embeddable":true,"href":"https:\/\/lucacastelli.com\/de\/wp-json\/wp\/v2\/product_tag?post=827322"}],"curies":[{"name":"wp","href":"https:\/\/api.w.org\/{rel}","templated":true}]}}