{"id":827205,"date":"2026-04-01T18:55:29","date_gmt":"2026-04-01T16:55:29","guid":{"rendered":"https:\/\/lucacastelli.com\/?post_type=product&#038;p=827205"},"modified":"2026-04-17T16:07:26","modified_gmt":"2026-04-17T14:07:26","slug":"la-sportiva-ultra-raptor-iii-copia","status":"publish","type":"product","link":"https:\/\/lucacastelli.com\/de\/produkt\/la-sportiva-ultra-raptor-iii-copia\/","title":{"rendered":"La Sportiva Ultra Raptor III GTX"},"content":{"rendered":"<div class=\"row viewport_pdp\">\n<div class=\"col-md-5\">\n<div class=\"product-info-main\">\n<div class=\"product attribute overview\">\n<div class=\"value\">\n<p class=\"product-short-description\">Die Ultra Raptor 3 GTX Schuhe sind f\u00fcr alle konzipiert, die st\u00e4ndig auf der Suche nach der n\u00e4chsten Herausforderung sind.<\/p>\n<\/div>\n<\/div>\n<\/div>\n<\/div>\n<\/div>\n<div class=\"row justify-content-center product-details\">Unsere ikonischen Ultra Raptor 3 GTX Schuhe, jetzt in der dritten Generation, sind vielseitig und leistungsstark. Entwickelt f\u00fcr kurze und lange Distanzen auf unterschiedlichem Terrain, begleiten sie Sie bei jedem Abenteuer. Das Obermaterial aus Ripstop-Gewebe ist mit einer wasserdichten und atmungsaktiven GORE-TEX ePE Extended Comfort Membran, einer verst\u00e4rkten Zehenkappe und einem Gummirand zum Schutz der Zehen vor Steinen und Wurzeln ausgestattet. Die weiche D\u00e4mpfung der Zwischensohle wird durch eine strukturiertere Schicht unter der Ferse f\u00fcr mehr Halt erg\u00e4nzt. Der Kragen verf\u00fcgt \u00fcber eine integrierte Gamasche, um das Eindringen von Steinen und Schmutz zu verhindern. Schliesslich bietet die FriXion\u00ae White Laufsohle mit Impact Brake System\u2122 Technologie aussergew\u00f6hnlichen Grip bergauf und bergab, w\u00e4hrend Flexkerben entlang der Sohle f\u00fcr mehr Bewegungsfreiheit sorgen und die TPU-Ferse bei jedem Schritt Stabilit\u00e4t verleiht.     <\/div>\n<div><\/div>\n<div>\n<p><strong>Technische Informationen<\/strong><\/p>\n<p>Gamasche: Die integrierte Gamasche am Rand des Obermaterials h\u00e4lt Steine, Kies und anderen Schmutz fern<br \/>\nObermaterial: Das strapazierf\u00e4hige Obermaterial aus recyceltem Mesh leitet Schweiss bei intensiven Wanderungen ab. Die Zehenkappe und der Gummirand sch\u00fctzen vor Steinen und Wurzeln<br \/>\nFutter: GORE-TEX ePE Extended Comfort garantiert h\u00f6here Wasserdichtigkeit und Reissfestigkeit<br \/>\nZwischensohle: Die weiche und st\u00fctzende Zwischensohle sorgt den ganzen Tag f\u00fcr Komfort auf den Trails. Der kompakte EVA-Schaum an der Ferse maximiert Halt und Stabilit\u00e4t<br \/>\nLaufsohle: Die FriXion\u00ae White Compound Sohle bietet hervorragenden Grip bergauf. Die Impact Brake System\u2122 Technologie absorbiert St\u00f6sse und garantiert verbesserte Traktion. Die Flexkerben entlang der Sohle erm\u00f6glichen volle Bewegungsfreiheit<br \/>\nEinlegesohle: Ortholite\u00ae Hybrid Mountain Hiking 5 mm<br \/>\nPatent: Impact Brake System\u2122<br \/>\nWasserdichte Membran: GORE-TEX Extended Comfort<br \/>\nSohlenh\u00f6he (mm) \u2013 Ferse: 35<br \/>\nSohlenh\u00f6he (mm) \u2013 Vorfuss: 27<br \/>\nSprengung (mm): 8<br \/>\nProfiltiefe (mm): 4,5<br \/>\nBreite Passform: Nein    <\/p>\n<\/div>\n","protected":false},"excerpt":{"rendered":"<p>Die Ultra Raptor 3 GTX Schuhe sind f\u00fcr alle konzipiert, die st\u00e4ndig auf der Suche nach der n\u00e4chsten Herausforderung sind.<\/p>\n","protected":false},"featured_media":827261,"template":"","meta":{"_seopress_robots_primary_cat":"none","_seopress_titles_title":"","_seopress_titles_desc":"","_seopress_robots_index":""},"product_brand":[3649],"product_cat":[1419,1431,175],"product_tag":[],"class_list":{"0":"post-827205","1":"product","2":"type-product","3":"status-publish","4":"has-post-thumbnail","6":"product_brand-la-sportiva-de","7":"product_cat-freizeitschuhe","8":"product_cat-herrenschuhe","9":"product_cat-schuhe","10":"sws-gruppo-abb-libero-de","11":"sws-conto-ricavi-merci-rivendita-abbigliamento-de","12":"sws-gruppo-iva-iva81-de","14":"first","15":"instock","16":"shipping-taxable","17":"purchasable","18":"product-type-variable","19":"has-default-attributes"},"_links":{"self":[{"href":"https:\/\/lucacastelli.com\/de\/wp-json\/wp\/v2\/product\/827205","targetHints":{"allow":["GET"]}}],"collection":[{"href":"https:\/\/lucacastelli.com\/de\/wp-json\/wp\/v2\/product"}],"about":[{"href":"https:\/\/lucacastelli.com\/de\/wp-json\/wp\/v2\/types\/product"}],"wp:featuredmedia":[{"embeddable":true,"href":"https:\/\/lucacastelli.com\/de\/wp-json\/wp\/v2\/media\/827261"}],"wp:attachment":[{"href":"https:\/\/lucacastelli.com\/de\/wp-json\/wp\/v2\/media?parent=827205"}],"wp:term":[{"taxonomy":"product_brand","embeddable":true,"href":"https:\/\/lucacastelli.com\/de\/wp-json\/wp\/v2\/product_brand?post=827205"},{"taxonomy":"product_cat","embeddable":true,"href":"https:\/\/lucacastelli.com\/de\/wp-json\/wp\/v2\/product_cat?post=827205"},{"taxonomy":"product_tag","embeddable":true,"href":"https:\/\/lucacastelli.com\/de\/wp-json\/wp\/v2\/product_tag?post=827205"}],"curies":[{"name":"wp","href":"https:\/\/api.w.org\/{rel}","templated":true}]}}