{"id":826723,"date":"2026-03-30T22:06:42","date_gmt":"2026-03-30T20:06:42","guid":{"rendered":"https:\/\/lucacastelli.com\/prodotto\/crazy-band-crazy-double-2\/"},"modified":"2026-03-30T22:06:42","modified_gmt":"2026-03-30T20:06:42","slug":"crazy-band-crazy-double-2","status":"publish","type":"product","link":"https:\/\/lucacastelli.com\/de\/produkt\/crazy-band-crazy-double-2\/","title":{"rendered":"CRAZY BAND CRAZY DOUBLE"},"content":{"rendered":"<p>Eigenschaften<\/p>\n<p>Hohes Stirnband mit geradem Schnitt<\/p>\n<p>Leichtes, doppellagiges Mikrofasergewebe<\/p>\n<p>Schnelltrocknend<\/p>\n<p>Komfortable, anliegende Passform<\/p>\n<p>Beschreibung<\/p>\n<p>Technisches Stirnband f\u00fcr Aktivit\u00e4ten mittlerer Intensit\u00e4t, ideal f\u00fcr Komfort und optimales Feuchtigkeitsmanagement w\u00e4hrend des Gebrauchs.<\/p>\n<p>Aus doppellagiger Leicht-Mikrofaser gefertigt, sorgt es f\u00fcr schnelle Trocknung und ein angenehmes Hautgef\u00fchl, sodass der Kopf auch bei k\u00f6rperlicher Aktivit\u00e4t trocken bleibt.<\/p>\n<p>Die Produktion folgt einem nachhaltigen Ansatz: Es werden Stoffreste aus der Verarbeitung verwendet, was zur Reduzierung von Materialabf\u00e4llen beitr\u00e4gt. Ein kleiner, aber konkreter Schritt zu einer verantwortungsvolleren Produktion. <\/p>\n","protected":false},"excerpt":{"rendered":"<p>Eigenschaften Hohes Stirnband mit geradem Schnitt Leichtes, doppellagiges Mikrofasergewebe Schnelltrocknend Komfortable, anliegende Passform Beschreibung Technisches Stirnband f\u00fcr Aktivit\u00e4ten mittlerer Intensit\u00e4t,<\/p>\n","protected":false},"featured_media":826662,"template":"","meta":{"_seopress_robots_primary_cat":"none","_seopress_titles_title":"","_seopress_titles_desc":"","_seopress_robots_index":""},"product_brand":[3614],"product_cat":[82,974,1391],"product_tag":[],"class_list":{"0":"post-826723","1":"product","2":"type-product","3":"status-publish","4":"has-post-thumbnail","6":"product_brand-crazy-de","7":"product_cat-kleidung","8":"product_cat-freizeitkleidung","9":"product_cat-bekleidungs-accessoires","10":"sws-gruppo-abb-libero-de","11":"sws-conto-ricavi-merci-rivendita-abbigliamento-de","12":"sws-gruppo-iva-iva81-de","14":"first","15":"instock","16":"sale","17":"shipping-taxable","18":"product-type-variable","19":"has-default-attributes"},"_links":{"self":[{"href":"https:\/\/lucacastelli.com\/de\/wp-json\/wp\/v2\/product\/826723","targetHints":{"allow":["GET"]}}],"collection":[{"href":"https:\/\/lucacastelli.com\/de\/wp-json\/wp\/v2\/product"}],"about":[{"href":"https:\/\/lucacastelli.com\/de\/wp-json\/wp\/v2\/types\/product"}],"wp:featuredmedia":[{"embeddable":true,"href":"https:\/\/lucacastelli.com\/de\/wp-json\/wp\/v2\/media\/826662"}],"wp:attachment":[{"href":"https:\/\/lucacastelli.com\/de\/wp-json\/wp\/v2\/media?parent=826723"}],"wp:term":[{"taxonomy":"product_brand","embeddable":true,"href":"https:\/\/lucacastelli.com\/de\/wp-json\/wp\/v2\/product_brand?post=826723"},{"taxonomy":"product_cat","embeddable":true,"href":"https:\/\/lucacastelli.com\/de\/wp-json\/wp\/v2\/product_cat?post=826723"},{"taxonomy":"product_tag","embeddable":true,"href":"https:\/\/lucacastelli.com\/de\/wp-json\/wp\/v2\/product_tag?post=826723"}],"curies":[{"name":"wp","href":"https:\/\/api.w.org\/{rel}","templated":true}]}}