{"id":826705,"date":"2026-03-30T21:58:22","date_gmt":"2026-03-30T19:58:22","guid":{"rendered":"https:\/\/lucacastelli.com\/prodotto\/crazy-band-crazy-double\/"},"modified":"2026-03-30T21:58:22","modified_gmt":"2026-03-30T19:58:22","slug":"crazy-band-crazy-double","status":"publish","type":"product","link":"https:\/\/lucacastelli.com\/de\/produkt\/crazy-band-crazy-double\/","title":{"rendered":"CRAZY BAND CRAZY DOUBLE"},"content":{"rendered":"<p>Eigenschaften<\/p>\n<p>Hohes Stirnband mit geradem Schnitt<\/p>\n<p>Doppellagiges, leichtes Mikrofasergewebe<\/p>\n<p>Schnelltrocknend<\/p>\n<p>Komfortable und anliegende Struktur<\/p>\n<p>Beschreibung<\/p>\n<p>Technisches Stirnband f\u00fcr Aktivit\u00e4ten mittlerer Intensit\u00e4t, ideal f\u00fcr Komfort und optimales Feuchtigkeitsmanagement w\u00e4hrend des Gebrauchs.<\/p>\n<p>Aus doppellagiger, leichter Mikrofaser gefertigt, sorgt es f\u00fcr schnelle Trocknung und ein angenehmes Hautgef\u00fchl, sodass der Kopf auch bei k\u00f6rperlicher Aktivit\u00e4t trocken bleibt.<\/p>\n<p>Die Produktion folgt einem nachhaltigen Ansatz: Es werden Stoffreste aus der Verarbeitung verwendet, was zur Reduzierung von Materialabf\u00e4llen beitr\u00e4gt. Ein kleiner, aber konkreter Schritt zu einer verantwortungsvolleren Produktion. <\/p>\n","protected":false},"excerpt":{"rendered":"<p>Eigenschaften Hohes Stirnband mit geradem Schnitt Doppellagiges, leichtes Mikrofasergewebe Schnelltrocknend Komfortable und anliegende Struktur Beschreibung Technisches Stirnband f\u00fcr Aktivit\u00e4ten mittlerer<\/p>\n","protected":false},"featured_media":826707,"template":"","meta":{"_seopress_robots_primary_cat":"none","_seopress_titles_title":"","_seopress_titles_desc":"","_seopress_robots_index":""},"product_brand":[3413],"product_cat":[21,189,186],"product_tag":[],"class_list":{"0":"post-826705","1":"product","2":"type-product","3":"status-publish","4":"has-post-thumbnail","6":"product_brand-crazy","7":"product_cat-abbigliamento","8":"product_cat-abbigliamento-per-il-tempo-libero","9":"product_cat-accessori-per-labbigliamento","10":"sws-gruppo-abb-libero-de","11":"sws-conto-ricavi-merci-rivendita-abbigliamento-de","12":"sws-gruppo-iva-iva81-de","14":"first","15":"instock","16":"sale","17":"shipping-taxable","18":"product-type-variable","19":"has-default-attributes"},"_links":{"self":[{"href":"https:\/\/lucacastelli.com\/de\/wp-json\/wp\/v2\/product\/826705","targetHints":{"allow":["GET"]}}],"collection":[{"href":"https:\/\/lucacastelli.com\/de\/wp-json\/wp\/v2\/product"}],"about":[{"href":"https:\/\/lucacastelli.com\/de\/wp-json\/wp\/v2\/types\/product"}],"wp:featuredmedia":[{"embeddable":true,"href":"https:\/\/lucacastelli.com\/de\/wp-json\/wp\/v2\/media\/826707"}],"wp:attachment":[{"href":"https:\/\/lucacastelli.com\/de\/wp-json\/wp\/v2\/media?parent=826705"}],"wp:term":[{"taxonomy":"product_brand","embeddable":true,"href":"https:\/\/lucacastelli.com\/de\/wp-json\/wp\/v2\/product_brand?post=826705"},{"taxonomy":"product_cat","embeddable":true,"href":"https:\/\/lucacastelli.com\/de\/wp-json\/wp\/v2\/product_cat?post=826705"},{"taxonomy":"product_tag","embeddable":true,"href":"https:\/\/lucacastelli.com\/de\/wp-json\/wp\/v2\/product_tag?post=826705"}],"curies":[{"name":"wp","href":"https:\/\/api.w.org\/{rel}","templated":true}]}}