{"id":826597,"date":"2026-03-26T21:47:13","date_gmt":"2026-03-26T20:47:13","guid":{"rendered":"https:\/\/lucacastelli.com\/prodotto\/crazy-pant-alpinstar-light-2\/"},"modified":"2026-03-26T21:47:13","modified_gmt":"2026-03-26T20:47:13","slug":"crazy-pant-alpinstar-light-2","status":"publish","type":"product","link":"https:\/\/lucacastelli.com\/de\/produkt\/crazy-pant-alpinstar-light-2\/","title":{"rendered":"CRAZY PANT ALPINSTAR LIGHT"},"content":{"rendered":"<p>Technische Hose f\u00fcr intensives Hiking<\/p>\n<p>Technische Hose f\u00fcr intensives Hiking mit modernem, klarem und femininem Design. Die neuen Linien betonen die Silhouette, ohne Komfort und Bewegungsfreiheit zu beeintr\u00e4chtigen. <\/p>\n<p>Hergestellt aus Endurance Light-Gewebe mit DWR-Behandlung (wasserabweisend), bietet sie auch unter anspruchsvollen Bedingungen hohe Leistung. Verst\u00e4rkungen aus doppelt gewebtem Stoff in den abriebgef\u00e4hrdeten Bereichen garantieren Widerstandsf\u00e4higkeit und Langlebigkeit. <\/p>\n<p>Der Bund ist mit einem praktischen unsichtbaren Rei\u00dfverschluss und einem elastischen Bund f\u00fcr bequeme Passform ausgestattet. Das verstellbare Beinende mit elastischer Kordel erm\u00f6glicht eine perfekte Anpassung an Trekking- und Bergstiefel. <\/p>\n<p>Hauptmerkmale<br \/>\nLasergeschnittene Handtaschen mit verklebten Rei\u00dfverschl\u00fcssen<br \/>\nElastischer Bund f\u00fcr mehr Komfort<br \/>\nBund mit unsichtbarem Rei\u00dfverschluss<br \/>\nVerstellbares Beinende<br \/>\nKontrastn\u00e4hte<br \/>\nReflektierende Logos f\u00fcr bessere Sichtbarkeit<br \/>\nVerst\u00e4rkungen an den Knien aus abriebfestem Gewebe<\/p>\n","protected":false},"excerpt":{"rendered":"<p>Technische Hose f\u00fcr intensives Hiking Technische Hose f\u00fcr intensives Hiking mit modernem, klarem und femininem Design. Die neuen Linien betonen<\/p>\n","protected":false},"featured_media":826598,"template":"","meta":{"_seopress_robots_primary_cat":"none","_seopress_titles_title":"","_seopress_titles_desc":"","_seopress_robots_index":""},"product_brand":[3614],"product_cat":[82,974,1388],"product_tag":[],"class_list":{"0":"post-826597","1":"product","2":"type-product","3":"status-publish","4":"has-post-thumbnail","6":"product_brand-crazy-de","7":"product_cat-kleidung","8":"product_cat-freizeitkleidung","9":"product_cat-damenbekleidung","10":"sws-gruppo-abb-libero-de","11":"sws-conto-ricavi-merci-rivendita-abbigliamento-de","12":"sws-gruppo-iva-iva81-de","14":"first","15":"instock","16":"sale","17":"shipping-taxable","18":"purchasable","19":"product-type-variable","20":"has-default-attributes"},"_links":{"self":[{"href":"https:\/\/lucacastelli.com\/de\/wp-json\/wp\/v2\/product\/826597","targetHints":{"allow":["GET"]}}],"collection":[{"href":"https:\/\/lucacastelli.com\/de\/wp-json\/wp\/v2\/product"}],"about":[{"href":"https:\/\/lucacastelli.com\/de\/wp-json\/wp\/v2\/types\/product"}],"wp:featuredmedia":[{"embeddable":true,"href":"https:\/\/lucacastelli.com\/de\/wp-json\/wp\/v2\/media\/826598"}],"wp:attachment":[{"href":"https:\/\/lucacastelli.com\/de\/wp-json\/wp\/v2\/media?parent=826597"}],"wp:term":[{"taxonomy":"product_brand","embeddable":true,"href":"https:\/\/lucacastelli.com\/de\/wp-json\/wp\/v2\/product_brand?post=826597"},{"taxonomy":"product_cat","embeddable":true,"href":"https:\/\/lucacastelli.com\/de\/wp-json\/wp\/v2\/product_cat?post=826597"},{"taxonomy":"product_tag","embeddable":true,"href":"https:\/\/lucacastelli.com\/de\/wp-json\/wp\/v2\/product_tag?post=826597"}],"curies":[{"name":"wp","href":"https:\/\/api.w.org\/{rel}","templated":true}]}}