{"id":826511,"date":"2026-03-30T18:26:15","date_gmt":"2026-03-30T16:26:15","guid":{"rendered":"https:\/\/lucacastelli.com\/prodotto\/crazy-pant-after-light-2\/"},"modified":"2026-03-30T18:26:15","modified_gmt":"2026-03-30T16:26:15","slug":"crazy-pant-after-light-2","status":"publish","type":"product","link":"https:\/\/lucacastelli.com\/de\/produkt\/crazy-pant-after-light-2\/","title":{"rendered":"CRAZY PANT AFTER LIGHT"},"content":{"rendered":"<p>Eigenschaften<\/p>\n<p>Eingrifftaschen<\/p>\n<p>Ges\u00e4\u00dftasche<\/p>\n<p>Bequemer Elastikbund<\/p>\n<p>Bedruckte Tascheneins\u00e4tze<\/p>\n<p>Gestickte Logos<\/p>\n<p>Beschreibung<\/p>\n<p>Die PANT After Light vereint Komfort und Leichtigkeit und ist ideal f\u00fcr die Freizeit, Spazierg\u00e4nge und Stadtausfl\u00fcge.<\/p>\n<p>Dank ihrer vielseitigen Konstruktion wird sie auch von Kletterbegeisterten gesch\u00e4tzt: Der elastische Bund garantiert eine \u00e4usserst bequeme Passform, auch beim Tragen mit einem Klettergurt.<\/p>\n<p>Mit Ausnahme der Variante aus leichtem und bielastischem Stretch-Jeans bestehen alle anderen Versionen aus Performance Cotton, einem weichen und atmungsaktiven Stoff, der den ganzen Tag \u00fcber Bewegungsfreiheit und Komfort bietet.<\/p>\n","protected":false},"excerpt":{"rendered":"<p>Eigenschaften Eingrifftaschen Ges\u00e4\u00dftasche Bequemer Elastikbund Bedruckte Tascheneins\u00e4tze Gestickte Logos Beschreibung Die PANT After Light vereint Komfort und Leichtigkeit und ist<\/p>\n","protected":false},"featured_media":826512,"template":"","meta":{"_seopress_robots_primary_cat":"none","_seopress_titles_title":"","_seopress_titles_desc":"","_seopress_robots_index":""},"product_brand":[3614],"product_cat":[82,974,1388],"product_tag":[],"class_list":{"0":"post-826511","1":"product","2":"type-product","3":"status-publish","4":"has-post-thumbnail","6":"product_brand-crazy-de","7":"product_cat-kleidung","8":"product_cat-freizeitkleidung","9":"product_cat-damenbekleidung","10":"sws-gruppo-abb-libero-de","11":"sws-conto-ricavi-merci-rivendita-abbigliamento-de","12":"sws-gruppo-iva-iva81-de","14":"first","15":"instock","16":"sale","17":"shipping-taxable","18":"product-type-variable","19":"has-default-attributes"},"_links":{"self":[{"href":"https:\/\/lucacastelli.com\/de\/wp-json\/wp\/v2\/product\/826511","targetHints":{"allow":["GET"]}}],"collection":[{"href":"https:\/\/lucacastelli.com\/de\/wp-json\/wp\/v2\/product"}],"about":[{"href":"https:\/\/lucacastelli.com\/de\/wp-json\/wp\/v2\/types\/product"}],"wp:featuredmedia":[{"embeddable":true,"href":"https:\/\/lucacastelli.com\/de\/wp-json\/wp\/v2\/media\/826512"}],"wp:attachment":[{"href":"https:\/\/lucacastelli.com\/de\/wp-json\/wp\/v2\/media?parent=826511"}],"wp:term":[{"taxonomy":"product_brand","embeddable":true,"href":"https:\/\/lucacastelli.com\/de\/wp-json\/wp\/v2\/product_brand?post=826511"},{"taxonomy":"product_cat","embeddable":true,"href":"https:\/\/lucacastelli.com\/de\/wp-json\/wp\/v2\/product_cat?post=826511"},{"taxonomy":"product_tag","embeddable":true,"href":"https:\/\/lucacastelli.com\/de\/wp-json\/wp\/v2\/product_tag?post=826511"}],"curies":[{"name":"wp","href":"https:\/\/api.w.org\/{rel}","templated":true}]}}