{"id":826483,"date":"2026-03-28T15:16:57","date_gmt":"2026-03-28T14:16:57","guid":{"rendered":"https:\/\/lucacastelli.com\/prodotto\/crazy-leggings-cute-light-2\/"},"modified":"2026-03-28T15:16:57","modified_gmt":"2026-03-28T14:16:57","slug":"crazy-leggings-cute-light-2","status":"publish","type":"product","link":"https:\/\/lucacastelli.com\/de\/produkt\/crazy-leggings-cute-light-2\/","title":{"rendered":"CRAZY LEGGINGS CUTE LIGHT"},"content":{"rendered":"<p>Produktbeschreibung<\/p>\n<p>Die Leggings Cute wurde mit einem modernen Design erneuert, das noch mehr Komfort, Funktionalit\u00e4t und Stil bietet.<\/p>\n<p>Diese neue Version verf\u00fcgt \u00fcber einen Einsatz aus Coolwave-Gewebe, das leichter und atmungsaktiver ist und die Bel\u00fcftung w\u00e4hrend der Aktivit\u00e4t verbessert. Ausserdem ist sie mit einer praktischen Schlaufe unter der Taille mit elastischer Kordel und abnehmbarem Karabiner ausgestattet, ideal als Schl\u00fcsselanh\u00e4nger oder f\u00fcr kleine Accessoires. <\/p>\n<p>Hergestellt mit Flachsteppn\u00e4hten, garantiert sie eine komfortable Passform ohne Scheuern. Die unsichtbaren, kippgesicherten Seitentaschen erm\u00f6glichen das sichere Verstauen kleiner Gegenst\u00e4nde, w\u00e4hrend reflektierende Logos die Sichtbarkeit bei schlechten Lichtverh\u00e4ltnissen erh\u00f6hen. <\/p>\n<p>Ein technisches und vielseitiges Kleidungsst\u00fcck, perfekt f\u00fcr jede Aktivit\u00e4t.<\/p>\n<p>Hauptmerkmale<br \/>\nFlachsteppn\u00e4hte f\u00fcr maximalen Komfort<br \/>\n3D-Netzeinsatz hinter der Wade f\u00fcr bessere Atmungsaktivit\u00e4t<br \/>\nLeichtes und atmungsaktives Coolwave-Gewebe<br \/>\nUnsichtbare, kippgesicherte Seitentaschen<br \/>\nSchlaufe mit elastischer Kordel und abnehmbarem Karabiner<br \/>\nReflektierende Logos f\u00fcr bessere Sichtbarkeit<br \/>\nTechnisches und funktionales Design<br \/>\nIdeal f\u00fcr<br \/>\nLeichtes Trekking<br \/>\nOutdoor-Aktivit\u00e4ten<br \/>\nFitness und Freizeit<\/p>\n","protected":false},"excerpt":{"rendered":"<p>Produktbeschreibung Die Leggings Cute wurde mit einem modernen Design erneuert, das noch mehr Komfort, Funktionalit\u00e4t und Stil bietet. Diese neue<\/p>\n","protected":false},"featured_media":826469,"template":"","meta":{"_seopress_robots_primary_cat":"none","_seopress_titles_title":"","_seopress_titles_desc":"","_seopress_robots_index":""},"product_brand":[3614],"product_cat":[1388,974,82],"product_tag":[],"class_list":{"0":"post-826483","1":"product","2":"type-product","3":"status-publish","4":"has-post-thumbnail","6":"product_brand-crazy-de","7":"product_cat-damenbekleidung","8":"product_cat-freizeitkleidung","9":"product_cat-kleidung","10":"sws-gruppo-abb-libero-de","11":"sws-conto-ricavi-merci-rivendita-abbigliamento-de","12":"sws-gruppo-iva-iva81-de","14":"first","15":"instock","16":"sale","17":"shipping-taxable","18":"purchasable","19":"product-type-variable","20":"has-default-attributes"},"_links":{"self":[{"href":"https:\/\/lucacastelli.com\/de\/wp-json\/wp\/v2\/product\/826483","targetHints":{"allow":["GET"]}}],"collection":[{"href":"https:\/\/lucacastelli.com\/de\/wp-json\/wp\/v2\/product"}],"about":[{"href":"https:\/\/lucacastelli.com\/de\/wp-json\/wp\/v2\/types\/product"}],"wp:featuredmedia":[{"embeddable":true,"href":"https:\/\/lucacastelli.com\/de\/wp-json\/wp\/v2\/media\/826469"}],"wp:attachment":[{"href":"https:\/\/lucacastelli.com\/de\/wp-json\/wp\/v2\/media?parent=826483"}],"wp:term":[{"taxonomy":"product_brand","embeddable":true,"href":"https:\/\/lucacastelli.com\/de\/wp-json\/wp\/v2\/product_brand?post=826483"},{"taxonomy":"product_cat","embeddable":true,"href":"https:\/\/lucacastelli.com\/de\/wp-json\/wp\/v2\/product_cat?post=826483"},{"taxonomy":"product_tag","embeddable":true,"href":"https:\/\/lucacastelli.com\/de\/wp-json\/wp\/v2\/product_tag?post=826483"}],"curies":[{"name":"wp","href":"https:\/\/api.w.org\/{rel}","templated":true}]}}