{"id":826466,"date":"2026-03-28T16:14:09","date_gmt":"2026-03-28T15:14:09","guid":{"rendered":"https:\/\/lucacastelli.com\/prodotto\/crazy-top-after\/"},"modified":"2026-03-28T16:14:09","modified_gmt":"2026-03-28T15:14:09","slug":"crazy-top-after","status":"publish","type":"product","link":"https:\/\/lucacastelli.com\/de\/produkt\/crazy-top-after\/","title":{"rendered":"CRAZY TOP AFTER"},"content":{"rendered":"<p>Produktbeschreibung<\/p>\n<p>Das Top After ist das Lifestyle-Kleidungsst\u00fcck schlechthin, konzipiert, um Freizeitaktivit\u00e4ten einen Hauch von Farbe und Stil zu verleihen.<\/p>\n<p>Charakterisiert durch lebendige und moderne Muster, ist es aus einem frischen Mix aus Polyester und Viskose mit All-Over-Druck gefertigt, ideal f\u00fcr die w\u00e4rmeren Tage. Die Devor\u00e9-Verarbeitung macht den Stoff leichter und verbessert die Atmungsaktivit\u00e4t und den Tragekomfort. <\/p>\n<p>Das Design wird durch amerikanische Tr\u00e4ger und eine Konstruktion mit gekreuzter Falte auf der R\u00fcckseite bereichert, die die Silhouette betont. Der obere R\u00fcckenbereich und die Tr\u00e4ger aus gef\u00e4rbter Spitze f\u00fcgen ein elegantes und unverwechselbares Detail hinzu. <\/p>\n<p>Siebdrucke und Patches mit exklusiven Designs runden das Kleidungsst\u00fcck ab und sorgen f\u00fcr einen einzigartigen und wiedererkennbaren Stil.<\/p>\n<p>Hauptmerkmale<br \/>\nLeichter Stoff aus Polyester und Viskose mit All-Over-Druck<br \/>\nDevor\u00e9-Verarbeitung f\u00fcr mehr Frische und Atmungsaktivit\u00e4t<br \/>\nAmerikanische Tr\u00e4ger<br \/>\nR\u00fcckseite mit gekreuzter Falte<br \/>\nDetails aus gef\u00e4rbter Spitze an Tr\u00e4gern und oberem R\u00fcckenbereich<br \/>\nSiebdrucke und Patches mit exklusiven Designs<br \/>\nFrisches und farbenfrohes Design<br \/>\nIdeal f\u00fcr<br \/>\nFreizeit<br \/>\nLeichte Outdoor-Aktivit\u00e4ten<br \/>\nSommertage<\/p>\n","protected":false},"excerpt":{"rendered":"<p>Produktbeschreibung Das Top After ist das Lifestyle-Kleidungsst\u00fcck schlechthin, konzipiert, um Freizeitaktivit\u00e4ten einen Hauch von Farbe und Stil zu verleihen. Charakterisiert<\/p>\n","protected":false},"featured_media":826468,"template":"","meta":{"_seopress_robots_primary_cat":"none","_seopress_titles_title":"","_seopress_titles_desc":"","_seopress_robots_index":""},"product_brand":[3614],"product_cat":[1388,974,82],"product_tag":[],"class_list":{"0":"post-826466","1":"product","2":"type-product","3":"status-publish","4":"has-post-thumbnail","6":"product_brand-crazy-de","7":"product_cat-damenbekleidung","8":"product_cat-freizeitkleidung","9":"product_cat-kleidung","10":"sws-gruppo-abb-libero-de","11":"sws-conto-ricavi-merci-rivendita-abbigliamento-de","12":"sws-gruppo-iva-iva81-de","14":"first","15":"instock","16":"sale","17":"shipping-taxable","18":"product-type-variable","19":"has-default-attributes"},"_links":{"self":[{"href":"https:\/\/lucacastelli.com\/de\/wp-json\/wp\/v2\/product\/826466","targetHints":{"allow":["GET"]}}],"collection":[{"href":"https:\/\/lucacastelli.com\/de\/wp-json\/wp\/v2\/product"}],"about":[{"href":"https:\/\/lucacastelli.com\/de\/wp-json\/wp\/v2\/types\/product"}],"wp:featuredmedia":[{"embeddable":true,"href":"https:\/\/lucacastelli.com\/de\/wp-json\/wp\/v2\/media\/826468"}],"wp:attachment":[{"href":"https:\/\/lucacastelli.com\/de\/wp-json\/wp\/v2\/media?parent=826466"}],"wp:term":[{"taxonomy":"product_brand","embeddable":true,"href":"https:\/\/lucacastelli.com\/de\/wp-json\/wp\/v2\/product_brand?post=826466"},{"taxonomy":"product_cat","embeddable":true,"href":"https:\/\/lucacastelli.com\/de\/wp-json\/wp\/v2\/product_cat?post=826466"},{"taxonomy":"product_tag","embeddable":true,"href":"https:\/\/lucacastelli.com\/de\/wp-json\/wp\/v2\/product_tag?post=826466"}],"curies":[{"name":"wp","href":"https:\/\/api.w.org\/{rel}","templated":true}]}}