{"id":826431,"date":"2026-03-30T18:32:04","date_gmt":"2026-03-30T16:32:04","guid":{"rendered":"https:\/\/lucacastelli.com\/prodotto\/crazy-pant-after-light\/"},"modified":"2026-03-30T18:32:04","modified_gmt":"2026-03-30T16:32:04","slug":"crazy-pant-after-light","status":"publish","type":"product","link":"https:\/\/lucacastelli.com\/de\/produkt\/crazy-pant-after-light\/","title":{"rendered":"CRAZY PANT AFTER LIGHT"},"content":{"rendered":"<p>Eigenschaften<\/p>\n<p>Eingrifftaschen<\/p>\n<p>Ges\u00e4\u00dftasche<\/p>\n<p>Elastischer Bund<\/p>\n<p>Bedruckte Tascheneins\u00e4tze<\/p>\n<p>Bestickte Logos<\/p>\n<p>Beschreibung<\/p>\n<p>Der PANT AFTER LIGHT vereint Komfort und Leichtigkeit und ist ideal f\u00fcr Freizeit, Spazierg\u00e4nge und Stadtausfl\u00fcge.<\/p>\n<p>Dank seiner vielseitigen Konstruktion wird er auch von Kletterbegeisterten gesch\u00e4tzt: Der elastische Bund garantiert \u00e4usserst bequemen Sitz, auch wenn Sie einen Klettergurt tragen.<\/p>\n<p>Ausser der Variante aus leichtem, bielastischem Stretch-Denim bestehen alle anderen Versionen aus Performance Cotton, einem weichen, atmungsaktiven Gewebe, das den ganzen Tag \u00fcber Bewegungsfreiheit und Komfort bietet.<\/p>\n","protected":false},"excerpt":{"rendered":"<p>Eigenschaften Eingrifftaschen Ges\u00e4\u00dftasche Elastischer Bund Bedruckte Tascheneins\u00e4tze Bestickte Logos Beschreibung Der PANT AFTER LIGHT vereint Komfort und Leichtigkeit und ist<\/p>\n","protected":false},"featured_media":826510,"template":"","meta":{"_seopress_robots_primary_cat":"none","_seopress_titles_title":"","_seopress_titles_desc":"","_seopress_robots_index":""},"product_brand":[3413],"product_cat":[21,189,200],"product_tag":[],"class_list":{"0":"post-826431","1":"product","2":"type-product","3":"status-publish","4":"has-post-thumbnail","6":"product_brand-crazy","7":"product_cat-abbigliamento","8":"product_cat-abbigliamento-per-il-tempo-libero","9":"product_cat-abbigliamento-da-donna","10":"sws-gruppo-abb-libero-de","11":"sws-conto-ricavi-merci-rivendita-abbigliamento-de","12":"sws-gruppo-iva-iva81-de","14":"first","15":"instock","16":"sale","17":"shipping-taxable","18":"product-type-variable","19":"has-default-attributes"},"_links":{"self":[{"href":"https:\/\/lucacastelli.com\/de\/wp-json\/wp\/v2\/product\/826431","targetHints":{"allow":["GET"]}}],"collection":[{"href":"https:\/\/lucacastelli.com\/de\/wp-json\/wp\/v2\/product"}],"about":[{"href":"https:\/\/lucacastelli.com\/de\/wp-json\/wp\/v2\/types\/product"}],"wp:featuredmedia":[{"embeddable":true,"href":"https:\/\/lucacastelli.com\/de\/wp-json\/wp\/v2\/media\/826510"}],"wp:attachment":[{"href":"https:\/\/lucacastelli.com\/de\/wp-json\/wp\/v2\/media?parent=826431"}],"wp:term":[{"taxonomy":"product_brand","embeddable":true,"href":"https:\/\/lucacastelli.com\/de\/wp-json\/wp\/v2\/product_brand?post=826431"},{"taxonomy":"product_cat","embeddable":true,"href":"https:\/\/lucacastelli.com\/de\/wp-json\/wp\/v2\/product_cat?post=826431"},{"taxonomy":"product_tag","embeddable":true,"href":"https:\/\/lucacastelli.com\/de\/wp-json\/wp\/v2\/product_tag?post=826431"}],"curies":[{"name":"wp","href":"https:\/\/api.w.org\/{rel}","templated":true}]}}