{"id":826400,"date":"2026-03-30T20:33:52","date_gmt":"2026-03-30T18:33:52","guid":{"rendered":"https:\/\/lucacastelli.com\/prodotto\/crazy-pant-aria-light-3\/"},"modified":"2026-03-30T20:33:52","modified_gmt":"2026-03-30T18:33:52","slug":"crazy-pant-aria-light-3","status":"publish","type":"product","link":"https:\/\/lucacastelli.com\/de\/produkt\/crazy-pant-aria-light-3\/","title":{"rendered":"CRAZY PANT ARIA LIGHT"},"content":{"rendered":"<p>Eigenschaften<\/p>\n<p>Eingrifftaschen<\/p>\n<p>Elastischer Bund mit verstellbarem Kordelzug<\/p>\n<p>Bedruckte Tascheneins\u00e4tze<\/p>\n<p>Bestickte Logos<\/p>\n<p>Beschreibung<\/p>\n<p>Die PANT Aria Light geh\u00f6rt seit jeher zu den beliebtesten Kleidungsst\u00fccken der Lifestyle-Linie und ist \u00fcber die Jahre dank ihres Stils und ihrer Vielseitigkeit zu einer echten Ikone geworden.<\/p>\n<p>Sie ist in zahlreichen Farbvarianten erh\u00e4ltlich und besteht aus Performance Cotton \u2013 einem komfortablen, leichten Stoff, der den ganzen Tag \u00fcber angenehm zu tragen ist.<\/p>\n<p>Der elastische Bund mit verstellbarem Kordelzug sorgt f\u00fcr eine pr\u00e4zise und anpassbare Passform, was diese Hose ideal f\u00fcr die Freizeit sowie f\u00fcr den t\u00e4glichen Gebrauch mit h\u00f6chstem Komfort macht.<\/p>\n","protected":false},"excerpt":{"rendered":"<p>Eigenschaften Eingrifftaschen Elastischer Bund mit verstellbarem Kordelzug Bedruckte Tascheneins\u00e4tze Bestickte Logos Beschreibung Die PANT Aria Light geh\u00f6rt seit jeher zu<\/p>\n","protected":false},"featured_media":826401,"template":"","meta":{"_seopress_robots_primary_cat":"none","_seopress_titles_title":"","_seopress_titles_desc":"","_seopress_robots_index":""},"product_brand":[3614],"product_cat":[1388,974,82],"product_tag":[],"class_list":{"0":"post-826400","1":"product","2":"type-product","3":"status-publish","4":"has-post-thumbnail","6":"product_brand-crazy-de","7":"product_cat-damenbekleidung","8":"product_cat-freizeitkleidung","9":"product_cat-kleidung","10":"sws-gruppo-abb-libero-de","11":"sws-conto-ricavi-merci-rivendita-abbigliamento-de","12":"sws-gruppo-iva-iva81-de","14":"first","15":"instock","16":"sale","17":"shipping-taxable","18":"purchasable","19":"product-type-variable","20":"has-default-attributes"},"_links":{"self":[{"href":"https:\/\/lucacastelli.com\/de\/wp-json\/wp\/v2\/product\/826400","targetHints":{"allow":["GET"]}}],"collection":[{"href":"https:\/\/lucacastelli.com\/de\/wp-json\/wp\/v2\/product"}],"about":[{"href":"https:\/\/lucacastelli.com\/de\/wp-json\/wp\/v2\/types\/product"}],"wp:featuredmedia":[{"embeddable":true,"href":"https:\/\/lucacastelli.com\/de\/wp-json\/wp\/v2\/media\/826401"}],"wp:attachment":[{"href":"https:\/\/lucacastelli.com\/de\/wp-json\/wp\/v2\/media?parent=826400"}],"wp:term":[{"taxonomy":"product_brand","embeddable":true,"href":"https:\/\/lucacastelli.com\/de\/wp-json\/wp\/v2\/product_brand?post=826400"},{"taxonomy":"product_cat","embeddable":true,"href":"https:\/\/lucacastelli.com\/de\/wp-json\/wp\/v2\/product_cat?post=826400"},{"taxonomy":"product_tag","embeddable":true,"href":"https:\/\/lucacastelli.com\/de\/wp-json\/wp\/v2\/product_tag?post=826400"}],"curies":[{"name":"wp","href":"https:\/\/api.w.org\/{rel}","templated":true}]}}