{"id":826386,"date":"2026-03-30T20:39:46","date_gmt":"2026-03-30T18:39:46","guid":{"rendered":"https:\/\/lucacastelli.com\/prodotto\/crazy-pant-aria-light-2\/"},"modified":"2026-03-30T20:39:46","modified_gmt":"2026-03-30T18:39:46","slug":"crazy-pant-aria-light-2","status":"publish","type":"product","link":"https:\/\/lucacastelli.com\/de\/produkt\/crazy-pant-aria-light-2\/","title":{"rendered":"CRAZY PANT ARIA LIGHT"},"content":{"rendered":"<p>Eigenschaften<\/p>\n<p>Eingrifftaschen<\/p>\n<p>Verstellbarer elastischer Bund mit Kordelzug<\/p>\n<p>Bedruckte Tascheneins\u00e4tze<\/p>\n<p>Gestickte Logos<\/p>\n<p>Beschreibung<\/p>\n<p>Der PANT Aria Light ist seit jeher eines der beliebtesten Teile der Lifestyle-Linie und wurde im Laufe der Jahre zu einer echten Ikone f\u00fcr seinen Stil und seine Vielseitigkeit.<\/p>\n<p>In zahlreichen Farbvarianten erh\u00e4ltlich, ist er aus Performance Cotton gefertigt, einem komfortablen, leichten und angenehm zu tragenden Stoff f\u00fcr den ganzen Tag.<\/p>\n<p>Der elastische Bund mit verstellbarem Kordelzug sorgt f\u00fcr eine pr\u00e4zise und anpassbare Passform und macht diese Hose ideal sowohl f\u00fcr die Freizeit als auch f\u00fcr den t\u00e4glichen Gebrauch mit h\u00f6chstem Komfort.<\/p>\n","protected":false},"excerpt":{"rendered":"<p>Eigenschaften Eingrifftaschen Verstellbarer elastischer Bund mit Kordelzug Bedruckte Tascheneins\u00e4tze Gestickte Logos Beschreibung Der PANT Aria Light ist seit jeher eines<\/p>\n","protected":false},"featured_media":826388,"template":"","meta":{"_seopress_robots_primary_cat":"none","_seopress_titles_title":"","_seopress_titles_desc":"","_seopress_robots_index":""},"product_brand":[3614],"product_cat":[82,974,1388],"product_tag":[],"class_list":{"0":"post-826386","1":"product","2":"type-product","3":"status-publish","4":"has-post-thumbnail","6":"product_brand-crazy-de","7":"product_cat-kleidung","8":"product_cat-freizeitkleidung","9":"product_cat-damenbekleidung","10":"sws-gruppo-abb-libero-de","11":"sws-conto-ricavi-merci-rivendita-abbigliamento-de","12":"sws-gruppo-iva-iva81-de","14":"first","15":"instock","16":"sale","17":"shipping-taxable","18":"product-type-variable","19":"has-default-attributes"},"_links":{"self":[{"href":"https:\/\/lucacastelli.com\/de\/wp-json\/wp\/v2\/product\/826386","targetHints":{"allow":["GET"]}}],"collection":[{"href":"https:\/\/lucacastelli.com\/de\/wp-json\/wp\/v2\/product"}],"about":[{"href":"https:\/\/lucacastelli.com\/de\/wp-json\/wp\/v2\/types\/product"}],"wp:featuredmedia":[{"embeddable":true,"href":"https:\/\/lucacastelli.com\/de\/wp-json\/wp\/v2\/media\/826388"}],"wp:attachment":[{"href":"https:\/\/lucacastelli.com\/de\/wp-json\/wp\/v2\/media?parent=826386"}],"wp:term":[{"taxonomy":"product_brand","embeddable":true,"href":"https:\/\/lucacastelli.com\/de\/wp-json\/wp\/v2\/product_brand?post=826386"},{"taxonomy":"product_cat","embeddable":true,"href":"https:\/\/lucacastelli.com\/de\/wp-json\/wp\/v2\/product_cat?post=826386"},{"taxonomy":"product_tag","embeddable":true,"href":"https:\/\/lucacastelli.com\/de\/wp-json\/wp\/v2\/product_tag?post=826386"}],"curies":[{"name":"wp","href":"https:\/\/api.w.org\/{rel}","templated":true}]}}