{"id":824179,"date":"2026-03-26T18:27:14","date_gmt":"2026-03-26T17:27:14","guid":{"rendered":"https:\/\/lucacastelli.com\/prodotto\/stihl-schnellladegeraet-al-1802-mo\/"},"modified":"2026-03-26T18:27:14","modified_gmt":"2026-03-26T17:27:14","slug":"stihl-schnellladegeraet-al-1802-mo","status":"publish","type":"product","link":"https:\/\/lucacastelli.com\/de\/produkt\/stihl-schnellladegeraet-al-1802-mo\/","title":{"rendered":"STIHL Schnellladeger\u00e4t AL 1802 MO"},"content":{"rendered":"<p>Schnellladeger\u00e4t AL 1802 MO: Besonders schnelles und schonendes Laden von 2 Akkus des AP-Systems in der Werkstatt, im Auto und im Freien<br \/>\nDas STIHL Schnellladeger\u00e4t AL 1802 MO ist eine praktische L\u00f6sung, ideal f\u00fcr Profis im Garten- und Landschaftsbau, im Baugewerbe, in Kommunal- und Forstdiensten sowie in der Baumpflege. Das STIHL Ladeger\u00e4t AL 1802 MO verf\u00fcgt \u00fcber einen zertifizierten Spritzwasserschutz und kann daher bei sachgem\u00e4sser Anwendung auch im Freien unter widrigen Wetterbedingungen, wie z. B. Regen, eingesetzt werden. Es erm\u00f6glicht ein besonders schnelles Laden von 2 Akkus des STIHL AP-Systems. Es kann ein Akku einzeln oder beide gleichzeitig geladen werden. Dadurch lassen sich Arbeitsunterbrechungen mit Ger\u00e4ten des AP-Systems in den meisten F\u00e4llen vermeiden. Weitere Vorteile des STIHL AL 1802 MO sind neben der kurzen Ladedauer die aktive K\u00fchlung der Akkus w\u00e4hrend des Ladevorgangs, ein sicherer Akkutransport sowie das Laden w\u00e4hrend der Fahrt. Nicht zu vergessen: die Reduzierung der t\u00e4glichen R\u00fcstzeiten, da Akkus und Ladeger\u00e4t bis zum n\u00e4chsten Arbeitstag im Fahrzeug verbleiben k\u00f6nnen.<br \/>\nWeitere Informationen zum Laden von Akkus und worauf Sie achten sollten, finden Sie in unserem STIHL Ratgeber zum Laden von Lithium-Ionen-Akkus.<br \/>\nDas Schnellladeger\u00e4t AL 1802 MO ist nach Schutzart IPX4 zertifiziert.      <\/p>\n<p>&nbsp;<\/p>\n<p>&nbsp;<\/p>\n<table data-test-id=\"pdp-spec-tech-table\">\n<tbody>\n<tr>\n<td>Nennspannung<\/td>\n<td>220-240 V<\/td>\n<\/tr>\n<tr>\n<td>Nennstrom<\/td>\n<td>8,6 A<\/td>\n<\/tr>\n<tr>\n<td>Leistungsaufnahme<\/td>\n<td>2000 W<\/td>\n<\/tr>\n<tr>\n<td>Gewicht<\/td>\n<td>7,2 kg<\/td>\n<\/tr>\n<tr>\n<td>Ladestrom<\/td>\n<td>42 A<\/td>\n<\/tr>\n<tr>\n<td>Ladeleistung<\/td>\n<td>1785 W<\/td>\n<\/tr>\n<\/tbody>\n<\/table>\n","protected":false},"excerpt":{"rendered":"<p>Schnellladeger\u00e4t AL 1802 MO: Besonders schnelles und schonendes Laden von 2 Akkus des AP-Systems in der Werkstatt, im Auto und<\/p>\n","protected":false},"featured_media":824178,"template":"","meta":{"_seopress_robots_primary_cat":"none","_seopress_titles_title":"","_seopress_titles_desc":"","_seopress_robots_index":""},"product_brand":[3554],"product_cat":[169,1449],"product_tag":[],"class_list":{"0":"post-824179","1":"product","2":"type-product","3":"status-publish","4":"has-post-thumbnail","6":"product_brand-stihl-de","7":"product_cat-maschinen","8":"product_cat-batteriesysteme-zubehor","9":"sws-gruppo-macchinari-de","10":"sws-conto-ricavi-merci-rivendita-macchinari-de","11":"sws-gruppo-iva-iva81-de","13":"first","14":"instock","15":"shipping-taxable","16":"purchasable","17":"product-type-simple"},"_links":{"self":[{"href":"https:\/\/lucacastelli.com\/de\/wp-json\/wp\/v2\/product\/824179","targetHints":{"allow":["GET"]}}],"collection":[{"href":"https:\/\/lucacastelli.com\/de\/wp-json\/wp\/v2\/product"}],"about":[{"href":"https:\/\/lucacastelli.com\/de\/wp-json\/wp\/v2\/types\/product"}],"wp:featuredmedia":[{"embeddable":true,"href":"https:\/\/lucacastelli.com\/de\/wp-json\/wp\/v2\/media\/824178"}],"wp:attachment":[{"href":"https:\/\/lucacastelli.com\/de\/wp-json\/wp\/v2\/media?parent=824179"}],"wp:term":[{"taxonomy":"product_brand","embeddable":true,"href":"https:\/\/lucacastelli.com\/de\/wp-json\/wp\/v2\/product_brand?post=824179"},{"taxonomy":"product_cat","embeddable":true,"href":"https:\/\/lucacastelli.com\/de\/wp-json\/wp\/v2\/product_cat?post=824179"},{"taxonomy":"product_tag","embeddable":true,"href":"https:\/\/lucacastelli.com\/de\/wp-json\/wp\/v2\/product_tag?post=824179"}],"curies":[{"name":"wp","href":"https:\/\/api.w.org\/{rel}","templated":true}]}}