{"id":819923,"date":"2026-03-23T09:14:38","date_gmt":"2026-03-23T08:14:38","guid":{"rendered":"https:\/\/lucacastelli.com\/prodotto\/ortovox-affinity-crew-neck\/"},"modified":"2026-03-23T09:14:38","modified_gmt":"2026-03-23T08:14:38","slug":"ortovox-affinity-crew-neck","status":"publish","type":"product","link":"https:\/\/lucacastelli.com\/de\/produkt\/ortovox-affinity-crew-neck\/","title":{"rendered":"ORTOVOX AFFINITY CREW NECK"},"content":{"rendered":"<p>BEQUEMES KLEIDUNGSST\u00dcCK ZUM KLETTERN<br \/>\nVielseitiger, bequemer Pullover mit Merinowolle f\u00fcr lange Tage in der Wand<\/p>\n<p>Highlights<br \/>\nHervorragende Thermoregulation dank Merinowolle<br \/>\nInnenfutter aus 19 % recyceltem Polyester aus Textilabf\u00e4llen (T2T)<br \/>\nL\u00e4ssiger Schnitt f\u00fcr optimale Bewegungsfreiheit<br \/>\nDas AFFINITY CREW NECK wurde f\u00fcr lange Tage am Fels entwickelt und bietet maximalen Komfort beim Zustieg, beim Sichern und in den Entspannungsmomenten. Der technische Mix aus hochwertiger Merinowolle mit 19 % recyceltem Polyester aus Textilabf\u00e4llen (T2T) besitzt eine hervorragende thermoregulierende Wirkung. Der lockere, vorne k\u00fcrzer gehaltene Schnitt bietet maximale Bewegungsfreiheit in einem l\u00e4ssigen Look, der sowohl am Fels als auch in der Freizeit \u00fcberzeugt.  <\/p>\n<p>Eigenschaften<br \/>\nSeitenschlitz<br \/>\nAsymmetrisches Design: Die Vorderseite ist k\u00fcrzer als die R\u00fcckseite<\/p>\n<p>&nbsp;<\/p>\n<div id=\"acc_material_properties_collapse\" class=\"accordion-collapse cms-element-acris-accordion-content collapse show\" aria-labelledby=\"acc_material_properties_heading\" data-bs-parent=\"#acc_properties\">\n<p>Material<br \/>\n60 % Polyester + 19 % Polyester (recycelt) + 14 % Schurwolle (MERINO) + 7 % Elasthan<br \/>\nINNENFUTTER AUS 19 % RECYCELTEM POLYESTER AUS TEXTILABF\u00c4LLEN (hergestellt aus Pre- und Post-Consumer-Textilabf\u00e4llen)<br \/>\nWAFFELSTRUKTUR INNEN: SORGT F\u00dcR BEL\u00dcFTUNG<br \/>\nHOCHGRADIG ATMUNGSAKTIV<br \/>\nHOHE ELASTIZIT\u00c4T<br \/>\nFEUCHTIGKEITSREGULIEREND<\/p>\n<\/div>\n<p>&nbsp;<\/p>\n","protected":false},"excerpt":{"rendered":"<p>BEQUEMES KLEIDUNGSST\u00dcCK ZUM KLETTERN Vielseitiger, bequemer Pullover mit Merinowolle f\u00fcr lange Tage in der Wand Highlights Hervorragende Thermoregulation dank Merinowolle<\/p>\n","protected":false},"featured_media":819670,"template":"","meta":{"_seopress_robots_primary_cat":"none","_seopress_titles_title":"","_seopress_titles_desc":"","_seopress_robots_index":""},"product_brand":[3663],"product_cat":[1388,974,82],"product_tag":[],"class_list":{"0":"post-819923","1":"product","2":"type-product","3":"status-publish","4":"has-post-thumbnail","6":"product_brand-ortovox-de","7":"product_cat-damenbekleidung","8":"product_cat-freizeitkleidung","9":"product_cat-kleidung","10":"sws-gruppo-abb-libero-de","11":"sws-conto-ricavi-merci-rivendita-abbigliamento-de","12":"sws-gruppo-iva-iva81-de","14":"first","15":"instock","16":"shipping-taxable","17":"purchasable","18":"product-type-variable","19":"has-default-attributes"},"_links":{"self":[{"href":"https:\/\/lucacastelli.com\/de\/wp-json\/wp\/v2\/product\/819923","targetHints":{"allow":["GET"]}}],"collection":[{"href":"https:\/\/lucacastelli.com\/de\/wp-json\/wp\/v2\/product"}],"about":[{"href":"https:\/\/lucacastelli.com\/de\/wp-json\/wp\/v2\/types\/product"}],"wp:featuredmedia":[{"embeddable":true,"href":"https:\/\/lucacastelli.com\/de\/wp-json\/wp\/v2\/media\/819670"}],"wp:attachment":[{"href":"https:\/\/lucacastelli.com\/de\/wp-json\/wp\/v2\/media?parent=819923"}],"wp:term":[{"taxonomy":"product_brand","embeddable":true,"href":"https:\/\/lucacastelli.com\/de\/wp-json\/wp\/v2\/product_brand?post=819923"},{"taxonomy":"product_cat","embeddable":true,"href":"https:\/\/lucacastelli.com\/de\/wp-json\/wp\/v2\/product_cat?post=819923"},{"taxonomy":"product_tag","embeddable":true,"href":"https:\/\/lucacastelli.com\/de\/wp-json\/wp\/v2\/product_tag?post=819923"}],"curies":[{"name":"wp","href":"https:\/\/api.w.org\/{rel}","templated":true}]}}