{"id":819905,"date":"2026-03-23T09:35:31","date_gmt":"2026-03-23T08:35:31","guid":{"rendered":"https:\/\/lucacastelli.com\/prodotto\/ortovox-fleece-rib-jacket-2\/"},"modified":"2026-03-23T09:35:31","modified_gmt":"2026-03-23T08:35:31","slug":"ortovox-fleece-rib-jacket-2","status":"publish","type":"product","link":"https:\/\/lucacastelli.com\/de\/produkt\/ortovox-fleece-rib-jacket-2\/","title":{"rendered":"ORTOVOX FLEECE RIB JACKET"},"content":{"rendered":"<p>EIN TALENT AM FELS<br \/>\nRobuste technische Fleecejacke zum Klettern f\u00fcr Ihre Tage am Fels<\/p>\n<p>Highlights<br \/>\n\u2022 Schnitt und Features speziell f\u00fcr Kletterer und Kletterinnen entwickelt<br \/>\n\u2022 Ein ausgekl\u00fcgelter Materialmix kombiniert Atmungsaktivit\u00e4t und Abriebfestigkeit<br \/>\n\u2022 Hoher Tragekomfort dank Merinowolle auf der Haut<\/p>\n<p>Zuverl\u00e4ssig bei jeder Bewegung, robust und atmungsaktiv: Von der ersten Mehrseill\u00e4ngenroute in Arco bis zur Bigwall im Yosemite \u2013 die FLEECE RIB JACKET f\u00fcr Herren ist \u00fcberall zu Hause.<\/p>\n<p>Robuste Eins\u00e4tze aus MERINO SHIELD TEC sch\u00fctzen an besonders beanspruchten Stellen wie Unterarmen und H\u00fcften vor Abrieb durch harten Fels und Klettergurt. Der Schnitt mit weitem Achselbereich garantiert grosse Bewegungsfreiheit, selbst in anspruchsvollen Passagen. <\/p>\n<p>Die feine Kanalstruktur auf der Innenseite des elastischen MERINO FLEECE RIB Materials sorgt f\u00fcr angenehme Bel\u00fcftung und weist hervorragende Isolationseigenschaften auf. Zudem wirkt die angenehm weiche Merinowolle auf der Haut feuchtigkeits- und temperaturregulierend und beugt Geruchsbildung vor. <\/p>\n<p>Dank des 2-Wege-Frontreissverschlusses l\u00e4sst sich die Jacke schnell und bequem \u00fcber dem Klettergurt anziehen. Der hohe Kragen sch\u00fctzt effektiv vor K\u00e4lte und Wind, w\u00e4hrend die zwei Fronttaschen viel Platz bieten. <\/p>\n<p>Gemacht f\u00fcr die schroffsten W\u00e4nde und l\u00e4ngsten Touren: Die vielseitige FLEECE RIB JACKET f\u00fcr Herren darf bei Ihren Abenteuern am Fels nicht fehlen.<\/p>\n<p>&nbsp;<\/p>\n<p>Features<br \/>\nSchutzkragen<br \/>\n2 Brusttaschen<br \/>\n2-Wege-Frontreissverschluss<br \/>\nRegular Fit<br \/>\nFull Zip<br \/>\nStehkragen<br \/>\nAtmungsaktiv<\/p>\n<p>&nbsp;<\/p>\n<p>Material<br \/>\nHAUPTMATERIAL 1: 66 % Polyester (recycelt) + 21 % Wolle (MERINO OWP) + 8 % Elasthan + 5 % Polyamid (recycelt) HAUPTMATERIAL 2: 74 % Polyamid + 15 % Wolle (MERINO OWP) + 11 % Elasthan<br \/>\nMERINO FLEECE RIB: Merinowolle auf der Haut, Kanalstruktur auf der Innenseite (f\u00f6rdert die Bel\u00fcftung und weist hervorragende Isolationseigenschaften auf), hoch atmungsaktiv, hohe Elastizit\u00e4t, feuchtigkeitsregulierend<br \/>\nMERINO SHIELD TEC: Merinowolle auf der Haut, hohe Abriebfestigkeit (&gt; 50.000 Scheuerzyklen im Martindale-Test), windabweisendes Material, 4-Wege-Stretch, leicht und schnelltrocknend.<\/p>\n","protected":false},"excerpt":{"rendered":"<p>EIN TALENT AM FELS Robuste technische Fleecejacke zum Klettern f\u00fcr Ihre Tage am Fels Highlights \u2022 Schnitt und Features speziell<\/p>\n","protected":false},"featured_media":819768,"template":"","meta":{"_seopress_robots_primary_cat":"none","_seopress_titles_title":"","_seopress_titles_desc":"","_seopress_robots_index":""},"product_brand":[3663],"product_cat":[82,974,975],"product_tag":[],"class_list":{"0":"post-819905","1":"product","2":"type-product","3":"status-publish","4":"has-post-thumbnail","6":"product_brand-ortovox-de","7":"product_cat-kleidung","8":"product_cat-freizeitkleidung","9":"product_cat-herrenbekleidung","10":"sws-gruppo-abb-libero-de","11":"sws-conto-ricavi-merci-rivendita-abbigliamento-de","12":"sws-gruppo-iva-iva81-de","14":"first","15":"instock","16":"shipping-taxable","17":"purchasable","18":"product-type-variable","19":"has-default-attributes"},"_links":{"self":[{"href":"https:\/\/lucacastelli.com\/de\/wp-json\/wp\/v2\/product\/819905","targetHints":{"allow":["GET"]}}],"collection":[{"href":"https:\/\/lucacastelli.com\/de\/wp-json\/wp\/v2\/product"}],"about":[{"href":"https:\/\/lucacastelli.com\/de\/wp-json\/wp\/v2\/types\/product"}],"wp:featuredmedia":[{"embeddable":true,"href":"https:\/\/lucacastelli.com\/de\/wp-json\/wp\/v2\/media\/819768"}],"wp:attachment":[{"href":"https:\/\/lucacastelli.com\/de\/wp-json\/wp\/v2\/media?parent=819905"}],"wp:term":[{"taxonomy":"product_brand","embeddable":true,"href":"https:\/\/lucacastelli.com\/de\/wp-json\/wp\/v2\/product_brand?post=819905"},{"taxonomy":"product_cat","embeddable":true,"href":"https:\/\/lucacastelli.com\/de\/wp-json\/wp\/v2\/product_cat?post=819905"},{"taxonomy":"product_tag","embeddable":true,"href":"https:\/\/lucacastelli.com\/de\/wp-json\/wp\/v2\/product_tag?post=819905"}],"curies":[{"name":"wp","href":"https:\/\/api.w.org\/{rel}","templated":true}]}}