{"id":819893,"date":"2026-03-23T09:11:13","date_gmt":"2026-03-23T08:11:13","guid":{"rendered":"https:\/\/lucacastelli.com\/prodotto\/ortovox-affinity-shorts-w\/"},"modified":"2026-03-23T09:11:13","modified_gmt":"2026-03-23T08:11:13","slug":"ortovox-affinity-shorts-w","status":"publish","type":"product","link":"https:\/\/lucacastelli.com\/de\/produkt\/ortovox-affinity-shorts-w\/","title":{"rendered":"ORTOVOX AFFINITY SHORTS W"},"content":{"rendered":"<p>VIELSEITIGES KLETTERST\u00dcCK<\/p>\n<p>Bequeme und vielseitige Klettershorts mit Bio-Baumwolle<\/p>\n<p>Highlights<br \/>\nBequem und vielseitig<br \/>\nBi-elastisches Material mit Bio-Baumwolle<br \/>\nSpeziell f\u00fcr das Klettern entwickelter Schnitt<br \/>\nVielseitig, winddicht und wasserabweisend \u2013 die AFFINITY SHORTS sind bereit f\u00fcr die schwierigsten Schl\u00fcsselstellen und spektakul\u00e4rsten Dynos. Dank des bi-elastischen Materials mit 66 % Bio-Baumwolle und des f\u00fcrs Klettern optimierten Schnitts folgen diese mittellangen Shorts jeder Ihrer Bewegungen. Der elastische G\u00fcrtel am Bund mit Kordelzug sorgt f\u00fcr perfekten Sitz, w\u00e4hrend die praktischen Seitentaschen kleine Gegenst\u00e4nde sicher aufbewahren. Der Denim-Effekt mit sichtbaren N\u00e4hten verleiht diesen Shorts einen l\u00e4ssigen, stadtf\u00e4higen Look. Ein Kleidungsst\u00fcck, dem es an nichts fehlt \u2013 ideal sowohl am Fels als auch in der Bar.    <\/p>\n<p>&nbsp;<\/p>\n<div id=\"acc_product_features_collapse\" class=\"accordion-collapse cms-element-acris-accordion-content collapse show\" aria-labelledby=\"acc_product_features_heading\" data-bs-parent=\"#acc_properties\">\n<div class=\"accordion-body\">\n<div id=\"acc_product_features_collapse\" class=\"accordion-collapse cms-element-acris-accordion-content collapse show\" aria-labelledby=\"acc_product_features_heading\" data-bs-parent=\"#acc_properties\">\n<div class=\"accordion-body\">\n<p>Eigenschaften<br \/>\nElastischer G\u00fcrtel am Bund<br \/>\nVerstellbarer Bund mit Kordelzug<br \/>\n2 Seitentaschen<br \/>\nZwickel im Schritt<\/p>\n<\/div>\n<p>Material<br \/>\n66% Bio-Baumwolle + 29% Polyamid + 5% Elastan<br \/>\nROBUSTE MATERIALMISCHUNG (min. 120.000 Scheuerzyklen im Martindale-Test)<br \/>\nBIO-BAUMWOLLE<br \/>\nBI-ELASTISCHES MATERIAL<br \/>\nWASSERABWEISEND<br \/>\nATMUNGSAKTIV<\/p>\n<\/div>\n<\/div>\n<\/div>\n","protected":false},"excerpt":{"rendered":"<p>VIELSEITIGES KLETTERST\u00dcCK Bequeme und vielseitige Klettershorts mit Bio-Baumwolle Highlights Bequem und vielseitig Bi-elastisches Material mit Bio-Baumwolle Speziell f\u00fcr das Klettern<\/p>\n","protected":false},"featured_media":819605,"template":"","meta":{"_seopress_robots_primary_cat":"","_seopress_titles_title":"","_seopress_titles_desc":"","_seopress_robots_index":""},"product_brand":[3663],"product_cat":[82,974,1388],"product_tag":[],"class_list":{"0":"post-819893","1":"product","2":"type-product","3":"status-publish","4":"has-post-thumbnail","6":"product_brand-ortovox-de","7":"product_cat-kleidung","8":"product_cat-freizeitkleidung","9":"product_cat-damenbekleidung","10":"sws-gruppo-abb-libero-de","11":"sws-conto-ricavi-merci-rivendita-abbigliamento-de","12":"sws-gruppo-iva-iva81-de","14":"first","15":"instock","16":"shipping-taxable","17":"purchasable","18":"product-type-variable","19":"has-default-attributes"},"_links":{"self":[{"href":"https:\/\/lucacastelli.com\/de\/wp-json\/wp\/v2\/product\/819893","targetHints":{"allow":["GET"]}}],"collection":[{"href":"https:\/\/lucacastelli.com\/de\/wp-json\/wp\/v2\/product"}],"about":[{"href":"https:\/\/lucacastelli.com\/de\/wp-json\/wp\/v2\/types\/product"}],"wp:featuredmedia":[{"embeddable":true,"href":"https:\/\/lucacastelli.com\/de\/wp-json\/wp\/v2\/media\/819605"}],"wp:attachment":[{"href":"https:\/\/lucacastelli.com\/de\/wp-json\/wp\/v2\/media?parent=819893"}],"wp:term":[{"taxonomy":"product_brand","embeddable":true,"href":"https:\/\/lucacastelli.com\/de\/wp-json\/wp\/v2\/product_brand?post=819893"},{"taxonomy":"product_cat","embeddable":true,"href":"https:\/\/lucacastelli.com\/de\/wp-json\/wp\/v2\/product_cat?post=819893"},{"taxonomy":"product_tag","embeddable":true,"href":"https:\/\/lucacastelli.com\/de\/wp-json\/wp\/v2\/product_tag?post=819893"}],"curies":[{"name":"wp","href":"https:\/\/api.w.org\/{rel}","templated":true}]}}