{"id":819881,"date":"2026-03-23T09:55:35","date_gmt":"2026-03-23T08:55:35","guid":{"rendered":"https:\/\/lucacastelli.com\/prodotto\/ortovox-120-cool-tec-logo-headband-2\/"},"modified":"2026-05-05T22:45:09","modified_gmt":"2026-05-05T20:45:09","slug":"ortovox-120-cool-tec-logo-headband-2","status":"publish","type":"product","link":"https:\/\/lucacastelli.com\/de\/produkt\/ortovox-120-cool-tec-logo-headband-2\/","title":{"rendered":"ORTOVOX 120 COOL TEC LOGO HEADBAND"},"content":{"rendered":"<p>Praktisch und vielseitig<\/p>\n<p>Ein praktischer Begleiter f\u00fcr Sport und Berge: das 120 Tec Logo Stirnband von Ortovox! Dieses vielseitige Stirnband w\u00e4rmt den Kopf dank seines elastischen Gewebes aus Merinowolle und Polyamid sehr angenehm. Zudem sind die feuchtigkeits- und temperaturregulierenden Eigenschaften der Merinowolle direkt auf der Haut sp\u00fcrbar.  <\/p>\n<p>Bequem und leicht<br \/>\nDas Material ist nicht zu volumin\u00f6s und passt daher gut unter einen Kletterhelm. Zudem ist das 120 Tec Logo Stirnband sehr kompakt und kann \u00fcberallhin mitgenommen werden \u2013 f\u00fcr alle F\u00e4lle! Die Highlights im \u00dcberblick:<br \/>\nMerinowolle bietet nat\u00fcrliche Funktionalit\u00e4t<br \/>\nBequem und angenehm zu tragen<br \/>\nKann \u00fcberallhin mitgenommen werden, f\u00fcr alle F\u00e4lle  <\/p>\n","protected":false},"excerpt":{"rendered":"<p>Praktisch und vielseitig Ein praktischer Begleiter f\u00fcr Sport und Berge: das 120 Tec Logo Stirnband von Ortovox! Dieses vielseitige Stirnband<\/p>\n","protected":false},"featured_media":819788,"template":"","meta":{"_seopress_robots_primary_cat":"none","_seopress_titles_title":"","_seopress_titles_desc":"","_seopress_robots_index":""},"product_brand":[3663],"product_cat":[1391,974,82],"product_tag":[],"class_list":{"0":"post-819881","1":"product","2":"type-product","3":"status-publish","4":"has-post-thumbnail","6":"product_brand-ortovox-de","7":"product_cat-bekleidungs-accessoires","8":"product_cat-freizeitkleidung","9":"product_cat-kleidung","10":"sws-gruppo-abb-libero-de","11":"sws-conto-ricavi-merci-rivendita-abbigliamento-de","12":"sws-gruppo-iva-iva81-de","14":"first","15":"instock","16":"shipping-taxable","17":"purchasable","18":"product-type-variable","19":"has-default-attributes"},"_links":{"self":[{"href":"https:\/\/lucacastelli.com\/de\/wp-json\/wp\/v2\/product\/819881","targetHints":{"allow":["GET"]}}],"collection":[{"href":"https:\/\/lucacastelli.com\/de\/wp-json\/wp\/v2\/product"}],"about":[{"href":"https:\/\/lucacastelli.com\/de\/wp-json\/wp\/v2\/types\/product"}],"wp:featuredmedia":[{"embeddable":true,"href":"https:\/\/lucacastelli.com\/de\/wp-json\/wp\/v2\/media\/819788"}],"wp:attachment":[{"href":"https:\/\/lucacastelli.com\/de\/wp-json\/wp\/v2\/media?parent=819881"}],"wp:term":[{"taxonomy":"product_brand","embeddable":true,"href":"https:\/\/lucacastelli.com\/de\/wp-json\/wp\/v2\/product_brand?post=819881"},{"taxonomy":"product_cat","embeddable":true,"href":"https:\/\/lucacastelli.com\/de\/wp-json\/wp\/v2\/product_cat?post=819881"},{"taxonomy":"product_tag","embeddable":true,"href":"https:\/\/lucacastelli.com\/de\/wp-json\/wp\/v2\/product_tag?post=819881"}],"curies":[{"name":"wp","href":"https:\/\/api.w.org\/{rel}","templated":true}]}}