{"id":809654,"date":"2026-03-18T15:18:47","date_gmt":"2026-03-18T14:18:47","guid":{"rendered":"https:\/\/lucacastelli.com\/?post_type=product&#038;p=809654"},"modified":"2026-03-18T15:46:31","modified_gmt":"2026-03-18T14:46:31","slug":"crazy-short-alpinstar-copia-copia-copia-copia-copia-copia","status":"publish","type":"product","link":"https:\/\/lucacastelli.com\/de\/produkt\/crazy-short-alpinstar-copia-copia-copia-copia-copia-copia\/","title":{"rendered":"CRAZY PANT IONIC LIGHT"},"content":{"rendered":"<p>Produktbeschreibung<\/p>\n<p>Die PANT Ionic ist die ideale Berghose f\u00fcr alle, die das perfekte Gleichgewicht zwischen technischer Performance und modernem Stil suchen. Das erneuerte, klare und essenzielle Design wird mit einer ergonomischen Passform kombiniert, die die Silhouette betont und maximale Bewegungsfreiheit garantiert. <\/p>\n<p>Komplett neu konzipiert, beh\u00e4lt sie das hohe technische Niveau der Ionic-Linie bei und bietet eine hervorragende Kombination aus Schutz und Atmungsaktivit\u00e4t. Das bi-elastische und atmungsaktive Endurance Light-Gewebe ist mit einem wasserabweisenden DWR-Finish behandelt, um Outdoor-Bedingungen optimal zu meistern. <\/p>\n<p>Der neue hohe, elastische Bund mit internem Kordelzug sorgt f\u00fcr eine stabile und komfortable Passform. Das erh\u00f6hte Design im R\u00fcckenbereich bietet mehr Lendenwirbelst\u00fctze, w\u00e4hrend das Netzfutter die Bel\u00fcftung w\u00e4hrend der Aktivit\u00e4t f\u00f6rdert. <\/p>\n<p>&nbsp;<\/p>\n<p>Hauptmerkmale<\/p>\n<p>Endurance Light-Gewebe: atmungsaktiv, bi-elastisch und leicht<\/p>\n<p>Wasserabweisende DWR-Behandlung<\/p>\n<p>Hoher elastischer Bund mit verstellbarem Kordelzug<\/p>\n<p>Erh\u00f6hte R\u00fcckenpartie f\u00fcr mehr Lendenwirbelst\u00fctze<\/p>\n<p>Bundinnenseite mit Netzeinsatz f\u00fcr bessere Atmungsaktivit\u00e4t<\/p>\n<p>Lasergeschnittene Seitentaschen mit geklebten Rei\u00dfverschl\u00fcssen<\/p>\n<p>Flachn\u00e4hte in Kontrastfarbe<\/p>\n<p>Reflektierende Logos f\u00fcr bessere Sichtbarkeit<\/p>\n<p>Verstellbarer Beinabschluss mit Kn\u00f6pfen<\/p>\n","protected":false},"excerpt":{"rendered":"<p>Produktbeschreibung Die PANT Ionic ist die ideale Berghose f\u00fcr alle, die das perfekte Gleichgewicht zwischen technischer Performance und modernem Stil<\/p>\n","protected":false},"featured_media":809681,"template":"","meta":{"_seopress_robots_primary_cat":"none","_seopress_titles_title":"","_seopress_titles_desc":"","_seopress_robots_index":""},"product_brand":[3614],"product_cat":[82,974,1388],"product_tag":[],"class_list":{"0":"post-809654","1":"product","2":"type-product","3":"status-publish","4":"has-post-thumbnail","6":"product_brand-crazy-de","7":"product_cat-kleidung","8":"product_cat-freizeitkleidung","9":"product_cat-damenbekleidung","10":"sws-gruppo-abb-libero-de","11":"sws-conto-ricavi-merci-rivendita-abbigliamento-de","12":"sws-gruppo-iva-iva81-de","14":"first","15":"instock","16":"sale","17":"shipping-taxable","18":"product-type-variable","19":"has-default-attributes"},"_links":{"self":[{"href":"https:\/\/lucacastelli.com\/de\/wp-json\/wp\/v2\/product\/809654","targetHints":{"allow":["GET"]}}],"collection":[{"href":"https:\/\/lucacastelli.com\/de\/wp-json\/wp\/v2\/product"}],"about":[{"href":"https:\/\/lucacastelli.com\/de\/wp-json\/wp\/v2\/types\/product"}],"wp:featuredmedia":[{"embeddable":true,"href":"https:\/\/lucacastelli.com\/de\/wp-json\/wp\/v2\/media\/809681"}],"wp:attachment":[{"href":"https:\/\/lucacastelli.com\/de\/wp-json\/wp\/v2\/media?parent=809654"}],"wp:term":[{"taxonomy":"product_brand","embeddable":true,"href":"https:\/\/lucacastelli.com\/de\/wp-json\/wp\/v2\/product_brand?post=809654"},{"taxonomy":"product_cat","embeddable":true,"href":"https:\/\/lucacastelli.com\/de\/wp-json\/wp\/v2\/product_cat?post=809654"},{"taxonomy":"product_tag","embeddable":true,"href":"https:\/\/lucacastelli.com\/de\/wp-json\/wp\/v2\/product_tag?post=809654"}],"curies":[{"name":"wp","href":"https:\/\/api.w.org\/{rel}","templated":true}]}}