{"id":809590,"date":"2026-03-18T14:50:24","date_gmt":"2026-03-18T13:50:24","guid":{"rendered":"https:\/\/lucacastelli.com\/?post_type=product&#038;p=809590"},"modified":"2026-03-18T15:48:12","modified_gmt":"2026-03-18T14:48:12","slug":"crazy-short-alpinstar-copia-copia-copia-copia","status":"publish","type":"product","link":"https:\/\/lucacastelli.com\/de\/produkt\/crazy-short-alpinstar-copia-copia-copia-copia\/","title":{"rendered":"CRAZY PANT OXYGEN LIGHT"},"content":{"rendered":"<div class=\"flex flex-col text-sm pb-25\">\n<article class=\"text-token-text-primary w-full focus:outline-none [--shadow-height:45px] has-data-writing-block:pointer-events-none has-data-writing-block:-mt-(--shadow-height) has-data-writing-block:pt-(--shadow-height) [&amp;:has([data-writing-block])&gt;*]:pointer-events-auto scroll-mt-[calc(var(--header-height)+min(200px,max(70px,20svh)))]\" dir=\"auto\" tabindex=\"-1\" data-turn-id=\"request-WEB:dca93298-70f8-4659-a80a-ea8e5cc65860-17\" data-testid=\"conversation-turn-36\" data-scroll-anchor=\"true\" data-turn=\"assistant\">\n<div class=\"text-base my-auto mx-auto pb-10 [--thread-content-margin:var(--thread-content-margin-xs,calc(var(--spacing)*4))] @w-sm\/main:[--thread-content-margin:var(--thread-content-margin-sm,calc(var(--spacing)*6))] @w-lg\/main:[--thread-content-margin:var(--thread-content-margin-lg,calc(var(--spacing)*16))] px-(--thread-content-margin)\">\n<div class=\"[--thread-content-max-width:40rem] @w-lg\/main:[--thread-content-max-width:48rem] mx-auto max-w-(--thread-content-max-width) flex-1 group\/turn-messages focus-visible:outline-hidden relative flex w-full min-w-0 flex-col agent-turn\" tabindex=\"-1\">\n<div class=\"flex max-w-full flex-col gap-4 grow\">\n<div class=\"min-h-8 text-message relative flex w-full flex-col items-end gap-2 text-start break-words whitespace-normal [.text-message+&amp;]:mt-1\" dir=\"auto\" data-message-author-role=\"assistant\" data-message-id=\"ed0d4022-cf12-4c88-b976-f4d035ee0323\" data-message-model-slug=\"gpt-5-3\">\n<div class=\"flex w-full flex-col gap-1 empty:hidden\">\n<div class=\"markdown prose dark:prose-invert w-full wrap-break-word light markdown-new-styling\">\n<p>Produktbeschreibung<\/p>\n<p>Die Oxygen Hose ist die Fast &amp; Light-Version der Kollektion, entwickelt f\u00fcr alle, die die Berge dynamisch und athletisch erleben, ohne auf einen modernen Stil zu verzichten.<\/p>\n<p>Konzipiert f\u00fcr intensive Aktivit\u00e4ten, kombiniert sie Leichtigkeit, Strapazierf\u00e4higkeit und maximale Bewegungsfreiheit. Das technische und funktionale Design vereint sich mit gepflegten Details und macht sie ideal f\u00fcr Speed-Trekking, Wandern und hochintensive Outdoor-Aktivit\u00e4ten. <\/p>\n<p>Die Konstruktion umfasst einen verstellbaren elastischen Bund, zwei praktische Taschen mit reflektierenden Details und den Einsatz von Hochleistungsmaterialien: Das Hauptgewebe aus Endurance Light, robust und bi-elastisch, wird durch extrem leichte und komfortable Eins\u00e4tze der Stretch Series erg\u00e4nzt, die Passform und Mobilit\u00e4t verbessern.<\/p>\n<p>&nbsp;<\/p>\n<p>Hauptmerkmale<\/p>\n<p>Hauptgewebe Endurance Light: strapazierf\u00e4hig, leicht und bi-elastisch<\/p>\n<p>Eins\u00e4tze aus Stretch Series f\u00fcr mehr Komfort und Bewegungsfreiheit<\/p>\n<p>Lasergeschnittene Seitentaschen mit geklebten Rei\u00dfverschl\u00fcssen<\/p>\n<p>Reflektierende Details f\u00fcr bessere Sichtbarkeit<\/p>\n<p>Verstellbarer Bund mit elastischem Kordelzug<\/p>\n<p>Verstellbarer Beinabschluss mit Knopf<\/p>\n<\/div>\n<\/div>\n<\/div>\n<\/div>\n<\/div>\n<\/div>\n<\/article>\n<\/div>\n<div class=\"pointer-events-none h-px w-px absolute bottom-0\" aria-hidden=\"true\" data-edge=\"true\"><\/div>\n","protected":false},"excerpt":{"rendered":"<p>Produktbeschreibung Die Oxygen Hose ist die Fast &amp; Light-Version der Kollektion, entwickelt f\u00fcr alle, die die Berge dynamisch und athletisch<\/p>\n","protected":false},"featured_media":809602,"template":"","meta":{"_seopress_robots_primary_cat":"none","_seopress_titles_title":"","_seopress_titles_desc":"","_seopress_robots_index":""},"product_brand":[3614],"product_cat":[82,974,1388],"product_tag":[],"class_list":{"0":"post-809590","1":"product","2":"type-product","3":"status-publish","4":"has-post-thumbnail","6":"product_brand-crazy-de","7":"product_cat-kleidung","8":"product_cat-freizeitkleidung","9":"product_cat-damenbekleidung","10":"sws-gruppo-abb-libero-de","11":"sws-conto-ricavi-merci-rivendita-abbigliamento-de","12":"sws-gruppo-iva-iva81-de","14":"first","15":"instock","16":"sale","17":"shipping-taxable","18":"product-type-variable","19":"has-default-attributes"},"_links":{"self":[{"href":"https:\/\/lucacastelli.com\/de\/wp-json\/wp\/v2\/product\/809590","targetHints":{"allow":["GET"]}}],"collection":[{"href":"https:\/\/lucacastelli.com\/de\/wp-json\/wp\/v2\/product"}],"about":[{"href":"https:\/\/lucacastelli.com\/de\/wp-json\/wp\/v2\/types\/product"}],"wp:featuredmedia":[{"embeddable":true,"href":"https:\/\/lucacastelli.com\/de\/wp-json\/wp\/v2\/media\/809602"}],"wp:attachment":[{"href":"https:\/\/lucacastelli.com\/de\/wp-json\/wp\/v2\/media?parent=809590"}],"wp:term":[{"taxonomy":"product_brand","embeddable":true,"href":"https:\/\/lucacastelli.com\/de\/wp-json\/wp\/v2\/product_brand?post=809590"},{"taxonomy":"product_cat","embeddable":true,"href":"https:\/\/lucacastelli.com\/de\/wp-json\/wp\/v2\/product_cat?post=809590"},{"taxonomy":"product_tag","embeddable":true,"href":"https:\/\/lucacastelli.com\/de\/wp-json\/wp\/v2\/product_tag?post=809590"}],"curies":[{"name":"wp","href":"https:\/\/api.w.org\/{rel}","templated":true}]}}