{"id":809267,"date":"2026-03-16T11:51:38","date_gmt":"2026-03-16T10:51:38","guid":{"rendered":"https:\/\/lucacastelli.com\/prodotto\/crazy-short-traverse-woman\/"},"modified":"2026-03-16T11:51:38","modified_gmt":"2026-03-16T10:51:38","slug":"crazy-short-traverse-woman","status":"publish","type":"product","link":"https:\/\/lucacastelli.com\/de\/produkt\/crazy-short-traverse-woman\/","title":{"rendered":"CRAZY SHORT TRAVERSE WOMAN"},"content":{"rendered":"<div class=\"flex flex-col text-sm pb-25\">\n<article class=\"text-token-text-primary w-full focus:outline-none [--shadow-height:45px] has-data-writing-block:pointer-events-none has-data-writing-block:-mt-(--shadow-height) has-data-writing-block:pt-(--shadow-height) [&amp;:has([data-writing-block])&gt;*]:pointer-events-auto scroll-mt-[calc(var(--header-height)+min(200px,max(70px,20svh)))]\" dir=\"auto\" tabindex=\"-1\" data-turn-id=\"request-WEB:dca93298-70f8-4659-a80a-ea8e5cc65860-17\" data-testid=\"conversation-turn-36\" data-scroll-anchor=\"true\" data-turn=\"assistant\">\n<div class=\"text-base my-auto mx-auto pb-10 [--thread-content-margin:var(--thread-content-margin-xs,calc(var(--spacing)*4))] @w-sm\/main:[--thread-content-margin:var(--thread-content-margin-sm,calc(var(--spacing)*6))] @w-lg\/main:[--thread-content-margin:var(--thread-content-margin-lg,calc(var(--spacing)*16))] px-(--thread-content-margin)\">\n<div class=\"[--thread-content-max-width:40rem] @w-lg\/main:[--thread-content-max-width:48rem] mx-auto max-w-(--thread-content-max-width) flex-1 group\/turn-messages focus-visible:outline-hidden relative flex w-full min-w-0 flex-col agent-turn\" tabindex=\"-1\">\n<div class=\"flex max-w-full flex-col gap-4 grow\">\n<div class=\"min-h-8 text-message relative flex w-full flex-col items-end gap-2 text-start break-words whitespace-normal [.text-message+&amp;]:mt-1\" dir=\"auto\" data-message-author-role=\"assistant\" data-message-id=\"ed0d4022-cf12-4c88-b976-f4d035ee0323\" data-message-model-slug=\"gpt-5-3\">\n<div class=\"flex w-full flex-col gap-1 empty:hidden\">\n<div class=\"markdown prose dark:prose-invert w-full wrap-break-word light markdown-new-styling\">\n<div class=\"flex flex-col text-sm pb-25\">\n<article class=\"text-token-text-primary w-full focus:outline-none [--shadow-height:45px] has-data-writing-block:pointer-events-none has-data-writing-block:-mt-(--shadow-height) has-data-writing-block:pt-(--shadow-height) [&amp;:has([data-writing-block])&gt;*]:pointer-events-auto scroll-mt-[calc(var(--header-height)+min(200px,max(70px,20svh)))]\" dir=\"auto\" tabindex=\"-1\" data-turn-id=\"request-WEB:1bed4a84-83c6-41f3-9b56-1bead705c779-6\" data-testid=\"conversation-turn-14\" data-scroll-anchor=\"true\" data-turn=\"assistant\">\n<div class=\"text-base my-auto mx-auto pb-10 [--thread-content-margin:var(--thread-content-margin-xs,calc(var(--spacing)*4))] @w-sm\/main:[--thread-content-margin:var(--thread-content-margin-sm,calc(var(--spacing)*6))] @w-lg\/main:[--thread-content-margin:var(--thread-content-margin-lg,calc(var(--spacing)*16))] px-(--thread-content-margin)\">\n<div class=\"[--thread-content-max-width:40rem] @w-lg\/main:[--thread-content-max-width:48rem] mx-auto max-w-(--thread-content-max-width) flex-1 group\/turn-messages focus-visible:outline-hidden relative flex w-full min-w-0 flex-col agent-turn\" tabindex=\"-1\">\n<div class=\"flex max-w-full flex-col gap-4 grow\">\n<div class=\"min-h-8 text-message relative flex w-full flex-col items-end gap-2 text-start break-words whitespace-normal [.text-message+&amp;]:mt-1\" dir=\"auto\" data-message-author-role=\"assistant\" data-message-id=\"c145679a-d064-49ce-93f6-cd6fa472d023\" data-message-model-slug=\"gpt-5-3\">\n<div class=\"flex w-full flex-col gap-1 empty:hidden\">\n<div class=\"markdown prose dark:prose-invert w-full wrap-break-word light markdown-new-styling\">\n<p data-start=\"0\" data-end=\"19\"><strong data-start=\"0\" data-end=\"19\">Eigenschaften<\/strong><\/p>\n<ul data-start=\"21\" data-end=\"193\">\n<li data-section-id=\"1y9jype\" data-start=\"21\" data-end=\"77\">\n<p data-start=\"23\" data-end=\"77\">Seitentasche mit Rei\u00dfverschluss am rechten Bein<\/p>\n<\/li>\n<li data-section-id=\"1ju6ea\" data-start=\"78\" data-end=\"124\">\n<p data-start=\"80\" data-end=\"124\">Tasche <strong data-start=\"86\" data-end=\"101\">easy pocket<\/strong> am linken Bein<\/p>\n<\/li>\n<li data-section-id=\"86oj26\" data-start=\"125\" data-end=\"152\">\n<p data-start=\"127\" data-end=\"152\">Elastischer Bund<\/p>\n<\/li>\n<li data-section-id=\"j0d6n0\" data-start=\"153\" data-end=\"174\">\n<p data-start=\"155\" data-end=\"174\">Reflektierende Logos<\/p>\n<\/li>\n<li data-section-id=\"1x7ap1j\" data-start=\"175\" data-end=\"193\">\n<p data-start=\"177\" data-end=\"193\">Verklebte S\u00e4ume<\/p>\n<\/li>\n<\/ul>\n<p data-start=\"195\" data-end=\"210\"><strong data-start=\"195\" data-end=\"210\">Beschreibung<\/strong><\/p>\n<p data-start=\"212\" data-end=\"357\">Die Linie <strong data-start=\"221\" data-end=\"233\">Traverse<\/strong> ist f\u00fcr <strong data-start=\"254\" data-end=\"274\">leichtes Trekking<\/strong> und Wanderungen im <strong data-start=\"294\" data-end=\"312\">Mittelgebirge<\/strong> konzipiert und bietet technische, leichte und vielseitige Bekleidung.<\/p>\n<p data-start=\"359\" data-end=\"575\">Diese <strong data-start=\"366\" data-end=\"375\">Short<\/strong> zeichnet sich durch ihr essentielles Design und ihre technische Konstruktion aus, die <strong data-start=\"455\" data-end=\"501\">Komfort, Schutz und Bewegungsfreiheit<\/strong> vereint und sie ideal f\u00fcr Outdoor-Aktivit\u00e4ten in der warmen Jahreszeit macht.<\/p>\n<p data-start=\"577\" data-end=\"773\">Der <strong data-start=\"580\" data-end=\"607\">elastische Bund<\/strong>, der mit einem neuen, stabileren und komfortableren Gummiband ausgestattet wurde, l\u00e4sst sich \u00fcber eine <strong data-start=\"698\" data-end=\"717\">interne Kordel<\/strong> verstellen und garantiert eine pr\u00e4zise Passform w\u00e4hrend der Aktivit\u00e4t.<\/p>\n<p data-start=\"775\" data-end=\"958\" data-is-last-node=\"\" data-is-only-node=\"\">Das Kleidungsst\u00fcck ist aus <strong data-start=\"799\" data-end=\"821\">Lite-Guard-Gewebe<\/strong> gefertigt, das sich durch <strong data-start=\"841\" data-end=\"887\">Leichtigkeit, Kompaktheit und guten Schutz<\/strong> auszeichnet und gleichzeitig Komfort und Praktikabilit\u00e4t bei Wanderungen bietet.<\/p>\n<\/div>\n<\/div>\n<\/div>\n<\/div>\n<div class=\"z-0 flex min-h-[46px] justify-start\"><\/div>\n<div class=\"mt-3 w-full empty:hidden\">\n<div class=\"text-center\"><\/div>\n<\/div>\n<\/div>\n<\/div>\n<\/article>\n<\/div>\n<div class=\"pointer-events-none h-px w-px absolute bottom-0\" aria-hidden=\"true\" data-edge=\"true\"><\/div>\n<p data-start=\"0\" data-end=\"19\">\n<\/div>\n<\/div>\n<\/div>\n<\/div>\n<\/div>\n<\/div>\n<\/article>\n<\/div>\n<div class=\"pointer-events-none h-px w-px absolute bottom-0\" aria-hidden=\"true\" data-edge=\"true\"><\/div>\n","protected":false},"excerpt":{"rendered":"<p>Eigenschaften Seitentasche mit Rei\u00dfverschluss am rechten Bein Tasche easy pocket am linken Bein Elastischer Bund Reflektierende Logos Verklebte S\u00e4ume Beschreibung<\/p>\n","protected":false},"featured_media":809268,"template":"","meta":{"_seopress_robots_primary_cat":"none","_seopress_titles_title":"","_seopress_titles_desc":"","_seopress_robots_index":""},"product_brand":[3413],"product_cat":[21,189,200],"product_tag":[],"class_list":{"0":"post-809267","1":"product","2":"type-product","3":"status-publish","4":"has-post-thumbnail","6":"product_brand-crazy","7":"product_cat-abbigliamento","8":"product_cat-abbigliamento-per-il-tempo-libero","9":"product_cat-abbigliamento-da-donna","10":"sws-gruppo-abb-libero-de","11":"sws-conto-ricavi-merci-rivendita-abbigliamento-de","12":"sws-gruppo-iva-iva81-de","14":"first","15":"instock","16":"sale","17":"shipping-taxable","18":"product-type-variable","19":"has-default-attributes"},"_links":{"self":[{"href":"https:\/\/lucacastelli.com\/de\/wp-json\/wp\/v2\/product\/809267","targetHints":{"allow":["GET"]}}],"collection":[{"href":"https:\/\/lucacastelli.com\/de\/wp-json\/wp\/v2\/product"}],"about":[{"href":"https:\/\/lucacastelli.com\/de\/wp-json\/wp\/v2\/types\/product"}],"wp:featuredmedia":[{"embeddable":true,"href":"https:\/\/lucacastelli.com\/de\/wp-json\/wp\/v2\/media\/809268"}],"wp:attachment":[{"href":"https:\/\/lucacastelli.com\/de\/wp-json\/wp\/v2\/media?parent=809267"}],"wp:term":[{"taxonomy":"product_brand","embeddable":true,"href":"https:\/\/lucacastelli.com\/de\/wp-json\/wp\/v2\/product_brand?post=809267"},{"taxonomy":"product_cat","embeddable":true,"href":"https:\/\/lucacastelli.com\/de\/wp-json\/wp\/v2\/product_cat?post=809267"},{"taxonomy":"product_tag","embeddable":true,"href":"https:\/\/lucacastelli.com\/de\/wp-json\/wp\/v2\/product_tag?post=809267"}],"curies":[{"name":"wp","href":"https:\/\/api.w.org\/{rel}","templated":true}]}}