{"id":809007,"date":"2026-03-18T10:12:16","date_gmt":"2026-03-18T09:12:16","guid":{"rendered":"https:\/\/lucacastelli.com\/prodotto\/petzl-cordex-plus-sicherungs-und-abseilhandschuhe\/"},"modified":"2026-03-18T10:12:16","modified_gmt":"2026-03-18T09:12:16","slug":"petzl-cordex-plus-sicherungs-und-abseilhandschuhe","status":"publish","type":"product","link":"https:\/\/lucacastelli.com\/de\/produkt\/petzl-cordex-plus-sicherungs-und-abseilhandschuhe\/","title":{"rendered":"PETZL CORDEX PLUS Sicherungs- und Abseilhandschuhe"},"content":{"rendered":"<p class=\"productSubtitle\">Sicherungs- und Abseilhandschuhe<\/p>\n<div class=\"productCaracteristiquesPosition inlineblock\">\n<p class=\"productCaracteristiques inlineblock\">Diese Sicherungs- und Abseilhandschuhe garantieren maximalen Schutz ohne Verzicht auf Pr\u00e4zision. Das doppellagige Leder und die Verst\u00e4rkungen sch\u00fctzen die Handfl\u00e4che vor Hitzeentwicklung bei langen Abseilvorg\u00e4ngen und beim Ablassen. Die Fingerspitzen und exponierten Stellen sind f\u00fcr eine h\u00f6here Robustheit verst\u00e4rkt. Der Handr\u00fccken besteht aus Leder mit abriebfestem Stretch-Nylon an den Gelenken. Das Neopren-B\u00fcndchen mit Klettverschluss verf\u00fcgt \u00fcber eine \u00d6se, um die Handschuhe mit einem Karabiner am Gurt zu befestigen.    <\/p>\n<\/div>\n<div class=\"list\">\n<p>Detaillierte Beschreibung<br \/>\nErgonomischer Schnitt f\u00fcr exzellente Fingerfertigkeit, ohne zu eng zu sitzen.<br \/>\nHergestellt aus hochwertigem Naturleder f\u00fcr ein perfektes Gleichgewicht zwischen Robustheit und Pr\u00e4zision.<br \/>\nVerst\u00e4rkte Handfl\u00e4che zum Schutz vor Hitzeentwicklung bei langen Abseilvorg\u00e4ngen und beim Ablassen.<br \/>\nRobuster Lederr\u00fccken mit abriebfestem Stretch-Nylon an den Gelenken.<br \/>\nStrapazierf\u00e4higes, doppellagiges Leder f\u00fcr exponierte Handpartien: Fingerspitzen, Handfl\u00e4che, Bereich zwischen Daumen und Zeigefinger.<br \/>\nNeopren-B\u00fcndchen mit Klettverschluss.<br \/>\n\u00d6se zur Befestigung der Handschuhe am Gurt.<br \/>\nSpezifikationen<br \/>\nMaterialien: Ziegenleder, Stretch-Nylon<\/p>\n<p>Zertifizierung(en): CE EN 21420, CE EN 388 (3123), EAC<br \/>\nZertifizierung CE EN 388 (3123): &#8211; Abriebfestigkeit 3\/4, &#8211; Schnittfestigkeit 1\/5, &#8211; Weiterrei\u00dffestigkeit 2\/4, &#8211; Durchstichfestigkeit 3\/4.<\/p>\n<\/div>\n<table>\n<tbody>\n<tr>\n<th class=\"rowTitle\">Artikelnummern<\/th>\n<th>K53 XST<\/th>\n<th>K53 ST<\/th>\n<th>K53 MT<\/th>\n<th>K53 LT<\/th>\n<th>K53 XLT<\/th>\n<th>K53 SN<\/th>\n<\/tr>\n<tr>\n<td class=\"rowTitle\">Farbe(n)<\/td>\n<td>hellbraun<\/td>\n<td>hellbraun<\/td>\n<td>hellbraun<\/td>\n<td>hellbraun<\/td>\n<td>hellbraun<\/td>\n<td>schwarz<\/td>\n<\/tr>\n<tr>\n<td class=\"rowTitle\">Gr\u00f6\u00dfe<\/td>\n<td>XS<\/td>\n<td>S<\/td>\n<td>M<\/td>\n<td>L<\/td>\n<td>XL<\/td>\n<td>S<\/td>\n<\/tr>\n<tr>\n<td class=\"rowTitle\">Gr\u00f6\u00dfe<\/td>\n<td>7,5<\/td>\n<td>8<\/td>\n<td>8,5<\/td>\n<td>9<\/td>\n<td>9,5<\/td>\n<td>8<\/td>\n<\/tr>\n<tr>\n<td class=\"rowTitle\">Handumfang<\/td>\n<td>19 cm<\/td>\n<td>20 cm<\/td>\n<td>21,5 cm<\/td>\n<td>23 cm<\/td>\n<td>24,5 cm<\/td>\n<td>20 cm<\/td>\n<\/tr>\n<tr>\n<td class=\"rowTitle\">Gewicht<\/td>\n<td>132 g<\/td>\n<td>136 g<\/td>\n<td>140 g<\/td>\n<td>146 g<\/td>\n<td>152 g<\/td>\n<td>136 g<\/td>\n<\/tr>\n<tr>\n<td class=\"rowTitle\">Verpackung<\/td>\n<td>1<\/td>\n<td>1<\/td>\n<td>1<\/td>\n<td>1<\/td>\n<td>1<\/td>\n<td>1<\/td>\n<\/tr>\n<\/tbody>\n<\/table>\n<p>&nbsp;<\/p>\n<table>\n<tbody>\n<tr>\n<th class=\"rowTitle\">Artikelnummern<\/th>\n<th>K53 MN<\/th>\n<th>K53 LN<\/th>\n<th>K53 XLN<\/th>\n<\/tr>\n<tr>\n<td class=\"rowTitle\">Farbe(n)<\/td>\n<td>schwarz<\/td>\n<td>schwarz<\/td>\n<td>schwarz<\/td>\n<\/tr>\n<tr>\n<td class=\"rowTitle\">Gr\u00f6\u00dfe<\/td>\n<td>M<\/td>\n<td>L<\/td>\n<td>XL<\/td>\n<\/tr>\n<tr>\n<td class=\"rowTitle\">Gr\u00f6\u00dfe<\/td>\n<td>8,5<\/td>\n<td>9<\/td>\n<td>9,5<\/td>\n<\/tr>\n<tr>\n<td class=\"rowTitle\">Handumfang<\/td>\n<td>21,5 cm<\/td>\n<td>23 cm<\/td>\n<td>24,5 cm<\/td>\n<\/tr>\n<tr>\n<td class=\"rowTitle\">Gewicht<\/td>\n<td>140 g<\/td>\n<td>146 g<\/td>\n<td>152 g<\/td>\n<\/tr>\n<tr>\n<td class=\"rowTitle\">Verpackungseinheit<\/td>\n<td>1<\/td>\n<td>1<\/td>\n<td>1<\/td>\n<\/tr>\n<\/tbody>\n<\/table>\n","protected":false},"excerpt":{"rendered":"<p>Sicherungs- und Abseilhandschuhe Diese Sicherungs- und Abseilhandschuhe garantieren maximalen Schutz ohne Verzicht auf Pr\u00e4zision. Das doppellagige Leder und die Verst\u00e4rkungen<\/p>\n","protected":false},"featured_media":808821,"template":"","meta":{"_seopress_robots_primary_cat":"none","_seopress_titles_title":"","_seopress_titles_desc":"","_seopress_robots_index":""},"product_brand":[3666],"product_cat":[1396,1382,1403,150,1391,82],"product_tag":[],"class_list":{"0":"post-809007","1":"product","2":"type-product","3":"status-publish","4":"has-post-thumbnail","6":"product_brand-petzl-de","7":"product_cat-arbeitsausrustung","8":"product_cat-arbeitskleidung","9":"product_cat-auffanggurte-und-sicherheitsausrustung","10":"product_cat-ausrustung","11":"product_cat-bekleidungs-accessoires","12":"product_cat-kleidung","13":"sws-gruppo-abb-libero-de","14":"sws-conto-ricavi-merci-rivendita-abbigliamento-de","15":"sws-gruppo-iva-iva81-de","17":"first","18":"instock","19":"shipping-taxable","20":"purchasable","21":"product-type-variable","22":"has-default-attributes"},"_links":{"self":[{"href":"https:\/\/lucacastelli.com\/de\/wp-json\/wp\/v2\/product\/809007","targetHints":{"allow":["GET"]}}],"collection":[{"href":"https:\/\/lucacastelli.com\/de\/wp-json\/wp\/v2\/product"}],"about":[{"href":"https:\/\/lucacastelli.com\/de\/wp-json\/wp\/v2\/types\/product"}],"wp:featuredmedia":[{"embeddable":true,"href":"https:\/\/lucacastelli.com\/de\/wp-json\/wp\/v2\/media\/808821"}],"wp:attachment":[{"href":"https:\/\/lucacastelli.com\/de\/wp-json\/wp\/v2\/media?parent=809007"}],"wp:term":[{"taxonomy":"product_brand","embeddable":true,"href":"https:\/\/lucacastelli.com\/de\/wp-json\/wp\/v2\/product_brand?post=809007"},{"taxonomy":"product_cat","embeddable":true,"href":"https:\/\/lucacastelli.com\/de\/wp-json\/wp\/v2\/product_cat?post=809007"},{"taxonomy":"product_tag","embeddable":true,"href":"https:\/\/lucacastelli.com\/de\/wp-json\/wp\/v2\/product_tag?post=809007"}],"curies":[{"name":"wp","href":"https:\/\/api.w.org\/{rel}","templated":true}]}}