{"id":808994,"date":"2026-03-18T09:35:34","date_gmt":"2026-03-18T08:35:34","guid":{"rendered":"https:\/\/lucacastelli.com\/prodotto\/petzl-absorbica-y-tie-back-mgo\/"},"modified":"2026-03-18T09:35:34","modified_gmt":"2026-03-18T08:35:34","slug":"petzl-absorbica-y-tie-back-mgo","status":"publish","type":"product","link":"https:\/\/lucacastelli.com\/de\/produkt\/petzl-absorbica-y-tie-back-mgo\/","title":{"rendered":"PETZL ABSORBICA\u00ae-Y TIE-BACK MGO"},"content":{"rendered":"<p class=\"productSubtitle\">Doppeltes Verbindungsmittel mit Zwischenumlenkringen, Falld\u00e4mpfer und integrierten MGO-Karabinern<\/p>\n<div class=\"productCaracteristiquesPosition inlineblock\">\n<p class=\"productCaracteristiques inlineblock\">ABSORBICA-Y TIE-BACK MGO ist ein doppeltes Verbindungsmittel mit Zwischenumlenkringen und integriertem kompaktem Falld\u00e4mpfer. Es ist f\u00fcr die vertikale Fortbewegung an gro\u00dfen Strukturen mit \u00dcberwindung von Zwischensicherungen konzipiert. Funktioniert f\u00fcr Benutzer mit einem Gewicht zwischen 60 und 140 kg. Das TIE-BACK-System erm\u00f6glicht das Umschlingen von Strukturen mit gro\u00dfem Querschnitt. Die Arme sind elastisch, um die Fortbewegung nicht zu behindern. Gebrauchsfertig dank der zwei gro\u00dfen MGO-Karabiner an den Enden der Verbindungsmittel und des Bm&#8217;D-Karabiners f\u00fcr die Verbindung zum Gurt.     <\/p>\n<\/div>\n<div class=\"list\">\n<p>Detaillierte Beschreibung<br \/>\nKonzipiert f\u00fcr die Fortbewegung an einer vertikalen Struktur mit \u00dcberwindung von Zwischensicherungen.<br \/>\nTIE-BACK-Zwischenumlenkringe am Verbindungsmittel erm\u00f6glichen das Umschlingen von Strukturen mit gro\u00dfem Querschnitt. Im Rettungsfall sind diese Ringe f\u00fcr den Retter leicht zug\u00e4nglich, auch wenn die Person nach dem Sturz am Verbindungsmittel h\u00e4ngt.<br \/>\nAbsorbiert die Energie im Sturzfall:<br \/>\n&#8211; progressives Aufrei\u00dfen des Gurtbands des Falld\u00e4mpfers zur Reduzierung der auf den Benutzer wirkenden Fangsto\u00dfkraft,<br \/>\n&#8211; funktioniert f\u00fcr Benutzer mit einem Gewicht zwischen 60 und 140 kg (1).<br \/>\nMinimaler Platzbedarf:<br \/>\n&#8211; sehr kompaktes Design des Falld\u00e4mpfers, um den Benutzer bei der Fortbewegung nicht zu behindern,<br \/>\n&#8211; elastische Arme, um die Fortbewegung nicht zu behindern.<br \/>\nRobuste Stoffh\u00fclle mit vereinfachtem \u00d6ffnungssystem zum Schutz des Falld\u00e4mpfers vor Abrieb und Spritzern, erm\u00f6glicht die regelm\u00e4\u00dfige Kontrolle des Falld\u00e4mpfers.<br \/>\nGebrauchsfertige L\u00f6sung: geliefert mit zwei gro\u00dfen MGO-Karabinern an den Enden der Verbindungsmittel f\u00fcr die Verbindung zur Metallstruktur und mit einem Bm&#8217;D-Karabiner f\u00fcr die Verbindung zum Gurt.<\/p>\n<p>(1) Im Rahmen der Norm CSA Z259.11-17 muss das Gewicht der Benutzer zwischen 75 und 140 kg liegen.<\/p>\n<\/div>\n<div class=\"list\">\n<ul>\n<li>Spezifikationen<br \/>\nZertifizierungen: &#8211; CE EN 355 (erf\u00fcllt die Anforderungen der RFU PPE-R\/11.074), &#8211; ANSI Z359.13, 12 ft. FF, &#8211; CSA Z259.11-17. &#8211; entspricht der japanischen Norm f\u00fcr Absturzsicherung, &#8211; GB\/T 24538: Typ II.<br \/>\nGesamtl\u00e4nge (Verbindungsmittel + Karabiner): 183 cm<br \/>\nMaterialien: Polyester, Polyamid, Polyethylen hoher Dichte, Aluminium  <\/li>\n<\/ul>\n<p>&nbsp;<\/p>\n<\/div>\n<table>\n<tbody>\n<tr>\n<th class=\"rowTitle\">Artikelnummer<\/th>\n<th>L015BB00<\/th>\n<\/tr>\n<tr>\n<td class=\"rowTitle\">L\u00e4nge mit Karabinern<\/td>\n<td>183 cm<\/td>\n<\/tr>\n<tr>\n<td class=\"rowTitle\">Gewicht<\/td>\n<td>1780 g<\/td>\n<\/tr>\n<tr>\n<td class=\"rowTitle\">Garantie<\/td>\n<td>3 Jahre<\/td>\n<\/tr>\n<tr>\n<td class=\"rowTitle\">Verpackung<\/td>\n<td>1<\/td>\n<\/tr>\n<\/tbody>\n<\/table>\n","protected":false},"excerpt":{"rendered":"<p>Doppeltes Verbindungsmittel mit Zwischenumlenkringen, Falld\u00e4mpfer und integrierten MGO-Karabinern ABSORBICA-Y TIE-BACK MGO ist ein doppeltes Verbindungsmittel mit Zwischenumlenkringen und integriertem kompaktem<\/p>\n","protected":false},"featured_media":808740,"template":"","meta":{"_seopress_robots_primary_cat":"none","_seopress_titles_title":"","_seopress_titles_desc":"","_seopress_robots_index":""},"product_brand":[3666],"product_cat":[1396,1403,150],"product_tag":[],"class_list":{"0":"post-808994","1":"product","2":"type-product","3":"status-publish","4":"has-post-thumbnail","6":"product_brand-petzl-de","7":"product_cat-arbeitsausrustung","8":"product_cat-auffanggurte-und-sicherheitsausrustung","9":"product_cat-ausrustung","10":"sws-gruppo-abb-libero-de","11":"sws-conto-ricavi-merci-rivendita-abbigliamento-de","12":"sws-gruppo-iva-iva81-de","14":"first","15":"instock","16":"shipping-taxable","17":"purchasable","18":"product-type-simple"},"_links":{"self":[{"href":"https:\/\/lucacastelli.com\/de\/wp-json\/wp\/v2\/product\/808994","targetHints":{"allow":["GET"]}}],"collection":[{"href":"https:\/\/lucacastelli.com\/de\/wp-json\/wp\/v2\/product"}],"about":[{"href":"https:\/\/lucacastelli.com\/de\/wp-json\/wp\/v2\/types\/product"}],"wp:featuredmedia":[{"embeddable":true,"href":"https:\/\/lucacastelli.com\/de\/wp-json\/wp\/v2\/media\/808740"}],"wp:attachment":[{"href":"https:\/\/lucacastelli.com\/de\/wp-json\/wp\/v2\/media?parent=808994"}],"wp:term":[{"taxonomy":"product_brand","embeddable":true,"href":"https:\/\/lucacastelli.com\/de\/wp-json\/wp\/v2\/product_brand?post=808994"},{"taxonomy":"product_cat","embeddable":true,"href":"https:\/\/lucacastelli.com\/de\/wp-json\/wp\/v2\/product_cat?post=808994"},{"taxonomy":"product_tag","embeddable":true,"href":"https:\/\/lucacastelli.com\/de\/wp-json\/wp\/v2\/product_tag?post=808994"}],"curies":[{"name":"wp","href":"https:\/\/api.w.org\/{rel}","templated":true}]}}