{"id":808964,"date":"2026-03-18T09:55:48","date_gmt":"2026-03-18T08:55:48","guid":{"rendered":"https:\/\/lucacastelli.com\/prodotto\/petzl-chestair\/"},"modified":"2026-03-18T09:55:48","modified_gmt":"2026-03-18T08:55:48","slug":"petzl-chestair","status":"publish","type":"product","link":"https:\/\/lucacastelli.com\/de\/produkt\/petzl-chestair\/","title":{"rendered":"PETZL CHEST&#8217;AIR"},"content":{"rendered":"<p class=\"productSubtitle\">Brustgurt f\u00fcr Sitz- und Haltegurte<\/p>\n<div class=\"productCaracteristiquesPosition inlineblock\">\n<p class=\"productCaracteristiques inlineblock\">Der CHEST&#8217;AIR-Brustgurt erm\u00f6glicht es, die Sitz- und Haltegurte FALCON, FALCON MOUNTAIN, AVAO SIT und SEQUOIA SRT in Auffanggurte zu verwandeln. Dank seiner Mehrfachzertifizierung kann der CHEST&#8217;AIR auch mit einem Kletter- und Bergsteigergurt kombiniert werden, um eine verletzte Person w\u00e4hrend der Rettung in einer aufrechten Position zu halten. Er wird einfach am vorderen Haltepunkt des Sitzgurtes befestigt und mit der FAST LT-Schnalle an der Brust geschlossen, was eine schnelle Installation erm\u00f6glicht. Dank der selbstverriegelnden DOUBLEBACK-Schnallen an den Schulterriemen und am Bauchgurt passt er sich problemlos allen K\u00f6rperformen an. Das Design mit 3D-Polsterung verleiht dem CHEST&#8217;AIR-Brustgurt zus\u00e4tzlichen Komfort beim H\u00e4ngen.    <\/p>\n<\/div>\n<div class=\"list\">\n<p>Detaillierte Beschreibung<br \/>\nVielseitig und komfortabel:<br \/>\n&#8211; am vorderen Haltepunkt befestigt, verwandelt er die Sitz- und Haltegurte FALCON, FALCON MOUNTAIN, AVAO SIT, AVAO SIT FAST und SEQUOIA SRT in Auffanggurte,<br \/>\n&#8211; kompatibel mit Sitzgurten zum Klettern und Bergsteigen, erm\u00f6glicht er das Halten einer verletzten Person in aufrechter Position (bei der Helikopterevakuierung),<br \/>\n&#8211; R\u00fcckenpartie und Schulterriemen mit 3D-Polsterung, vom Nacken abgesetzt, um Reibung zu reduzieren und zus\u00e4tzlichen Komfort beim H\u00e4ngen zu gew\u00e4hrleisten,<br \/>\n&#8211; sternale Auffang\u00f6se aus Gurtband, die bei Nichtgebrauch nicht st\u00f6rt.<br \/>\nEinfach und schnell anzulegen:<br \/>\n&#8211; schnelles An- und Ablegen dank der FAST LT-Schnalle im Brustbereich, auch mit dicker Kleidung,<br \/>\n&#8211; einfache und schnelle Einstellung durch selbstverriegelnde DOUBLEBACK-Schnallen an Bauchgurt und Schulterriemen,<br \/>\n&#8211; schnelle Verbindung mit der vorderen Halte\u00f6se des Sitzgurtes mittels eines OK TRIACT-LOCK-Karabiners,<br \/>\n&#8211; Transport von kleinerem Werkzeug m\u00f6glich dank der zwei Materialschlaufen an den Seiten.<br \/>\nSpezifikationen<br \/>\nSternale Auffang\u00f6se: Verbindung mit dem Auffangsystem<br \/>\nGewicht: 525 g<br \/>\nZertifizierung(en): CE EN 361, CE EN 12277 Typ D, UKCA, EAC<br \/>\nMaterialien: Polyamid, Polyester, Aluminium<br \/>\nBrustumfang: maximal 140 cm<\/p>\n<\/div>\n<p>&nbsp;<\/p>\n<table>\n<tbody>\n<tr>\n<th class=\"rowTitle\">Artikelnummern<\/th>\n<th>C098AA00<\/th>\n<\/tr>\n<tr>\n<td class=\"rowTitle\">Garantie<\/td>\n<td>3 Jahre<\/td>\n<\/tr>\n<tr>\n<td class=\"rowTitle\">Verpackung<\/td>\n<td>1<\/td>\n<\/tr>\n<\/tbody>\n<\/table>\n","protected":false},"excerpt":{"rendered":"<p>Brustgurt f\u00fcr Sitz- und Haltegurte Der CHEST&#8217;AIR-Brustgurt erm\u00f6glicht es, die Sitz- und Haltegurte FALCON, FALCON MOUNTAIN, AVAO SIT und SEQUOIA<\/p>\n","protected":false},"featured_media":808801,"template":"","meta":{"_seopress_robots_primary_cat":"","_seopress_titles_title":"","_seopress_titles_desc":"","_seopress_robots_index":""},"product_brand":[3666],"product_cat":[1396,1403],"product_tag":[],"class_list":{"0":"post-808964","1":"product","2":"type-product","3":"status-publish","4":"has-post-thumbnail","6":"product_brand-petzl-de","7":"product_cat-arbeitsausrustung","8":"product_cat-auffanggurte-und-sicherheitsausrustung","9":"sws-gruppo-abb-libero-de","10":"sws-conto-ricavi-merci-rivendita-abbigliamento-de","11":"sws-gruppo-iva-iva81-de","13":"first","14":"instock","15":"shipping-taxable","16":"purchasable","17":"product-type-simple"},"_links":{"self":[{"href":"https:\/\/lucacastelli.com\/de\/wp-json\/wp\/v2\/product\/808964","targetHints":{"allow":["GET"]}}],"collection":[{"href":"https:\/\/lucacastelli.com\/de\/wp-json\/wp\/v2\/product"}],"about":[{"href":"https:\/\/lucacastelli.com\/de\/wp-json\/wp\/v2\/types\/product"}],"wp:featuredmedia":[{"embeddable":true,"href":"https:\/\/lucacastelli.com\/de\/wp-json\/wp\/v2\/media\/808801"}],"wp:attachment":[{"href":"https:\/\/lucacastelli.com\/de\/wp-json\/wp\/v2\/media?parent=808964"}],"wp:term":[{"taxonomy":"product_brand","embeddable":true,"href":"https:\/\/lucacastelli.com\/de\/wp-json\/wp\/v2\/product_brand?post=808964"},{"taxonomy":"product_cat","embeddable":true,"href":"https:\/\/lucacastelli.com\/de\/wp-json\/wp\/v2\/product_cat?post=808964"},{"taxonomy":"product_tag","embeddable":true,"href":"https:\/\/lucacastelli.com\/de\/wp-json\/wp\/v2\/product_tag?post=808964"}],"curies":[{"name":"wp","href":"https:\/\/api.w.org\/{rel}","templated":true}]}}