{"id":808931,"date":"2026-03-18T09:44:34","date_gmt":"2026-03-18T08:44:34","guid":{"rendered":"https:\/\/lucacastelli.com\/prodotto\/petzl-eashook-open-2\/"},"modified":"2026-03-18T09:44:34","modified_gmt":"2026-03-18T08:44:34","slug":"petzl-eashook-open-2","status":"publish","type":"product","link":"https:\/\/lucacastelli.com\/de\/produkt\/petzl-eashook-open-2\/","title":{"rendered":"PETZL EASHOOK OPEN"},"content":{"rendered":"<p class=\"productSubtitle\">Verbindungselement mit aufschraubbarer Verbindungsstelle f\u00fcr doppelte Verbindungsmittel und Verbindungsmittel zur Arbeitsplatzpositionierung<\/p>\n<div class=\"productCaracteristiquesPosition inlineblock\">\n<p class=\"productCaracteristiques inlineblock\">Das EASHOOK OPEN-Verbindungselement ist f\u00fcr die Verwendung an den Enden eines doppelten Verbindungsmittels oder eines Verbindungsmittels zur Arbeitsplatzpositionierung konzipiert. Die aufschraubbare Verbindungsstelle erm\u00f6glicht die direkte Installation an den Verbindungsmitteln. Bei Besch\u00e4digung des Verbindungsmittels kann es wiederverwendet werden. Die hervorragende Handhabung und das automatische Verriegelungssystem erleichtern das Passieren von Zwischensicherungen.   <\/p>\n<\/div>\n<p>Detaillierte Beschreibung<br \/>\nKonzipiert f\u00fcr die Verwendung am Ende eines doppelten Verbindungsmittels vom Typ ABSORBICA-Y, PROGRESS oder PROGRESS ADJUST und eines Verbindungsmittels zur Arbeitsplatzpositionierung vom Typ GRILLON.<br \/>\nAbnehmbares Verbindungselement:<br \/>\n&#8211; Aufschraubbare Verbindungsstelle zur direkten Installation an den Verbindungsmitteln. Bei Besch\u00e4digung des Verbindungsmittels kann es wiederverwendet werden,<br \/>\n&#8211; Spezielle Verbindungsstelle zur Belastung in der L\u00e4ngsachse.<br \/>\nErleichtert das Passieren von Zwischensicherungen:<br \/>\n&#8211; hervorragende Handhabung dank ergonomischer Form,<br \/>\n&#8211; einfach zu bedienendes automatisches Doppelverriegelungssystem,<br \/>\n&#8211; gro\u00dfe \u00d6ffnung zum einfachen Einh\u00e4ngen des Verbindungselements,<br \/>\n&#8211; Keylock-System, um ein h\u00e4ngenbleiben des Verbindungselements zu verhindern,<br \/>\nH-Profil:<br \/>\n&#8211; gew\u00e4hrleistet ein optimales Verh\u00e4ltnis von Bruchlast und Gewicht,<br \/>\n&#8211; sch\u00fctzt die Markierungen vor Abrieb.<br \/>\nAuch in schwarzer Ausf\u00fchrung erh\u00e4ltlich.<br \/>\nSpezifikationen<br \/>\nMaterialien: Aluminium<br \/>\nZertifizierung(en): CE EN 362, CE EN 12275, XF 494: FZL-G-Q, GB\/T 23469\/A und T, EAC, entspricht den japanischen Absturzsicherungsvorschriften<\/p>\n<p>&nbsp;<\/p>\n<p>&nbsp;<\/p>\n<table>\n<tbody>\n<tr>\n<th class=\"rowTitle\">Artikelnummern<\/th>\n<th>M043AA00<\/th>\n<th>M043AA01<\/th>\n<\/tr>\n<tr>\n<td class=\"rowTitle\">Verriegelungssystem<\/td>\n<td>automatisch<\/td>\n<td>automatisch<\/td>\n<\/tr>\n<tr>\n<td class=\"rowTitle\">Farbe(n)<\/td>\n<td>grau\/gelb<\/td>\n<td>schwarz<\/td>\n<\/tr>\n<tr>\n<td class=\"rowTitle\">Gewicht<\/td>\n<td>160 g<\/td>\n<td>160 g<\/td>\n<\/tr>\n<tr>\n<td class=\"rowTitle\">Bruchlast L\u00e4ngsachse<\/td>\n<td>25 kN<\/td>\n<td>25 kN<\/td>\n<\/tr>\n<tr>\n<td class=\"rowTitle\">Bruchlast Schnapper offen<\/td>\n<td>10 kN<\/td>\n<td>10 kN<\/td>\n<\/tr>\n<tr>\n<td class=\"rowTitle\">\u00d6ffnung<\/td>\n<td>25 mm<\/td>\n<td>25 mm<\/td>\n<\/tr>\n<tr>\n<td class=\"rowTitle\">Garantie<\/td>\n<td>3 Jahre<\/td>\n<td>3 Jahre<\/td>\n<\/tr>\n<tr>\n<td class=\"rowTitle\">Verpackungseinheit<\/td>\n<td>1<\/td>\n<td>1<\/td>\n<\/tr>\n<\/tbody>\n<\/table>\n","protected":false},"excerpt":{"rendered":"<p>Verbindungselement mit aufschraubbarer Verbindungsstelle f\u00fcr doppelte Verbindungsmittel und Verbindungsmittel zur Arbeitsplatzpositionierung Das EASHOOK OPEN-Verbindungselement ist f\u00fcr die Verwendung an den<\/p>\n","protected":false},"featured_media":808780,"template":"","meta":{"_seopress_robots_primary_cat":"none","_seopress_titles_title":"","_seopress_titles_desc":"","_seopress_robots_index":""},"product_brand":[3666],"product_cat":[1396,1403,150],"product_tag":[],"class_list":{"0":"post-808931","1":"product","2":"type-product","3":"status-publish","4":"has-post-thumbnail","6":"product_brand-petzl-de","7":"product_cat-arbeitsausrustung","8":"product_cat-auffanggurte-und-sicherheitsausrustung","9":"product_cat-ausrustung","10":"sws-gruppo-macchinari-de","11":"sws-conto-ricavi-merci-rivendita-abbigliamento-de","12":"sws-gruppo-iva-iva81-de","14":"first","15":"instock","16":"shipping-taxable","17":"purchasable","18":"product-type-variable","19":"has-default-attributes"},"_links":{"self":[{"href":"https:\/\/lucacastelli.com\/de\/wp-json\/wp\/v2\/product\/808931","targetHints":{"allow":["GET"]}}],"collection":[{"href":"https:\/\/lucacastelli.com\/de\/wp-json\/wp\/v2\/product"}],"about":[{"href":"https:\/\/lucacastelli.com\/de\/wp-json\/wp\/v2\/types\/product"}],"wp:featuredmedia":[{"embeddable":true,"href":"https:\/\/lucacastelli.com\/de\/wp-json\/wp\/v2\/media\/808780"}],"wp:attachment":[{"href":"https:\/\/lucacastelli.com\/de\/wp-json\/wp\/v2\/media?parent=808931"}],"wp:term":[{"taxonomy":"product_brand","embeddable":true,"href":"https:\/\/lucacastelli.com\/de\/wp-json\/wp\/v2\/product_brand?post=808931"},{"taxonomy":"product_cat","embeddable":true,"href":"https:\/\/lucacastelli.com\/de\/wp-json\/wp\/v2\/product_cat?post=808931"},{"taxonomy":"product_tag","embeddable":true,"href":"https:\/\/lucacastelli.com\/de\/wp-json\/wp\/v2\/product_tag?post=808931"}],"curies":[{"name":"wp","href":"https:\/\/api.w.org\/{rel}","templated":true}]}}