{"id":808928,"date":"2026-03-18T09:43:13","date_gmt":"2026-03-18T08:43:13","guid":{"rendered":"https:\/\/lucacastelli.com\/prodotto\/petzl-eashook-open\/"},"modified":"2026-03-18T09:43:13","modified_gmt":"2026-03-18T08:43:13","slug":"petzl-eashook-open","status":"publish","type":"product","link":"https:\/\/lucacastelli.com\/de\/produkt\/petzl-eashook-open\/","title":{"rendered":"PETZL EASHOOK OPEN"},"content":{"rendered":"<p class=\"productSubtitle\">Karabiner mit \u00f6ffnbarem Anschlusspunkt f\u00fcr doppelte Verbindungsmittel und Positionierungsverbindungsmittel<\/p>\n<div class=\"productCaracteristiquesPosition inlineblock\">\n<p class=\"productCaracteristiques inlineblock\">Der Karabiner EASHOOK OPEN ist f\u00fcr die Verwendung an den Enden eines doppelten Verbindungsmittels oder Positionierungsverbindungsmittels konzipiert. Der \u00f6ffnbare Anschlusspunkt erm\u00f6glicht die direkte Installation des Karabiners an den Verbindungsmitteln. Bei Besch\u00e4digung des Verbindungsmittels kann er wiederverwendet werden. Der ausgezeichnete Griff und das automatische Verriegelungssystem erleichtern die Man\u00f6ver beim Passieren von Zwischensicherungen.   <\/p>\n<\/div>\n<p>Detaillierte Beschreibung<br \/>\nKonzipiert f\u00fcr die Verwendung am Ende eines doppelten Verbindungsmittels vom Typ ABSORBICA-Y, PROGRESS oder PROGRESS ADJUST und eines Positionierungsverbindungsmittels vom Typ GRILLON.<br \/>\nAbnehmbarer Karabiner:<br \/>\n&#8211; \u00f6ffnbarer Anschlusspunkt zur direkten Installation des Karabiners an den Verbindungsmitteln. Bei Besch\u00e4digung des Verbindungsmittels kann er wiederverwendet werden,<br \/>\n&#8211; dedizierter Anschlusspunkt zur Beg\u00fcnstigung der Arbeit auf der L\u00e4ngsachse.<br \/>\nErleichtert die Man\u00f6ver beim \u00dcberwinden von Zwischensicherungen:<br \/>\n&#8211; ausgezeichneter Griff dank ergonomischer Form,<br \/>\n&#8211; einfach zu bedienendes automatisches Verriegelungssystem mit doppelter Sicherung,<br \/>\n&#8211; gro\u00dfe \u00d6ffnung zur Erleichterung der Karabinerverbindung,<br \/>\n&#8211; Keylock-System zur Vermeidung unbeabsichtigten Einh\u00e4ngens des Karabiners,<br \/>\nH-Profil:<br \/>\n&#8211; gew\u00e4hrleistet das beste Verh\u00e4ltnis von Festigkeit zu Gewicht,<br \/>\n&#8211; sch\u00fctzt die Kennzeichnungen vor Abrieb.<br \/>\nAuch in schwarzer Ausf\u00fchrung erh\u00e4ltlich.<br \/>\nSpezifikationen<br \/>\nMaterialien: Aluminium<br \/>\nZertifizierung(en): CE EN 362, CE EN 12275, XF 494: FZL-G-Q, GB\/T 23469\/A and T, EAC, entspricht der japanischen Absturzschutzverordnung<\/p>\n<p>&nbsp;<\/p>\n<p>&nbsp;<\/p>\n<table>\n<tbody>\n<tr>\n<th class=\"rowTitle\">Artikelnummern<\/th>\n<th>M043AA00<\/th>\n<th>M043AA01<\/th>\n<\/tr>\n<tr>\n<td class=\"rowTitle\">Verriegelungssystem<\/td>\n<td>automatisch<\/td>\n<td>automatisch<\/td>\n<\/tr>\n<tr>\n<td class=\"rowTitle\">Farbe(n)<\/td>\n<td>grau\/gelb<\/td>\n<td>schwarz<\/td>\n<\/tr>\n<tr>\n<td class=\"rowTitle\">Gewicht<\/td>\n<td>160 g<\/td>\n<td>160 g<\/td>\n<\/tr>\n<tr>\n<td class=\"rowTitle\">Festigkeit L\u00e4ngsachse<\/td>\n<td>25 kN<\/td>\n<td>25 kN<\/td>\n<\/tr>\n<tr>\n<td class=\"rowTitle\">Festigkeit offener Schnapper<\/td>\n<td>10 kN<\/td>\n<td>10 kN<\/td>\n<\/tr>\n<tr>\n<td class=\"rowTitle\">\u00d6ffnung<\/td>\n<td>25 mm<\/td>\n<td>25 mm<\/td>\n<\/tr>\n<tr>\n<td class=\"rowTitle\">Garantie<\/td>\n<td>3 Jahre<\/td>\n<td>3 Jahre<\/td>\n<\/tr>\n<tr>\n<td class=\"rowTitle\">Verpackung<\/td>\n<td>1<\/td>\n<td>1<\/td>\n<\/tr>\n<\/tbody>\n<\/table>\n","protected":false},"excerpt":{"rendered":"<p>Karabiner mit \u00f6ffnbarem Anschlusspunkt f\u00fcr doppelte Verbindungsmittel und Positionierungsverbindungsmittel Der Karabiner EASHOOK OPEN ist f\u00fcr die Verwendung an den Enden<\/p>\n","protected":false},"featured_media":808757,"template":"","meta":{"_seopress_robots_primary_cat":"","_seopress_titles_title":"","_seopress_titles_desc":"","_seopress_robots_index":""},"product_brand":[3666],"product_cat":[1396,1403,150],"product_tag":[],"class_list":{"0":"post-808928","1":"product","2":"type-product","3":"status-publish","4":"has-post-thumbnail","6":"product_brand-petzl-de","7":"product_cat-arbeitsausrustung","8":"product_cat-auffanggurte-und-sicherheitsausrustung","9":"product_cat-ausrustung","10":"sws-gruppo-abb-libero-de","11":"sws-conto-ricavi-merci-rivendita-abbigliamento-de","12":"sws-gruppo-iva-iva81-de","14":"first","15":"instock","16":"shipping-taxable","17":"purchasable","18":"product-type-variable","19":"has-default-attributes"},"_links":{"self":[{"href":"https:\/\/lucacastelli.com\/de\/wp-json\/wp\/v2\/product\/808928","targetHints":{"allow":["GET"]}}],"collection":[{"href":"https:\/\/lucacastelli.com\/de\/wp-json\/wp\/v2\/product"}],"about":[{"href":"https:\/\/lucacastelli.com\/de\/wp-json\/wp\/v2\/types\/product"}],"wp:featuredmedia":[{"embeddable":true,"href":"https:\/\/lucacastelli.com\/de\/wp-json\/wp\/v2\/media\/808757"}],"wp:attachment":[{"href":"https:\/\/lucacastelli.com\/de\/wp-json\/wp\/v2\/media?parent=808928"}],"wp:term":[{"taxonomy":"product_brand","embeddable":true,"href":"https:\/\/lucacastelli.com\/de\/wp-json\/wp\/v2\/product_brand?post=808928"},{"taxonomy":"product_cat","embeddable":true,"href":"https:\/\/lucacastelli.com\/de\/wp-json\/wp\/v2\/product_cat?post=808928"},{"taxonomy":"product_tag","embeddable":true,"href":"https:\/\/lucacastelli.com\/de\/wp-json\/wp\/v2\/product_tag?post=808928"}],"curies":[{"name":"wp","href":"https:\/\/api.w.org\/{rel}","templated":true}]}}